{"id":951,"date":"2023-06-12T15:49:56","date_gmt":"2023-06-12T15:49:56","guid":{"rendered":"https:\/\/www.refugiocaninotorres.es\/?page_id=951"},"modified":"2025-08-01T09:45:15","modified_gmt":"2025-08-01T09:45:15","slug":"chiqui","status":"publish","type":"page","link":"https:\/\/www.refugiocaninotorres.es\/?page_id=951","title":{"rendered":"Chiqui"},"content":{"rendered":"<table>\n<tbody>\n<tr>\n<td style=\"text-align: center;\"><img loading=\"lazy\" decoding=\"async\" class=\"alignnone wp-image-954 size-medium\" src=\"https:\/\/www.refugiocaninotorres.es\/wp-content\/uploads\/2023\/06\/DSC_0428-300x200.jpg\" alt=\"\" width=\"300\" height=\"200\" srcset=\"https:\/\/www.refugiocaninotorres.es\/wp-content\/uploads\/2023\/06\/DSC_0428-300x200.jpg 300w, https:\/\/www.refugiocaninotorres.es\/wp-content\/uploads\/2023\/06\/DSC_0428-1024x683.jpg 1024w, https:\/\/www.refugiocaninotorres.es\/wp-content\/uploads\/2023\/06\/DSC_0428-768x512.jpg 768w, https:\/\/www.refugiocaninotorres.es\/wp-content\/uploads\/2023\/06\/DSC_0428-1536x1024.jpg 1536w, https:\/\/www.refugiocaninotorres.es\/wp-content\/uploads\/2023\/06\/DSC_0428-2048x1365.jpg 2048w, https:\/\/www.refugiocaninotorres.es\/wp-content\/uploads\/2023\/06\/DSC_0428-1140x760.jpg 1140w, https:\/\/www.refugiocaninotorres.es\/wp-content\/uploads\/2023\/06\/DSC_0428-570x380.jpg 570w, https:\/\/www.refugiocaninotorres.es\/wp-content\/uploads\/2023\/06\/DSC_0428-380x254.jpg 380w, https:\/\/www.refugiocaninotorres.es\/wp-content\/uploads\/2023\/06\/DSC_0428-285x190.jpg 285w\" sizes=\"auto, (max-width: 300px) 100vw, 300px\" \/><\/td>\n<td><img loading=\"lazy\" decoding=\"async\" class=\"alignnone wp-image-952 size-medium\" src=\"https:\/\/www.refugiocaninotorres.es\/wp-content\/uploads\/2023\/06\/DSC_0426-300x200.jpg\" alt=\"\" width=\"300\" height=\"200\" srcset=\"https:\/\/www.refugiocaninotorres.es\/wp-content\/uploads\/2023\/06\/DSC_0426-300x200.jpg 300w, https:\/\/www.refugiocaninotorres.es\/wp-content\/uploads\/2023\/06\/DSC_0426-1024x683.jpg 1024w, https:\/\/www.refugiocaninotorres.es\/wp-content\/uploads\/2023\/06\/DSC_0426-768x512.jpg 768w, https:\/\/www.refugiocaninotorres.es\/wp-content\/uploads\/2023\/06\/DSC_0426-1536x1024.jpg 1536w, https:\/\/www.refugiocaninotorres.es\/wp-content\/uploads\/2023\/06\/DSC_0426-2048x1365.jpg 2048w, https:\/\/www.refugiocaninotorres.es\/wp-content\/uploads\/2023\/06\/DSC_0426-1140x760.jpg 1140w, https:\/\/www.refugiocaninotorres.es\/wp-content\/uploads\/2023\/06\/DSC_0426-570x380.jpg 570w, https:\/\/www.refugiocaninotorres.es\/wp-content\/uploads\/2023\/06\/DSC_0426-380x254.jpg 380w, https:\/\/www.refugiocaninotorres.es\/wp-content\/uploads\/2023\/06\/DSC_0426-285x190.jpg 285w\" sizes=\"auto, (max-width: 300px) 100vw, 300px\" \/><\/td>\n<td><img loading=\"lazy\" decoding=\"async\" class=\"alignnone wp-image-953 size-medium\" src=\"https:\/\/www.refugiocaninotorres.es\/wp-content\/uploads\/2023\/06\/DSC_0427-300x200.jpg\" alt=\"\" width=\"300\" height=\"200\" srcset=\"https:\/\/www.refugiocaninotorres.es\/wp-content\/uploads\/2023\/06\/DSC_0427-300x200.jpg 300w, https:\/\/www.refugiocaninotorres.es\/wp-content\/uploads\/2023\/06\/DSC_0427-1024x683.jpg 1024w, https:\/\/www.refugiocaninotorres.es\/wp-content\/uploads\/2023\/06\/DSC_0427-768x512.jpg 768w, https:\/\/www.refugiocaninotorres.es\/wp-content\/uploads\/2023\/06\/DSC_0427-1536x1024.jpg 1536w, https:\/\/www.refugiocaninotorres.es\/wp-content\/uploads\/2023\/06\/DSC_0427-2048x1365.jpg 2048w, https:\/\/www.refugiocaninotorres.es\/wp-content\/uploads\/2023\/06\/DSC_0427-1140x760.jpg 1140w, https:\/\/www.refugiocaninotorres.es\/wp-content\/uploads\/2023\/06\/DSC_0427-570x380.jpg 570w, https:\/\/www.refugiocaninotorres.es\/wp-content\/uploads\/2023\/06\/DSC_0427-380x254.jpg 380w, https:\/\/www.refugiocaninotorres.es\/wp-content\/uploads\/2023\/06\/DSC_0427-285x190.jpg 285w\" sizes=\"auto, (max-width: 300px) 100vw, 300px\" \/><\/td>\n<\/tr>\n<\/tbody>\n<\/table>\n<p style=\"text-align: center;\"><span style=\"font-size: 16pt;\"><span style=\"color: #99cc00;\"><span style=\"font-size: 16pt; color: #99cc00;\"><b style=\"color: #99cc00; font-size: 16pt;\">Nuestro Chiqui se merece una nueva OPORTUNIDAD<\/b><\/span><\/span><\/span><\/p>\n<p><span style=\"text-decoration: underline;\"><strong>HISTORIA<\/strong><\/span><\/p>\n<p><strong>Nombre<\/strong>: Chiqui<br \/>\n<strong>A\u00f1o de nacimiento<\/strong>: 2015<br \/>\n<strong>Sexo<\/strong> \u2642<br \/>\n<b>Raza: <\/b>Mestizo &#8211; PPP<\/p>\n<p>Chiqui fue adoptado en nuestra protectora cuando era un cachorro y devuelto 6 a\u00f1os despu\u00e9s porque atacaba a perros. Por casos as\u00ed, somos tan insistentes con la importancia de socializar y ense\u00f1ar adecuadamente a cachorros.<\/p>\n<p>Es un perro que tiene mucha energ\u00eda y fuerza, le encanta pasear, estar con gente y jugar. Con personas es un perro super cari\u00f1oso y le encanta tumbarse a tu lado cuando ha terminado el paseo.<\/p>\n<p>Es dominante con machos pero en apariencia con hembras no se lleva mal. Se merece una segunda oportunidad, una de las buenas!.<\/p>\n<p>Chiqui esta catalogado como PPP as\u00ed que necesita licencia y seguro.<\/p>\n","protected":false},"excerpt":{"rendered":"<p>Nuestro Chiqui se merece una nueva OPORTUNIDAD HISTORIA Nombre: Chiqui A\u00f1o de nacimiento: 2015 Sexo \u2642 Raza: Mestizo &#8211; PPP Chiqui fue adoptado en nuestra protectora cuando era un cachorro y devuelto 6 a\u00f1os despu\u00e9s porque atacaba a perros. Por casos as\u00ed, somos tan insistentes con la importancia de socializar y ense\u00f1ar adecuadamente a cachorros.<\/p>\n<p><a href=\"https:\/\/www.refugiocaninotorres.es\/?page_id=951\" class=\"more-link themebutton\">Leer m\u00e1s<\/a><\/p>\n","protected":false},"author":2,"featured_media":0,"parent":114,"menu_order":0,"comment_status":"closed","ping_status":"closed","template":"","meta":{"footnotes":""},"class_list":["post-951","page","type-page","status-publish","hentry"],"_links":{"self":[{"href":"https:\/\/www.refugiocaninotorres.es\/index.php?rest_route=\/wp\/v2\/pages\/951","targetHints":{"allow":["GET"]}}],"collection":[{"href":"https:\/\/www.refugiocaninotorres.es\/index.php?rest_route=\/wp\/v2\/pages"}],"about":[{"href":"https:\/\/www.refugiocaninotorres.es\/index.php?rest_route=\/wp\/v2\/types\/page"}],"author":[{"embeddable":true,"href":"https:\/\/www.refugiocaninotorres.es\/index.php?rest_route=\/wp\/v2\/users\/2"}],"replies":[{"embeddable":true,"href":"https:\/\/www.refugiocaninotorres.es\/index.php?rest_route=%2Fwp%2Fv2%2Fcomments&post=951"}],"version-history":[{"count":1,"href":"https:\/\/www.refugiocaninotorres.es\/index.php?rest_route=\/wp\/v2\/pages\/951\/revisions"}],"predecessor-version":[{"id":955,"href":"https:\/\/www.refugiocaninotorres.es\/index.php?rest_route=\/wp\/v2\/pages\/951\/revisions\/955"}],"up":[{"embeddable":true,"href":"https:\/\/www.refugiocaninotorres.es\/index.php?rest_route=\/wp\/v2\/pages\/114"}],"wp:attachment":[{"href":"https:\/\/www.refugiocaninotorres.es\/index.php?rest_route=%2Fwp%2Fv2%2Fmedia&parent=951"}],"curies":[{"name":"wp","href":"https:\/\/api.w.org\/{rel}","templated":true}]}}