{"id":912,"date":"2023-04-14T18:08:18","date_gmt":"2023-04-14T18:08:18","guid":{"rendered":"https:\/\/www.refugiocaninotorres.es\/?page_id=912"},"modified":"2025-10-26T18:43:19","modified_gmt":"2025-10-26T18:43:19","slug":"tejo","status":"publish","type":"page","link":"https:\/\/www.refugiocaninotorres.es\/?page_id=912","title":{"rendered":"Gemelos"},"content":{"rendered":"<table>\n<tbody>\n<tr>\n<td style=\"text-align: center;\"><img loading=\"lazy\" decoding=\"async\" class=\"alignnone wp-image-931 size-medium\" src=\"https:\/\/www.refugiocaninotorres.es\/wp-content\/uploads\/2023\/05\/Enebro-175x300.jpg\" alt=\"\" width=\"175\" height=\"300\" srcset=\"https:\/\/www.refugiocaninotorres.es\/wp-content\/uploads\/2023\/05\/Enebro-175x300.jpg 175w, https:\/\/www.refugiocaninotorres.es\/wp-content\/uploads\/2023\/05\/Enebro-598x1024.jpg 598w, https:\/\/www.refugiocaninotorres.es\/wp-content\/uploads\/2023\/05\/Enebro-768x1314.jpg 768w, https:\/\/www.refugiocaninotorres.es\/wp-content\/uploads\/2023\/05\/Enebro-898x1536.jpg 898w, https:\/\/www.refugiocaninotorres.es\/wp-content\/uploads\/2023\/05\/Enebro-1197x2048.jpg 1197w, https:\/\/www.refugiocaninotorres.es\/wp-content\/uploads\/2023\/05\/Enebro-scaled.jpg 1496w\" sizes=\"auto, (max-width: 175px) 100vw, 175px\" \/><\/td>\n<td><img loading=\"lazy\" decoding=\"async\" class=\"alignnone wp-image-872 size-medium\" src=\"https:\/\/www.refugiocaninotorres.es\/wp-content\/uploads\/2023\/04\/DSC_0277-300x200.jpg\" alt=\"\" width=\"300\" height=\"200\" srcset=\"https:\/\/www.refugiocaninotorres.es\/wp-content\/uploads\/2023\/04\/DSC_0277-300x200.jpg 300w, https:\/\/www.refugiocaninotorres.es\/wp-content\/uploads\/2023\/04\/DSC_0277-1024x683.jpg 1024w, https:\/\/www.refugiocaninotorres.es\/wp-content\/uploads\/2023\/04\/DSC_0277-768x512.jpg 768w, https:\/\/www.refugiocaninotorres.es\/wp-content\/uploads\/2023\/04\/DSC_0277-1536x1024.jpg 1536w, https:\/\/www.refugiocaninotorres.es\/wp-content\/uploads\/2023\/04\/DSC_0277-2048x1365.jpg 2048w, https:\/\/www.refugiocaninotorres.es\/wp-content\/uploads\/2023\/04\/DSC_0277-1140x760.jpg 1140w, https:\/\/www.refugiocaninotorres.es\/wp-content\/uploads\/2023\/04\/DSC_0277-570x380.jpg 570w, https:\/\/www.refugiocaninotorres.es\/wp-content\/uploads\/2023\/04\/DSC_0277-380x254.jpg 380w, https:\/\/www.refugiocaninotorres.es\/wp-content\/uploads\/2023\/04\/DSC_0277-285x190.jpg 285w\" sizes=\"auto, (max-width: 300px) 100vw, 300px\" \/><\/td>\n<td><img loading=\"lazy\" decoding=\"async\" class=\"alignnone wp-image-930 size-medium\" src=\"https:\/\/www.refugiocaninotorres.es\/wp-content\/uploads\/2023\/05\/Roble-300x169.jpg\" alt=\"\" width=\"300\" height=\"169\" srcset=\"https:\/\/www.refugiocaninotorres.es\/wp-content\/uploads\/2023\/05\/Roble-300x169.jpg 300w, https:\/\/www.refugiocaninotorres.es\/wp-content\/uploads\/2023\/05\/Roble-1024x576.jpg 1024w, https:\/\/www.refugiocaninotorres.es\/wp-content\/uploads\/2023\/05\/Roble-768x432.jpg 768w, https:\/\/www.refugiocaninotorres.es\/wp-content\/uploads\/2023\/05\/Roble-1536x864.jpg 1536w, https:\/\/www.refugiocaninotorres.es\/wp-content\/uploads\/2023\/05\/Roble-2048x1152.jpg 2048w\" sizes=\"auto, (max-width: 300px) 100vw, 300px\" \/><\/td>\n<td><img loading=\"lazy\" decoding=\"async\" class=\"alignnone size-medium wp-image-1304\" src=\"https:\/\/www.refugiocaninotorres.es\/wp-content\/uploads\/2025\/10\/20241229_161046-225x300.jpg\" alt=\"\" width=\"225\" height=\"300\" srcset=\"https:\/\/www.refugiocaninotorres.es\/wp-content\/uploads\/2025\/10\/20241229_161046-225x300.jpg 225w, https:\/\/www.refugiocaninotorres.es\/wp-content\/uploads\/2025\/10\/20241229_161046-768x1024.jpg 768w, https:\/\/www.refugiocaninotorres.es\/wp-content\/uploads\/2025\/10\/20241229_161046-1152x1536.jpg 1152w, https:\/\/www.refugiocaninotorres.es\/wp-content\/uploads\/2025\/10\/20241229_161046-1536x2048.jpg 1536w, https:\/\/www.refugiocaninotorres.es\/wp-content\/uploads\/2025\/10\/20241229_161046.jpg 1848w\" sizes=\"auto, (max-width: 225px) 100vw, 225px\" \/><\/td>\n<\/tr>\n<\/tbody>\n<\/table>\n<p style=\"text-align: center;\"><span style=\"font-size: 16pt;\"><span style=\"color: #99cc00;\"><span style=\"font-size: 16pt; color: #99cc00;\"><b style=\"color: #99cc00; font-size: 16pt;\">Enebro, Tejo, Roble y Brezo, los gemelos golpean&#8230; cuatro veces.<\/b><\/span><\/span><\/span><\/p>\n<p><span style=\"text-decoration: underline;\"><strong>HISTORIA<\/strong><\/span><\/p>\n<p><strong>Nombre<\/strong>: Enebro, Tejo, Roble y Brezo<br \/>\n<strong>A\u00f1o de nacimiento<\/strong>: 2021<br \/>\n<strong>Sexo<\/strong> \u2642<br \/>\n<b>Raza: <\/b>Mestizo de San Bernardo y Lobero<\/p>\n<p>Enebro, Tejo, Roble y Brezo se han criado en la protectora, ya que los recogimos cuando ten\u00edan 4 meses. Pero el ser tan grandes, activos y con ganas eternas de jugar ha hecho que no se hayan fijado en ellos o s\u00f3lo lo haya hecho gente que quer\u00eda \u201calarmas\u201d para sus fincas. Pero nuestros gemelos son mucho m\u00e1s que eso, son perros que adoran pasear, juguetones, cari\u00f1osos, besucones, glotones, adoran el agua, el sol y echarse siestas; son sociables y aunque les falta algo de educaci\u00f3n y buenos modales se merecen un hogar donde se cr\u00eden como un miembro m\u00e1s, acompa\u00f1ados y queridos. Quien adopte a un cachorr\u00f3n as\u00ed debe ser consciente de que mete en su casa a un ser capaz de poner todo patas arriba en segundos, pero que llenar\u00e1 todo de amor y babas tama\u00f1o XL durante muchos a\u00f1os.<\/p>\n","protected":false},"excerpt":{"rendered":"<p>Enebro, Tejo, Roble y Brezo, los gemelos golpean&#8230; cuatro veces. HISTORIA Nombre: Enebro, Tejo, Roble y Brezo A\u00f1o de nacimiento: 2021 Sexo \u2642 Raza: Mestizo de San Bernardo y Lobero Enebro, Tejo, Roble y Brezo se han criado en la protectora, ya que los recogimos cuando ten\u00edan 4 meses. Pero el ser tan grandes, activos<\/p>\n<p><a href=\"https:\/\/www.refugiocaninotorres.es\/?page_id=912\" class=\"more-link themebutton\">Leer m\u00e1s<\/a><\/p>\n","protected":false},"author":2,"featured_media":0,"parent":114,"menu_order":0,"comment_status":"closed","ping_status":"closed","template":"","meta":{"footnotes":""},"class_list":["post-912","page","type-page","status-publish","hentry"],"_links":{"self":[{"href":"https:\/\/www.refugiocaninotorres.es\/index.php?rest_route=\/wp\/v2\/pages\/912","targetHints":{"allow":["GET"]}}],"collection":[{"href":"https:\/\/www.refugiocaninotorres.es\/index.php?rest_route=\/wp\/v2\/pages"}],"about":[{"href":"https:\/\/www.refugiocaninotorres.es\/index.php?rest_route=\/wp\/v2\/types\/page"}],"author":[{"embeddable":true,"href":"https:\/\/www.refugiocaninotorres.es\/index.php?rest_route=\/wp\/v2\/users\/2"}],"replies":[{"embeddable":true,"href":"https:\/\/www.refugiocaninotorres.es\/index.php?rest_route=%2Fwp%2Fv2%2Fcomments&post=912"}],"version-history":[{"count":4,"href":"https:\/\/www.refugiocaninotorres.es\/index.php?rest_route=\/wp\/v2\/pages\/912\/revisions"}],"predecessor-version":[{"id":1306,"href":"https:\/\/www.refugiocaninotorres.es\/index.php?rest_route=\/wp\/v2\/pages\/912\/revisions\/1306"}],"up":[{"embeddable":true,"href":"https:\/\/www.refugiocaninotorres.es\/index.php?rest_route=\/wp\/v2\/pages\/114"}],"wp:attachment":[{"href":"https:\/\/www.refugiocaninotorres.es\/index.php?rest_route=%2Fwp%2Fv2%2Fmedia&parent=912"}],"curies":[{"name":"wp","href":"https:\/\/api.w.org\/{rel}","templated":true}]}}