{"id":901,"date":"2023-04-14T17:53:38","date_gmt":"2023-04-14T17:53:38","guid":{"rendered":"https:\/\/www.refugiocaninotorres.es\/?page_id=901"},"modified":"2025-08-01T10:28:12","modified_gmt":"2025-08-01T10:28:12","slug":"camin","status":"publish","type":"page","link":"https:\/\/www.refugiocaninotorres.es\/?page_id=901","title":{"rendered":"Camin"},"content":{"rendered":"<table>\n<tbody>\n<tr>\n<td style=\"text-align: center;\"><img loading=\"lazy\" decoding=\"async\" class=\"alignnone wp-image-1279 size-medium\" src=\"https:\/\/www.refugiocaninotorres.es\/wp-content\/uploads\/2025\/08\/20240828_1409102-240x300.jpg\" alt=\"\" width=\"240\" height=\"300\" srcset=\"https:\/\/www.refugiocaninotorres.es\/wp-content\/uploads\/2025\/08\/20240828_1409102-240x300.jpg 240w, https:\/\/www.refugiocaninotorres.es\/wp-content\/uploads\/2025\/08\/20240828_1409102-819x1024.jpg 819w, https:\/\/www.refugiocaninotorres.es\/wp-content\/uploads\/2025\/08\/20240828_1409102-768x960.jpg 768w, https:\/\/www.refugiocaninotorres.es\/wp-content\/uploads\/2025\/08\/20240828_1409102.jpg 1043w\" sizes=\"auto, (max-width: 240px) 100vw, 240px\" \/><\/td>\n<td><img loading=\"lazy\" decoding=\"async\" class=\"alignnone wp-image-1277 size-medium\" src=\"https:\/\/www.refugiocaninotorres.es\/wp-content\/uploads\/2025\/08\/20241230_1617372-300x240.jpg\" alt=\"\" width=\"300\" height=\"240\" srcset=\"https:\/\/www.refugiocaninotorres.es\/wp-content\/uploads\/2025\/08\/20241230_1617372-300x240.jpg 300w, https:\/\/www.refugiocaninotorres.es\/wp-content\/uploads\/2025\/08\/20241230_1617372-1024x819.jpg 1024w, https:\/\/www.refugiocaninotorres.es\/wp-content\/uploads\/2025\/08\/20241230_1617372-768x614.jpg 768w, https:\/\/www.refugiocaninotorres.es\/wp-content\/uploads\/2025\/08\/20241230_1617372-1536x1229.jpg 1536w, https:\/\/www.refugiocaninotorres.es\/wp-content\/uploads\/2025\/08\/20241230_1617372-2048x1638.jpg 2048w\" sizes=\"auto, (max-width: 300px) 100vw, 300px\" \/><\/td>\n<td><img loading=\"lazy\" decoding=\"async\" class=\"alignnone wp-image-1278 size-medium\" src=\"https:\/\/www.refugiocaninotorres.es\/wp-content\/uploads\/2025\/08\/20240828_140912-300x300.jpg\" alt=\"\" width=\"300\" height=\"300\" srcset=\"https:\/\/www.refugiocaninotorres.es\/wp-content\/uploads\/2025\/08\/20240828_140912-300x300.jpg 300w, https:\/\/www.refugiocaninotorres.es\/wp-content\/uploads\/2025\/08\/20240828_140912-1024x1024.jpg 1024w, https:\/\/www.refugiocaninotorres.es\/wp-content\/uploads\/2025\/08\/20240828_140912-150x150.jpg 150w, https:\/\/www.refugiocaninotorres.es\/wp-content\/uploads\/2025\/08\/20240828_140912-768x768.jpg 768w, https:\/\/www.refugiocaninotorres.es\/wp-content\/uploads\/2025\/08\/20240828_140912-1536x1536.jpg 1536w, https:\/\/www.refugiocaninotorres.es\/wp-content\/uploads\/2025\/08\/20240828_140912-570x570.jpg 570w, https:\/\/www.refugiocaninotorres.es\/wp-content\/uploads\/2025\/08\/20240828_140912-380x380.jpg 380w, https:\/\/www.refugiocaninotorres.es\/wp-content\/uploads\/2025\/08\/20240828_140912-285x285.jpg 285w, https:\/\/www.refugiocaninotorres.es\/wp-content\/uploads\/2025\/08\/20240828_140912.jpg 1770w\" sizes=\"auto, (max-width: 300px) 100vw, 300px\" \/><\/td>\n<\/tr>\n<\/tbody>\n<\/table>\n<p style=\"text-align: center;\"><span style=\"font-size: 16pt;\"><span style=\"color: #99cc00;\"><span style=\"font-size: 16pt; color: #99cc00;\"><b style=\"color: #99cc00; font-size: 16pt;\">Besos XXL<\/b><\/span><\/span><\/span><\/p>\n<p><span style=\"text-decoration: underline;\"><strong>HISTORIA<\/strong><\/span><\/p>\n<p><strong>Nombre<\/strong>: Camin<br \/>\n<strong>A\u00f1o de nacimiento<\/strong>: 2022<br \/>\n<strong>Sexo<\/strong> \u2642<br \/>\n<b>Raza: <\/b>Mestizo de Mastin<\/p>\n<p>A Cam\u00edn lo recogimos en el monte, lo hab\u00edan dejado abandonado all\u00ed o le ten\u00edan para cuidar un ganado y no iban nunca a atenderle. Estaba muy delgado y hambriento, con alergias en la piel, heridas y muy asustado. Ha mejorado un mont\u00f3n en estos meses con nosotros\u00a0 y nos ha dejado ver al perro que se escond\u00eda detr\u00e1s de ese miedo: sociable, juguet\u00f3n y un perro alegre cuando se siente seguro, cari\u00f1oso, alegre y muy tierno. Le encanta pasear y dar lametazos con su maxi-lengua en la cara de la gente en quien conf\u00eda. Es todo un amor si te ganas su coraz\u00f3n XL, y merece mucho la pena.<\/p>\n","protected":false},"excerpt":{"rendered":"<p>Besos XXL HISTORIA Nombre: Camin A\u00f1o de nacimiento: 2022 Sexo \u2642 Raza: Mestizo de Mastin A Cam\u00edn lo recogimos en el monte, lo hab\u00edan dejado abandonado all\u00ed o le ten\u00edan para cuidar un ganado y no iban nunca a atenderle. Estaba muy delgado y hambriento, con alergias en la piel, heridas y muy asustado. Ha<\/p>\n<p><a href=\"https:\/\/www.refugiocaninotorres.es\/?page_id=901\" class=\"more-link themebutton\">Leer m\u00e1s<\/a><\/p>\n","protected":false},"author":2,"featured_media":0,"parent":114,"menu_order":0,"comment_status":"closed","ping_status":"closed","template":"","meta":{"footnotes":""},"class_list":["post-901","page","type-page","status-publish","hentry"],"_links":{"self":[{"href":"https:\/\/www.refugiocaninotorres.es\/index.php?rest_route=\/wp\/v2\/pages\/901","targetHints":{"allow":["GET"]}}],"collection":[{"href":"https:\/\/www.refugiocaninotorres.es\/index.php?rest_route=\/wp\/v2\/pages"}],"about":[{"href":"https:\/\/www.refugiocaninotorres.es\/index.php?rest_route=\/wp\/v2\/types\/page"}],"author":[{"embeddable":true,"href":"https:\/\/www.refugiocaninotorres.es\/index.php?rest_route=\/wp\/v2\/users\/2"}],"replies":[{"embeddable":true,"href":"https:\/\/www.refugiocaninotorres.es\/index.php?rest_route=%2Fwp%2Fv2%2Fcomments&post=901"}],"version-history":[{"count":6,"href":"https:\/\/www.refugiocaninotorres.es\/index.php?rest_route=\/wp\/v2\/pages\/901\/revisions"}],"predecessor-version":[{"id":1280,"href":"https:\/\/www.refugiocaninotorres.es\/index.php?rest_route=\/wp\/v2\/pages\/901\/revisions\/1280"}],"up":[{"embeddable":true,"href":"https:\/\/www.refugiocaninotorres.es\/index.php?rest_route=\/wp\/v2\/pages\/114"}],"wp:attachment":[{"href":"https:\/\/www.refugiocaninotorres.es\/index.php?rest_route=%2Fwp%2Fv2%2Fmedia&parent=901"}],"curies":[{"name":"wp","href":"https:\/\/api.w.org\/{rel}","templated":true}]}}