{"id":893,"date":"2023-04-14T17:37:00","date_gmt":"2023-04-14T17:37:00","guid":{"rendered":"https:\/\/www.refugiocaninotorres.es\/?page_id=893"},"modified":"2025-08-01T09:47:14","modified_gmt":"2025-08-01T09:47:14","slug":"onna-4","status":"publish","type":"page","link":"https:\/\/www.refugiocaninotorres.es\/?page_id=893","title":{"rendered":"Onna"},"content":{"rendered":"<table>\n<tbody>\n<tr>\n<td style=\"text-align: center;\"><img loading=\"lazy\" decoding=\"async\" class=\"alignnone wp-image-890 size-medium\" src=\"https:\/\/www.refugiocaninotorres.es\/wp-content\/uploads\/2023\/04\/Onna-3-290x300.jpg\" alt=\"\" width=\"290\" height=\"300\" srcset=\"https:\/\/www.refugiocaninotorres.es\/wp-content\/uploads\/2023\/04\/Onna-3-290x300.jpg 290w, https:\/\/www.refugiocaninotorres.es\/wp-content\/uploads\/2023\/04\/Onna-3-990x1024.jpg 990w, https:\/\/www.refugiocaninotorres.es\/wp-content\/uploads\/2023\/04\/Onna-3-768x794.jpg 768w, https:\/\/www.refugiocaninotorres.es\/wp-content\/uploads\/2023\/04\/Onna-3-1485x1536.jpg 1485w, https:\/\/www.refugiocaninotorres.es\/wp-content\/uploads\/2023\/04\/Onna-3-1980x2048.jpg 1980w\" sizes=\"auto, (max-width: 290px) 100vw, 290px\" \/><\/td>\n<td><img loading=\"lazy\" decoding=\"async\" class=\"alignnone wp-image-891 size-medium\" src=\"https:\/\/www.refugiocaninotorres.es\/wp-content\/uploads\/2023\/04\/Onna-300x200.jpg\" alt=\"\" width=\"300\" height=\"200\" srcset=\"https:\/\/www.refugiocaninotorres.es\/wp-content\/uploads\/2023\/04\/Onna-300x200.jpg 300w, https:\/\/www.refugiocaninotorres.es\/wp-content\/uploads\/2023\/04\/Onna-1024x683.jpg 1024w, https:\/\/www.refugiocaninotorres.es\/wp-content\/uploads\/2023\/04\/Onna-768x512.jpg 768w, https:\/\/www.refugiocaninotorres.es\/wp-content\/uploads\/2023\/04\/Onna-1536x1024.jpg 1536w, https:\/\/www.refugiocaninotorres.es\/wp-content\/uploads\/2023\/04\/Onna-2048x1365.jpg 2048w, https:\/\/www.refugiocaninotorres.es\/wp-content\/uploads\/2023\/04\/Onna-1140x760.jpg 1140w, https:\/\/www.refugiocaninotorres.es\/wp-content\/uploads\/2023\/04\/Onna-570x380.jpg 570w, https:\/\/www.refugiocaninotorres.es\/wp-content\/uploads\/2023\/04\/Onna-380x254.jpg 380w, https:\/\/www.refugiocaninotorres.es\/wp-content\/uploads\/2023\/04\/Onna-285x190.jpg 285w\" sizes=\"auto, (max-width: 300px) 100vw, 300px\" \/><\/td>\n<td><img loading=\"lazy\" decoding=\"async\" class=\"alignnone wp-image-889 size-medium\" src=\"https:\/\/www.refugiocaninotorres.es\/wp-content\/uploads\/2023\/04\/Onna-2-245x300.jpg\" alt=\"\" width=\"245\" height=\"300\" srcset=\"https:\/\/www.refugiocaninotorres.es\/wp-content\/uploads\/2023\/04\/Onna-2-245x300.jpg 245w, https:\/\/www.refugiocaninotorres.es\/wp-content\/uploads\/2023\/04\/Onna-2-835x1024.jpg 835w, https:\/\/www.refugiocaninotorres.es\/wp-content\/uploads\/2023\/04\/Onna-2-768x942.jpg 768w, https:\/\/www.refugiocaninotorres.es\/wp-content\/uploads\/2023\/04\/Onna-2-1253x1536.jpg 1253w, https:\/\/www.refugiocaninotorres.es\/wp-content\/uploads\/2023\/04\/Onna-2-1670x2048.jpg 1670w\" sizes=\"auto, (max-width: 245px) 100vw, 245px\" \/><\/td>\n<\/tr>\n<\/tbody>\n<\/table>\n<p style=\"text-align: center;\"><span style=\"font-size: 16pt;\"><strong><span style=\"color: #99cc00;\">Con Onna nunca te faltaran mimos ni paseos<\/span><\/strong><\/span><\/p>\n<p><span style=\"text-decoration: underline;\"><strong>HISTORIA<\/strong><\/span><\/p>\n<p><strong>Nombre<\/strong>: Onna<br \/>\n<strong>A\u00f1o de nacimiento<\/strong>: 2018<br \/>\n<strong>Sexo<\/strong> \u2640<br \/>\n<strong>Raza: <\/strong>Mestiza de Pastor y Mast\u00edn<\/p>\n<p>A Onna la rescatamos hace unos 2 a\u00f1os de la perrera cecapa. Lo \u00fanico que conocemos de su vida anterior es que su due\u00f1o la abandon\u00f3 all\u00ed, con heridas, miedo y mucha falta de confianza en el ser humano. Tiempo despu\u00e9s nos ense\u00f1\u00f3 a perrina espectacular que se esconde debajo de esa apariencia espectacular tambi\u00e9n, es sociable y juguetona con otros perros si tiene antes una buena presentaci\u00f3n; aunque de primeras es algo bruta y ladradora, tambi\u00e9n es buena, cari\u00f1osa y muy inteligente. Tiene mucha energ\u00eda y la encanta correr y pasear. La encanta que la acaricien y la dediquen atenci\u00f3n, es muy efusiva y te devolver\u00e1 todo el amor que la des con creces.<\/p>\n","protected":false},"excerpt":{"rendered":"<p>Con Onna nunca te faltaran mimos ni paseos HISTORIA Nombre: Onna A\u00f1o de nacimiento: 2018 Sexo \u2640 Raza: Mestiza de Pastor y Mast\u00edn A Onna la rescatamos hace unos 2 a\u00f1os de la perrera cecapa. Lo \u00fanico que conocemos de su vida anterior es que su due\u00f1o la abandon\u00f3 all\u00ed, con heridas, miedo y mucha<\/p>\n<p><a href=\"https:\/\/www.refugiocaninotorres.es\/?page_id=893\" class=\"more-link themebutton\">Leer m\u00e1s<\/a><\/p>\n","protected":false},"author":2,"featured_media":0,"parent":116,"menu_order":0,"comment_status":"closed","ping_status":"closed","template":"","meta":{"footnotes":""},"class_list":["post-893","page","type-page","status-publish","hentry"],"_links":{"self":[{"href":"https:\/\/www.refugiocaninotorres.es\/index.php?rest_route=\/wp\/v2\/pages\/893","targetHints":{"allow":["GET"]}}],"collection":[{"href":"https:\/\/www.refugiocaninotorres.es\/index.php?rest_route=\/wp\/v2\/pages"}],"about":[{"href":"https:\/\/www.refugiocaninotorres.es\/index.php?rest_route=\/wp\/v2\/types\/page"}],"author":[{"embeddable":true,"href":"https:\/\/www.refugiocaninotorres.es\/index.php?rest_route=\/wp\/v2\/users\/2"}],"replies":[{"embeddable":true,"href":"https:\/\/www.refugiocaninotorres.es\/index.php?rest_route=%2Fwp%2Fv2%2Fcomments&post=893"}],"version-history":[{"count":1,"href":"https:\/\/www.refugiocaninotorres.es\/index.php?rest_route=\/wp\/v2\/pages\/893\/revisions"}],"predecessor-version":[{"id":894,"href":"https:\/\/www.refugiocaninotorres.es\/index.php?rest_route=\/wp\/v2\/pages\/893\/revisions\/894"}],"up":[{"embeddable":true,"href":"https:\/\/www.refugiocaninotorres.es\/index.php?rest_route=\/wp\/v2\/pages\/116"}],"wp:attachment":[{"href":"https:\/\/www.refugiocaninotorres.es\/index.php?rest_route=%2Fwp%2Fv2%2Fmedia&parent=893"}],"curies":[{"name":"wp","href":"https:\/\/api.w.org\/{rel}","templated":true}]}}