{"id":879,"date":"2023-04-12T18:07:39","date_gmt":"2023-04-12T18:07:39","guid":{"rendered":"https:\/\/www.refugiocaninotorres.es\/?page_id=879"},"modified":"2024-04-23T14:59:28","modified_gmt":"2024-04-23T14:59:28","slug":"nieves","status":"publish","type":"page","link":"https:\/\/www.refugiocaninotorres.es\/?page_id=879","title":{"rendered":"Nieves"},"content":{"rendered":"<table>\n<tbody>\n<tr>\n<td style=\"text-align: center;\"><img loading=\"lazy\" decoding=\"async\" class=\"alignnone wp-image-864 size-medium\" src=\"https:\/\/www.refugiocaninotorres.es\/wp-content\/uploads\/2023\/04\/DSC_0246-300x200.jpg\" alt=\"\" width=\"300\" height=\"200\" srcset=\"https:\/\/www.refugiocaninotorres.es\/wp-content\/uploads\/2023\/04\/DSC_0246-300x200.jpg 300w, https:\/\/www.refugiocaninotorres.es\/wp-content\/uploads\/2023\/04\/DSC_0246-1024x683.jpg 1024w, https:\/\/www.refugiocaninotorres.es\/wp-content\/uploads\/2023\/04\/DSC_0246-768x512.jpg 768w, https:\/\/www.refugiocaninotorres.es\/wp-content\/uploads\/2023\/04\/DSC_0246-1536x1024.jpg 1536w, https:\/\/www.refugiocaninotorres.es\/wp-content\/uploads\/2023\/04\/DSC_0246-2048x1365.jpg 2048w, https:\/\/www.refugiocaninotorres.es\/wp-content\/uploads\/2023\/04\/DSC_0246-1140x760.jpg 1140w, https:\/\/www.refugiocaninotorres.es\/wp-content\/uploads\/2023\/04\/DSC_0246-570x380.jpg 570w, https:\/\/www.refugiocaninotorres.es\/wp-content\/uploads\/2023\/04\/DSC_0246-380x254.jpg 380w, https:\/\/www.refugiocaninotorres.es\/wp-content\/uploads\/2023\/04\/DSC_0246-285x190.jpg 285w\" sizes=\"auto, (max-width: 300px) 100vw, 300px\" \/><\/td>\n<td><img loading=\"lazy\" decoding=\"async\" class=\"alignnone wp-image-863 size-medium\" src=\"https:\/\/www.refugiocaninotorres.es\/wp-content\/uploads\/2023\/04\/DSC_0240-300x233.jpg\" alt=\"\" width=\"300\" height=\"233\" srcset=\"https:\/\/www.refugiocaninotorres.es\/wp-content\/uploads\/2023\/04\/DSC_0240-300x233.jpg 300w, https:\/\/www.refugiocaninotorres.es\/wp-content\/uploads\/2023\/04\/DSC_0240-1024x796.jpg 1024w, https:\/\/www.refugiocaninotorres.es\/wp-content\/uploads\/2023\/04\/DSC_0240-768x597.jpg 768w, https:\/\/www.refugiocaninotorres.es\/wp-content\/uploads\/2023\/04\/DSC_0240-1536x1194.jpg 1536w, https:\/\/www.refugiocaninotorres.es\/wp-content\/uploads\/2023\/04\/DSC_0240-2048x1592.jpg 2048w\" sizes=\"auto, (max-width: 300px) 100vw, 300px\" \/><\/td>\n<td><img loading=\"lazy\" decoding=\"async\" class=\"alignnone wp-image-862 size-medium\" src=\"https:\/\/www.refugiocaninotorres.es\/wp-content\/uploads\/2023\/04\/DSC_0247-300x200.jpg\" alt=\"\" width=\"300\" height=\"200\" srcset=\"https:\/\/www.refugiocaninotorres.es\/wp-content\/uploads\/2023\/04\/DSC_0247-300x200.jpg 300w, https:\/\/www.refugiocaninotorres.es\/wp-content\/uploads\/2023\/04\/DSC_0247-1024x683.jpg 1024w, https:\/\/www.refugiocaninotorres.es\/wp-content\/uploads\/2023\/04\/DSC_0247-768x512.jpg 768w, https:\/\/www.refugiocaninotorres.es\/wp-content\/uploads\/2023\/04\/DSC_0247-1536x1024.jpg 1536w, https:\/\/www.refugiocaninotorres.es\/wp-content\/uploads\/2023\/04\/DSC_0247-2048x1365.jpg 2048w, https:\/\/www.refugiocaninotorres.es\/wp-content\/uploads\/2023\/04\/DSC_0247-1140x760.jpg 1140w, https:\/\/www.refugiocaninotorres.es\/wp-content\/uploads\/2023\/04\/DSC_0247-570x380.jpg 570w, https:\/\/www.refugiocaninotorres.es\/wp-content\/uploads\/2023\/04\/DSC_0247-380x254.jpg 380w, https:\/\/www.refugiocaninotorres.es\/wp-content\/uploads\/2023\/04\/DSC_0247-285x190.jpg 285w\" sizes=\"auto, (max-width: 300px) 100vw, 300px\" \/><\/td>\n<\/tr>\n<\/tbody>\n<\/table>\n<p style=\"text-align: center;\"><span style=\"font-size: 16pt;\"><strong><span style=\"color: #99cc00;\">Blanca y achuchable como la Nieve<\/span><\/strong><\/span><\/p>\n<p><span style=\"text-decoration: underline;\"><strong>HISTORIA<\/strong><\/span><\/p>\n<p><strong>Nombre<\/strong>: Nieves<br \/>\n<strong>A\u00f1o de nacimiento<\/strong>: 2020<br \/>\n<strong>Sexo<\/strong> \u2640<br \/>\n<strong>Raza: <\/strong>Mestiza de Mast\u00edn con Labrador o Golden<\/p>\n<p>Nieves fue recogida en la calle abandonada, muy delgada y en bastante mal estado en general. Es un encanto de perra, su cambio en la protectora ha sido brutal, es muy agradecida con todo aquel que la da una muestra de amor, cari\u00f1osa, juguetona y sociable con otros perros, la gusta mucho dar paseos, no tira nada de la correa. Nieves sigue teniendo edad de medio cachorra as\u00ed que es perfecta para aprender lo que se la quiera ense\u00f1ar, por desgracia como a muchos la toc\u00f3 encontrarse con malos seres humanos pero su confianza en nosotros ha vuelto y deseamos que encuentre una familia en la que depositar esa confianza para siempre.<\/p>\n","protected":false},"excerpt":{"rendered":"<p>Blanca y achuchable como la Nieve HISTORIA Nombre: Nieves A\u00f1o de nacimiento: 2020 Sexo \u2640 Raza: Mestiza de Mast\u00edn con Labrador o Golden Nieves fue recogida en la calle abandonada, muy delgada y en bastante mal estado en general. Es un encanto de perra, su cambio en la protectora ha sido brutal, es muy agradecida<\/p>\n<p><a href=\"https:\/\/www.refugiocaninotorres.es\/?page_id=879\" class=\"more-link themebutton\">Leer m\u00e1s<\/a><\/p>\n","protected":false},"author":2,"featured_media":0,"parent":116,"menu_order":0,"comment_status":"closed","ping_status":"closed","template":"","meta":{"footnotes":""},"class_list":["post-879","page","type-page","status-publish","hentry"],"_links":{"self":[{"href":"https:\/\/www.refugiocaninotorres.es\/index.php?rest_route=\/wp\/v2\/pages\/879","targetHints":{"allow":["GET"]}}],"collection":[{"href":"https:\/\/www.refugiocaninotorres.es\/index.php?rest_route=\/wp\/v2\/pages"}],"about":[{"href":"https:\/\/www.refugiocaninotorres.es\/index.php?rest_route=\/wp\/v2\/types\/page"}],"author":[{"embeddable":true,"href":"https:\/\/www.refugiocaninotorres.es\/index.php?rest_route=\/wp\/v2\/users\/2"}],"replies":[{"embeddable":true,"href":"https:\/\/www.refugiocaninotorres.es\/index.php?rest_route=%2Fwp%2Fv2%2Fcomments&post=879"}],"version-history":[{"count":2,"href":"https:\/\/www.refugiocaninotorres.es\/index.php?rest_route=\/wp\/v2\/pages\/879\/revisions"}],"predecessor-version":[{"id":881,"href":"https:\/\/www.refugiocaninotorres.es\/index.php?rest_route=\/wp\/v2\/pages\/879\/revisions\/881"}],"up":[{"embeddable":true,"href":"https:\/\/www.refugiocaninotorres.es\/index.php?rest_route=\/wp\/v2\/pages\/116"}],"wp:attachment":[{"href":"https:\/\/www.refugiocaninotorres.es\/index.php?rest_route=%2Fwp%2Fv2%2Fmedia&parent=879"}],"curies":[{"name":"wp","href":"https:\/\/api.w.org\/{rel}","templated":true}]}}