{"id":843,"date":"2023-04-12T17:32:54","date_gmt":"2023-04-12T17:32:54","guid":{"rendered":"https:\/\/www.refugiocaninotorres.es\/?page_id=843"},"modified":"2025-08-01T09:47:14","modified_gmt":"2025-08-01T09:47:14","slug":"mari","status":"publish","type":"page","link":"https:\/\/www.refugiocaninotorres.es\/?page_id=843","title":{"rendered":"Mari"},"content":{"rendered":"<table>\n<tbody>\n<tr>\n<td style=\"text-align: center;\"><img loading=\"lazy\" decoding=\"async\" class=\"alignnone wp-image-839 size-medium\" src=\"https:\/\/www.refugiocaninotorres.es\/wp-content\/uploads\/2023\/04\/DSC_0196-300x200.jpg\" alt=\"\" width=\"300\" height=\"200\" srcset=\"https:\/\/www.refugiocaninotorres.es\/wp-content\/uploads\/2023\/04\/DSC_0196-300x200.jpg 300w, https:\/\/www.refugiocaninotorres.es\/wp-content\/uploads\/2023\/04\/DSC_0196-1024x683.jpg 1024w, https:\/\/www.refugiocaninotorres.es\/wp-content\/uploads\/2023\/04\/DSC_0196-768x512.jpg 768w, https:\/\/www.refugiocaninotorres.es\/wp-content\/uploads\/2023\/04\/DSC_0196-1536x1024.jpg 1536w, https:\/\/www.refugiocaninotorres.es\/wp-content\/uploads\/2023\/04\/DSC_0196-2048x1365.jpg 2048w, https:\/\/www.refugiocaninotorres.es\/wp-content\/uploads\/2023\/04\/DSC_0196-1140x760.jpg 1140w, https:\/\/www.refugiocaninotorres.es\/wp-content\/uploads\/2023\/04\/DSC_0196-570x380.jpg 570w, https:\/\/www.refugiocaninotorres.es\/wp-content\/uploads\/2023\/04\/DSC_0196-380x254.jpg 380w, https:\/\/www.refugiocaninotorres.es\/wp-content\/uploads\/2023\/04\/DSC_0196-285x190.jpg 285w\" sizes=\"auto, (max-width: 300px) 100vw, 300px\" \/><\/td>\n<td><img loading=\"lazy\" decoding=\"async\" class=\"alignnone wp-image-840 size-medium\" src=\"https:\/\/www.refugiocaninotorres.es\/wp-content\/uploads\/2023\/04\/DSC_0199-300x276.jpg\" alt=\"\" width=\"300\" height=\"276\" srcset=\"https:\/\/www.refugiocaninotorres.es\/wp-content\/uploads\/2023\/04\/DSC_0199-300x276.jpg 300w, https:\/\/www.refugiocaninotorres.es\/wp-content\/uploads\/2023\/04\/DSC_0199-1024x941.jpg 1024w, https:\/\/www.refugiocaninotorres.es\/wp-content\/uploads\/2023\/04\/DSC_0199-768x706.jpg 768w, https:\/\/www.refugiocaninotorres.es\/wp-content\/uploads\/2023\/04\/DSC_0199-1536x1412.jpg 1536w, https:\/\/www.refugiocaninotorres.es\/wp-content\/uploads\/2023\/04\/DSC_0199-2048x1883.jpg 2048w\" sizes=\"auto, (max-width: 300px) 100vw, 300px\" \/><\/td>\n<td><img loading=\"lazy\" decoding=\"async\" class=\"alignnone wp-image-842 size-medium\" src=\"https:\/\/www.refugiocaninotorres.es\/wp-content\/uploads\/2023\/04\/DSC_0195-300x200.jpg\" alt=\"\" width=\"300\" height=\"200\" srcset=\"https:\/\/www.refugiocaninotorres.es\/wp-content\/uploads\/2023\/04\/DSC_0195-300x200.jpg 300w, https:\/\/www.refugiocaninotorres.es\/wp-content\/uploads\/2023\/04\/DSC_0195-1024x683.jpg 1024w, https:\/\/www.refugiocaninotorres.es\/wp-content\/uploads\/2023\/04\/DSC_0195-768x512.jpg 768w, https:\/\/www.refugiocaninotorres.es\/wp-content\/uploads\/2023\/04\/DSC_0195-1536x1024.jpg 1536w, https:\/\/www.refugiocaninotorres.es\/wp-content\/uploads\/2023\/04\/DSC_0195-2048x1365.jpg 2048w, https:\/\/www.refugiocaninotorres.es\/wp-content\/uploads\/2023\/04\/DSC_0195-1140x760.jpg 1140w, https:\/\/www.refugiocaninotorres.es\/wp-content\/uploads\/2023\/04\/DSC_0195-570x380.jpg 570w, https:\/\/www.refugiocaninotorres.es\/wp-content\/uploads\/2023\/04\/DSC_0195-380x254.jpg 380w, https:\/\/www.refugiocaninotorres.es\/wp-content\/uploads\/2023\/04\/DSC_0195-285x190.jpg 285w\" sizes=\"auto, (max-width: 300px) 100vw, 300px\" \/><\/td>\n<\/tr>\n<\/tbody>\n<\/table>\n<p style=\"text-align: center;\"><span style=\"font-size: 16pt;\"><strong><span style=\"color: #99cc00;\">Mari, nuestra dulce Mari<\/span><\/strong><\/span><\/p>\n<p><span style=\"text-decoration: underline;\"><strong>HISTORIA<\/strong><\/span><\/p>\n<p><strong>Nombre<\/strong>: Mari<br \/>\n<strong>A\u00f1o de nacimiento<\/strong>: 2020<br \/>\n<strong>Sexo<\/strong> \u2640<br \/>\n<strong>Raza: <\/strong>Mestiza<\/p>\n<p>Mari fue rescatada de la perrera de Cecapa, donde entr\u00f3 con sus 13 beb\u00e9s que hab\u00edan aparecido todos abandonados por la calle. A sus cachorros los rescataron otras protes o los adoptaron familias, pero Mari se qued\u00f3 all\u00ed olvidada. Lleg\u00f3 a la prote muy delgada, con mucho miedo e inseguridad, pero ha experimentado un gran cambio r\u00e1pido. Sigue teniendo miedos, normal despu\u00e9s de lo que habr\u00e1 pasado en su vida, pero es una perra cari\u00f1osa con la gente que la demuestra amor, es muy sociable con otros perros.<\/p>\n<p>Mari es una de las perrucas m\u00e1s dulces del Refugio, en cuanto te acercas se tumba para que le rasques la barriga. Le encanta dar largos paseos aunque en algunas ocasiones tiene un poquito de miedo y eso le hace a veces tirar un poco de la correa pero nada que no se pueda superar creando un vinculo con ella, tarea muy f\u00e1cil por otro lado.<\/p>\n<p>Es extremadamente dulce con las personas y con algunos perros necesita una buena presentaci\u00f3n.<\/p>\n","protected":false},"excerpt":{"rendered":"<p>Mari, nuestra dulce Mari HISTORIA Nombre: Mari A\u00f1o de nacimiento: 2020 Sexo \u2640 Raza: Mestiza Mari fue rescatada de la perrera de Cecapa, donde entr\u00f3 con sus 13 beb\u00e9s que hab\u00edan aparecido todos abandonados por la calle. A sus cachorros los rescataron otras protes o los adoptaron familias, pero Mari se qued\u00f3 all\u00ed olvidada. Lleg\u00f3<\/p>\n<p><a href=\"https:\/\/www.refugiocaninotorres.es\/?page_id=843\" class=\"more-link themebutton\">Leer m\u00e1s<\/a><\/p>\n","protected":false},"author":2,"featured_media":0,"parent":116,"menu_order":0,"comment_status":"closed","ping_status":"closed","template":"","meta":{"footnotes":""},"class_list":["post-843","page","type-page","status-publish","hentry"],"_links":{"self":[{"href":"https:\/\/www.refugiocaninotorres.es\/index.php?rest_route=\/wp\/v2\/pages\/843","targetHints":{"allow":["GET"]}}],"collection":[{"href":"https:\/\/www.refugiocaninotorres.es\/index.php?rest_route=\/wp\/v2\/pages"}],"about":[{"href":"https:\/\/www.refugiocaninotorres.es\/index.php?rest_route=\/wp\/v2\/types\/page"}],"author":[{"embeddable":true,"href":"https:\/\/www.refugiocaninotorres.es\/index.php?rest_route=\/wp\/v2\/users\/2"}],"replies":[{"embeddable":true,"href":"https:\/\/www.refugiocaninotorres.es\/index.php?rest_route=%2Fwp%2Fv2%2Fcomments&post=843"}],"version-history":[{"count":5,"href":"https:\/\/www.refugiocaninotorres.es\/index.php?rest_route=\/wp\/v2\/pages\/843\/revisions"}],"predecessor-version":[{"id":883,"href":"https:\/\/www.refugiocaninotorres.es\/index.php?rest_route=\/wp\/v2\/pages\/843\/revisions\/883"}],"up":[{"embeddable":true,"href":"https:\/\/www.refugiocaninotorres.es\/index.php?rest_route=\/wp\/v2\/pages\/116"}],"wp:attachment":[{"href":"https:\/\/www.refugiocaninotorres.es\/index.php?rest_route=%2Fwp%2Fv2%2Fmedia&parent=843"}],"curies":[{"name":"wp","href":"https:\/\/api.w.org\/{rel}","templated":true}]}}