{"id":836,"date":"2023-04-12T17:27:40","date_gmt":"2023-04-12T17:27:40","guid":{"rendered":"https:\/\/www.refugiocaninotorres.es\/?page_id=836"},"modified":"2023-09-07T15:48:31","modified_gmt":"2023-09-07T15:48:31","slug":"danna","status":"publish","type":"page","link":"https:\/\/www.refugiocaninotorres.es\/?page_id=836","title":{"rendered":"Danna"},"content":{"rendered":"<table>\n<tbody>\n<tr>\n<td style=\"text-align: center;\"><img loading=\"lazy\" decoding=\"async\" class=\"alignnone wp-image-833 size-medium\" src=\"https:\/\/www.refugiocaninotorres.es\/wp-content\/uploads\/2023\/04\/DSC_0227-300x200.jpg\" alt=\"\" width=\"300\" height=\"200\" srcset=\"https:\/\/www.refugiocaninotorres.es\/wp-content\/uploads\/2023\/04\/DSC_0227-300x200.jpg 300w, https:\/\/www.refugiocaninotorres.es\/wp-content\/uploads\/2023\/04\/DSC_0227-1024x683.jpg 1024w, https:\/\/www.refugiocaninotorres.es\/wp-content\/uploads\/2023\/04\/DSC_0227-768x512.jpg 768w, https:\/\/www.refugiocaninotorres.es\/wp-content\/uploads\/2023\/04\/DSC_0227-1536x1024.jpg 1536w, https:\/\/www.refugiocaninotorres.es\/wp-content\/uploads\/2023\/04\/DSC_0227-2048x1365.jpg 2048w, https:\/\/www.refugiocaninotorres.es\/wp-content\/uploads\/2023\/04\/DSC_0227-1140x760.jpg 1140w, https:\/\/www.refugiocaninotorres.es\/wp-content\/uploads\/2023\/04\/DSC_0227-570x380.jpg 570w, https:\/\/www.refugiocaninotorres.es\/wp-content\/uploads\/2023\/04\/DSC_0227-380x254.jpg 380w, https:\/\/www.refugiocaninotorres.es\/wp-content\/uploads\/2023\/04\/DSC_0227-285x190.jpg 285w\" sizes=\"auto, (max-width: 300px) 100vw, 300px\" \/><\/td>\n<td><img loading=\"lazy\" decoding=\"async\" class=\"alignnone wp-image-834 size-medium\" src=\"https:\/\/www.refugiocaninotorres.es\/wp-content\/uploads\/2023\/04\/DSC_0228-300x277.jpg\" alt=\"\" width=\"300\" height=\"277\" srcset=\"https:\/\/www.refugiocaninotorres.es\/wp-content\/uploads\/2023\/04\/DSC_0228-300x277.jpg 300w, https:\/\/www.refugiocaninotorres.es\/wp-content\/uploads\/2023\/04\/DSC_0228-1024x946.jpg 1024w, https:\/\/www.refugiocaninotorres.es\/wp-content\/uploads\/2023\/04\/DSC_0228-768x710.jpg 768w, https:\/\/www.refugiocaninotorres.es\/wp-content\/uploads\/2023\/04\/DSC_0228-1536x1420.jpg 1536w, https:\/\/www.refugiocaninotorres.es\/wp-content\/uploads\/2023\/04\/DSC_0228-2048x1893.jpg 2048w\" sizes=\"auto, (max-width: 300px) 100vw, 300px\" \/><\/td>\n<td><img loading=\"lazy\" decoding=\"async\" class=\"alignnone wp-image-832 size-medium\" src=\"https:\/\/www.refugiocaninotorres.es\/wp-content\/uploads\/2023\/04\/DSC_0233-300x200.jpg\" alt=\"\" width=\"300\" height=\"200\" srcset=\"https:\/\/www.refugiocaninotorres.es\/wp-content\/uploads\/2023\/04\/DSC_0233-300x200.jpg 300w, https:\/\/www.refugiocaninotorres.es\/wp-content\/uploads\/2023\/04\/DSC_0233-1024x683.jpg 1024w, https:\/\/www.refugiocaninotorres.es\/wp-content\/uploads\/2023\/04\/DSC_0233-768x512.jpg 768w, https:\/\/www.refugiocaninotorres.es\/wp-content\/uploads\/2023\/04\/DSC_0233-1536x1024.jpg 1536w, https:\/\/www.refugiocaninotorres.es\/wp-content\/uploads\/2023\/04\/DSC_0233-2048x1365.jpg 2048w, https:\/\/www.refugiocaninotorres.es\/wp-content\/uploads\/2023\/04\/DSC_0233-1140x760.jpg 1140w, https:\/\/www.refugiocaninotorres.es\/wp-content\/uploads\/2023\/04\/DSC_0233-570x380.jpg 570w, https:\/\/www.refugiocaninotorres.es\/wp-content\/uploads\/2023\/04\/DSC_0233-380x254.jpg 380w, https:\/\/www.refugiocaninotorres.es\/wp-content\/uploads\/2023\/04\/DSC_0233-285x190.jpg 285w\" sizes=\"auto, (max-width: 300px) 100vw, 300px\" \/><\/td>\n<\/tr>\n<\/tbody>\n<\/table>\n<p style=\"text-align: center;\"><span style=\"font-size: 16pt;\"><strong><span style=\"color: #99cc00;\">Con una chuche te sigo adonde tu quieras<\/span><\/strong><\/span><\/p>\n<p><span style=\"text-decoration: underline;\"><strong>HISTORIA<\/strong><\/span><\/p>\n<p><strong>Nombre<\/strong>: Danna<br \/>\n<strong>A\u00f1o de nacimiento<\/strong>: 2014<br \/>\n<strong>Sexo<\/strong> \u2640<br \/>\n<strong>Raza: <\/strong>Mestiza de Staffordshire<\/p>\n<p>Danna no ha tenido un pasado f\u00e1cil, nos la dejaron en la puerta del Refugio y por las cicatrices que tenia y su estado, creemos que los \u00faltimos meses se la hab\u00eda estado usando para peleas.<\/p>\n<p>En principio es sociable con machos y hembras pero tiene car\u00e1cter dominante as\u00ed que se lleva mejor con perros que sean sumisos. Una buena presentaci\u00f3n es muy importante con ella.<\/p>\n<p>Con las personas es un poco reservada al principio pero en cuanto te conoce no se separa de ti, es decir, a la segunda chuche que le des.<\/p>\n<p>Danna esta catalogada como PPP as\u00ed que necesita licencia y seguro.<\/p>\n","protected":false},"excerpt":{"rendered":"<p>Con una chuche te sigo adonde tu quieras HISTORIA Nombre: Danna A\u00f1o de nacimiento: 2014 Sexo \u2640 Raza: Mestiza de Staffordshire Danna no ha tenido un pasado f\u00e1cil, nos la dejaron en la puerta del Refugio y por las cicatrices que tenia y su estado, creemos que los \u00faltimos meses se la hab\u00eda estado usando<\/p>\n<p><a href=\"https:\/\/www.refugiocaninotorres.es\/?page_id=836\" class=\"more-link themebutton\">Leer m\u00e1s<\/a><\/p>\n","protected":false},"author":2,"featured_media":0,"parent":116,"menu_order":0,"comment_status":"closed","ping_status":"closed","template":"","meta":{"footnotes":""},"class_list":["post-836","page","type-page","status-publish","hentry"],"_links":{"self":[{"href":"https:\/\/www.refugiocaninotorres.es\/index.php?rest_route=\/wp\/v2\/pages\/836","targetHints":{"allow":["GET"]}}],"collection":[{"href":"https:\/\/www.refugiocaninotorres.es\/index.php?rest_route=\/wp\/v2\/pages"}],"about":[{"href":"https:\/\/www.refugiocaninotorres.es\/index.php?rest_route=\/wp\/v2\/types\/page"}],"author":[{"embeddable":true,"href":"https:\/\/www.refugiocaninotorres.es\/index.php?rest_route=\/wp\/v2\/users\/2"}],"replies":[{"embeddable":true,"href":"https:\/\/www.refugiocaninotorres.es\/index.php?rest_route=%2Fwp%2Fv2%2Fcomments&post=836"}],"version-history":[{"count":1,"href":"https:\/\/www.refugiocaninotorres.es\/index.php?rest_route=\/wp\/v2\/pages\/836\/revisions"}],"predecessor-version":[{"id":837,"href":"https:\/\/www.refugiocaninotorres.es\/index.php?rest_route=\/wp\/v2\/pages\/836\/revisions\/837"}],"up":[{"embeddable":true,"href":"https:\/\/www.refugiocaninotorres.es\/index.php?rest_route=\/wp\/v2\/pages\/116"}],"wp:attachment":[{"href":"https:\/\/www.refugiocaninotorres.es\/index.php?rest_route=%2Fwp%2Fv2%2Fmedia&parent=836"}],"curies":[{"name":"wp","href":"https:\/\/api.w.org\/{rel}","templated":true}]}}