{"id":829,"date":"2023-04-04T17:23:32","date_gmt":"2023-04-04T17:23:32","guid":{"rendered":"https:\/\/www.refugiocaninotorres.es\/?page_id=829"},"modified":"2025-08-01T09:45:15","modified_gmt":"2025-08-01T09:45:15","slug":"elton","status":"publish","type":"page","link":"https:\/\/www.refugiocaninotorres.es\/?page_id=829","title":{"rendered":"Elton"},"content":{"rendered":"<table>\n<tbody>\n<tr>\n<td style=\"text-align: center;\"><img loading=\"lazy\" decoding=\"async\" class=\"alignnone wp-image-827 size-medium\" src=\"https:\/\/www.refugiocaninotorres.es\/wp-content\/uploads\/2023\/04\/20230106_175912-142x300.jpg\" alt=\"\" width=\"142\" height=\"300\" srcset=\"https:\/\/www.refugiocaninotorres.es\/wp-content\/uploads\/2023\/04\/20230106_175912-142x300.jpg 142w, https:\/\/www.refugiocaninotorres.es\/wp-content\/uploads\/2023\/04\/20230106_175912-484x1024.jpg 484w, https:\/\/www.refugiocaninotorres.es\/wp-content\/uploads\/2023\/04\/20230106_175912-768x1626.jpg 768w, https:\/\/www.refugiocaninotorres.es\/wp-content\/uploads\/2023\/04\/20230106_175912-725x1536.jpg 725w, https:\/\/www.refugiocaninotorres.es\/wp-content\/uploads\/2023\/04\/20230106_175912-967x2048.jpg 967w, https:\/\/www.refugiocaninotorres.es\/wp-content\/uploads\/2023\/04\/20230106_175912-scaled.jpg 1209w\" sizes=\"auto, (max-width: 142px) 100vw, 142px\" \/><\/td>\n<td><img loading=\"lazy\" decoding=\"async\" class=\"alignnone wp-image-825 size-medium\" src=\"https:\/\/www.refugiocaninotorres.es\/wp-content\/uploads\/2023\/04\/refugio-canino-14-300x222.jpg\" alt=\"\" width=\"300\" height=\"222\" srcset=\"https:\/\/www.refugiocaninotorres.es\/wp-content\/uploads\/2023\/04\/refugio-canino-14-300x222.jpg 300w, https:\/\/www.refugiocaninotorres.es\/wp-content\/uploads\/2023\/04\/refugio-canino-14-1024x758.jpg 1024w, https:\/\/www.refugiocaninotorres.es\/wp-content\/uploads\/2023\/04\/refugio-canino-14-768x568.jpg 768w, https:\/\/www.refugiocaninotorres.es\/wp-content\/uploads\/2023\/04\/refugio-canino-14-1536x1136.jpg 1536w, https:\/\/www.refugiocaninotorres.es\/wp-content\/uploads\/2023\/04\/refugio-canino-14-2048x1515.jpg 2048w\" sizes=\"auto, (max-width: 300px) 100vw, 300px\" \/><\/td>\n<td><img loading=\"lazy\" decoding=\"async\" class=\"alignnone wp-image-826 size-medium\" src=\"https:\/\/www.refugiocaninotorres.es\/wp-content\/uploads\/2023\/04\/20230106_175440-216x300.jpg\" alt=\"\" width=\"216\" height=\"300\" srcset=\"https:\/\/www.refugiocaninotorres.es\/wp-content\/uploads\/2023\/04\/20230106_175440-216x300.jpg 216w, https:\/\/www.refugiocaninotorres.es\/wp-content\/uploads\/2023\/04\/20230106_175440-739x1024.jpg 739w, https:\/\/www.refugiocaninotorres.es\/wp-content\/uploads\/2023\/04\/20230106_175440-768x1065.jpg 768w, https:\/\/www.refugiocaninotorres.es\/wp-content\/uploads\/2023\/04\/20230106_175440-1108x1536.jpg 1108w, https:\/\/www.refugiocaninotorres.es\/wp-content\/uploads\/2023\/04\/20230106_175440.jpg 1371w\" sizes=\"auto, (max-width: 216px) 100vw, 216px\" \/><\/td>\n<\/tr>\n<\/tbody>\n<\/table>\n<p style=\"text-align: center;\"><span style=\"font-size: 16pt;\"><span style=\"color: #99cc00;\"><span style=\"font-size: 16pt; color: #99cc00;\"><b style=\"color: #99cc00; font-size: 16pt;\">Nuestro Elton es mas dulce que una canci\u00f3n de Elton John<\/b><\/span><\/span><\/span><\/p>\n<p><span style=\"text-decoration: underline;\"><strong>HISTORIA<\/strong><\/span><\/p>\n<p><strong>Nombre<\/strong>: Elton<br \/>\n<strong>A\u00f1o de nacimiento<\/strong>: 2020<br \/>\n<strong>Sexo<\/strong> \u2642<br \/>\n<b>Raza: <\/b>Mestizo<\/p>\n<p>Elton es un perro que por su tama\u00f1o mediano \/ grande es en\u00e9rgico a la hora de pasear pero con el adiestramiento adecuado aprende r\u00e1pidamente. Es muy importante para Elton el poder canalizar toda esa energ\u00eda en un buen paseo. Es un perro muy noble y necesita muchos mimos y si te acercas a el no dejara que te vayas hasta que le des un buen masaje.<\/p>\n","protected":false},"excerpt":{"rendered":"<p>Nuestro Elton es mas dulce que una canci\u00f3n de Elton John HISTORIA Nombre: Elton A\u00f1o de nacimiento: 2020 Sexo \u2642 Raza: Mestizo Elton es un perro que por su tama\u00f1o mediano \/ grande es en\u00e9rgico a la hora de pasear pero con el adiestramiento adecuado aprende r\u00e1pidamente. Es muy importante para Elton el poder canalizar<\/p>\n<p><a href=\"https:\/\/www.refugiocaninotorres.es\/?page_id=829\" class=\"more-link themebutton\">Leer m\u00e1s<\/a><\/p>\n","protected":false},"author":2,"featured_media":0,"parent":114,"menu_order":0,"comment_status":"closed","ping_status":"closed","template":"","meta":{"footnotes":""},"class_list":["post-829","page","type-page","status-publish","hentry"],"_links":{"self":[{"href":"https:\/\/www.refugiocaninotorres.es\/index.php?rest_route=\/wp\/v2\/pages\/829","targetHints":{"allow":["GET"]}}],"collection":[{"href":"https:\/\/www.refugiocaninotorres.es\/index.php?rest_route=\/wp\/v2\/pages"}],"about":[{"href":"https:\/\/www.refugiocaninotorres.es\/index.php?rest_route=\/wp\/v2\/types\/page"}],"author":[{"embeddable":true,"href":"https:\/\/www.refugiocaninotorres.es\/index.php?rest_route=\/wp\/v2\/users\/2"}],"replies":[{"embeddable":true,"href":"https:\/\/www.refugiocaninotorres.es\/index.php?rest_route=%2Fwp%2Fv2%2Fcomments&post=829"}],"version-history":[{"count":1,"href":"https:\/\/www.refugiocaninotorres.es\/index.php?rest_route=\/wp\/v2\/pages\/829\/revisions"}],"predecessor-version":[{"id":830,"href":"https:\/\/www.refugiocaninotorres.es\/index.php?rest_route=\/wp\/v2\/pages\/829\/revisions\/830"}],"up":[{"embeddable":true,"href":"https:\/\/www.refugiocaninotorres.es\/index.php?rest_route=\/wp\/v2\/pages\/114"}],"wp:attachment":[{"href":"https:\/\/www.refugiocaninotorres.es\/index.php?rest_route=%2Fwp%2Fv2%2Fmedia&parent=829"}],"curies":[{"name":"wp","href":"https:\/\/api.w.org\/{rel}","templated":true}]}}