{"id":777,"date":"2023-04-02T16:43:54","date_gmt":"2023-04-02T16:43:54","guid":{"rendered":"https:\/\/www.refugiocaninotorres.es\/?page_id=777"},"modified":"2025-08-01T09:45:15","modified_gmt":"2025-08-01T09:45:15","slug":"hachiko","status":"publish","type":"page","link":"https:\/\/www.refugiocaninotorres.es\/?page_id=777","title":{"rendered":"Hachiko"},"content":{"rendered":"<table>\n<tbody>\n<tr>\n<td style=\"text-align: center;\"><img loading=\"lazy\" decoding=\"async\" class=\"alignnone wp-image-776 size-medium\" src=\"https:\/\/www.refugiocaninotorres.es\/wp-content\/uploads\/2023\/04\/IMG_20220307_101634_456-300x300.webp\" alt=\"\" width=\"300\" height=\"300\" srcset=\"https:\/\/www.refugiocaninotorres.es\/wp-content\/uploads\/2023\/04\/IMG_20220307_101634_456-300x300.webp 300w, https:\/\/www.refugiocaninotorres.es\/wp-content\/uploads\/2023\/04\/IMG_20220307_101634_456-1024x1024.webp 1024w, https:\/\/www.refugiocaninotorres.es\/wp-content\/uploads\/2023\/04\/IMG_20220307_101634_456-150x150.webp 150w, https:\/\/www.refugiocaninotorres.es\/wp-content\/uploads\/2023\/04\/IMG_20220307_101634_456-768x768.webp 768w, https:\/\/www.refugiocaninotorres.es\/wp-content\/uploads\/2023\/04\/IMG_20220307_101634_456-570x570.webp 570w, https:\/\/www.refugiocaninotorres.es\/wp-content\/uploads\/2023\/04\/IMG_20220307_101634_456-380x380.webp 380w, https:\/\/www.refugiocaninotorres.es\/wp-content\/uploads\/2023\/04\/IMG_20220307_101634_456-285x285.webp 285w, https:\/\/www.refugiocaninotorres.es\/wp-content\/uploads\/2023\/04\/IMG_20220307_101634_456.webp 1440w\" sizes=\"auto, (max-width: 300px) 100vw, 300px\" \/><\/td>\n<td><img loading=\"lazy\" decoding=\"async\" class=\"alignnone wp-image-852 size-medium\" src=\"https:\/\/www.refugiocaninotorres.es\/wp-content\/uploads\/2023\/04\/Hachiko-212x300.jpg\" alt=\"\" width=\"212\" height=\"300\" srcset=\"https:\/\/www.refugiocaninotorres.es\/wp-content\/uploads\/2023\/04\/Hachiko-212x300.jpg 212w, https:\/\/www.refugiocaninotorres.es\/wp-content\/uploads\/2023\/04\/Hachiko-724x1024.jpg 724w, https:\/\/www.refugiocaninotorres.es\/wp-content\/uploads\/2023\/04\/Hachiko-768x1087.jpg 768w, https:\/\/www.refugiocaninotorres.es\/wp-content\/uploads\/2023\/04\/Hachiko-1085x1536.jpg 1085w, https:\/\/www.refugiocaninotorres.es\/wp-content\/uploads\/2023\/04\/Hachiko-1447x2048.jpg 1447w, https:\/\/www.refugiocaninotorres.es\/wp-content\/uploads\/2023\/04\/Hachiko-scaled.jpg 1809w\" sizes=\"auto, (max-width: 212px) 100vw, 212px\" \/><\/td>\n<td><img loading=\"lazy\" decoding=\"async\" class=\"alignnone wp-image-774 size-medium\" src=\"https:\/\/www.refugiocaninotorres.es\/wp-content\/uploads\/2023\/04\/IMG_20220307_101634_508-300x300.webp\" alt=\"\" width=\"300\" height=\"300\" srcset=\"https:\/\/www.refugiocaninotorres.es\/wp-content\/uploads\/2023\/04\/IMG_20220307_101634_508-300x300.webp 300w, https:\/\/www.refugiocaninotorres.es\/wp-content\/uploads\/2023\/04\/IMG_20220307_101634_508-1024x1024.webp 1024w, https:\/\/www.refugiocaninotorres.es\/wp-content\/uploads\/2023\/04\/IMG_20220307_101634_508-150x150.webp 150w, https:\/\/www.refugiocaninotorres.es\/wp-content\/uploads\/2023\/04\/IMG_20220307_101634_508-768x768.webp 768w, https:\/\/www.refugiocaninotorres.es\/wp-content\/uploads\/2023\/04\/IMG_20220307_101634_508-570x570.webp 570w, https:\/\/www.refugiocaninotorres.es\/wp-content\/uploads\/2023\/04\/IMG_20220307_101634_508-380x380.webp 380w, https:\/\/www.refugiocaninotorres.es\/wp-content\/uploads\/2023\/04\/IMG_20220307_101634_508-285x285.webp 285w, https:\/\/www.refugiocaninotorres.es\/wp-content\/uploads\/2023\/04\/IMG_20220307_101634_508.webp 1440w\" sizes=\"auto, (max-width: 300px) 100vw, 300px\" \/><\/td>\n<\/tr>\n<\/tbody>\n<\/table>\n<p style=\"text-align: center;\"><span style=\"font-size: 16pt;\"><span style=\"color: #99cc00;\"><span style=\"font-size: 16pt; color: #99cc00;\"><span style=\"color: #99cc00;\"><span style=\"font-size: 21.3333px;\"><b>S\u00fabeme<\/b><\/span><\/span><b style=\"color: #99cc00; font-size: 16pt;\"> a tu coche y nunca te faltar\u00e1n aventuras<\/b><\/span><\/span><\/span><\/p>\n<p><span style=\"text-decoration: underline;\"><strong>HISTORIA<\/strong><\/span><\/p>\n<p><strong>Nombre<\/strong>: Hachiko<br \/>\n<strong>A\u00f1o de nacimiento<\/strong>: 2016<br \/>\n<strong>Sexo<\/strong> \u2642<br \/>\n<b>Raza: <\/b>Pastor Alem\u00e1n Negro<\/p>\n<p>Hachi, como le llamamos nosotras cari\u00f1osamente, es un pastor Alem\u00e1n negro de 7 a\u00f1os.\u00a0Tiene displasia, t\u00edpica en pastores alemanes, no toma medicaci\u00f3n para ella, pero le ha empeorado en el tiempo que lleva en el refugio, ya que el fr\u00edo y la humedad afectan, y seguramente en alg\u00fan momento (quiz\u00e1s a\u00f1os) precise de tratamiento. Es sociable con otros perros tras una buena presentaci\u00f3n, mucho mejor con hembras ya que con algunos machos es algo dominante. Es muy cari\u00f1oso con la gente y respetuoso con ni\u00f1os. Es bastante activo, tiene energ\u00eda para dar y regalar, como buen pastor alem\u00e1n es muy listo y le vendr\u00edan bien ejercicios de olfato\/b\u00fasqueda para cansarse, pero sin afectar a su displasia, dar paseos tambi\u00e9n le encanta.<\/p>\n","protected":false},"excerpt":{"rendered":"<p>S\u00fabeme a tu coche y nunca te faltar\u00e1n aventuras HISTORIA Nombre: Hachiko A\u00f1o de nacimiento: 2016 Sexo \u2642 Raza: Pastor Alem\u00e1n Negro Hachi, como le llamamos nosotras cari\u00f1osamente, es un pastor Alem\u00e1n negro de 7 a\u00f1os.\u00a0Tiene displasia, t\u00edpica en pastores alemanes, no toma medicaci\u00f3n para ella, pero le ha empeorado en el tiempo que lleva<\/p>\n<p><a href=\"https:\/\/www.refugiocaninotorres.es\/?page_id=777\" class=\"more-link themebutton\">Leer m\u00e1s<\/a><\/p>\n","protected":false},"author":2,"featured_media":0,"parent":114,"menu_order":0,"comment_status":"closed","ping_status":"closed","template":"","meta":{"footnotes":""},"class_list":["post-777","page","type-page","status-publish","hentry"],"_links":{"self":[{"href":"https:\/\/www.refugiocaninotorres.es\/index.php?rest_route=\/wp\/v2\/pages\/777","targetHints":{"allow":["GET"]}}],"collection":[{"href":"https:\/\/www.refugiocaninotorres.es\/index.php?rest_route=\/wp\/v2\/pages"}],"about":[{"href":"https:\/\/www.refugiocaninotorres.es\/index.php?rest_route=\/wp\/v2\/types\/page"}],"author":[{"embeddable":true,"href":"https:\/\/www.refugiocaninotorres.es\/index.php?rest_route=\/wp\/v2\/users\/2"}],"replies":[{"embeddable":true,"href":"https:\/\/www.refugiocaninotorres.es\/index.php?rest_route=%2Fwp%2Fv2%2Fcomments&post=777"}],"version-history":[{"count":6,"href":"https:\/\/www.refugiocaninotorres.es\/index.php?rest_route=\/wp\/v2\/pages\/777\/revisions"}],"predecessor-version":[{"id":905,"href":"https:\/\/www.refugiocaninotorres.es\/index.php?rest_route=\/wp\/v2\/pages\/777\/revisions\/905"}],"up":[{"embeddable":true,"href":"https:\/\/www.refugiocaninotorres.es\/index.php?rest_route=\/wp\/v2\/pages\/114"}],"wp:attachment":[{"href":"https:\/\/www.refugiocaninotorres.es\/index.php?rest_route=%2Fwp%2Fv2%2Fmedia&parent=777"}],"curies":[{"name":"wp","href":"https:\/\/api.w.org\/{rel}","templated":true}]}}