{"id":771,"date":"2023-04-02T16:23:30","date_gmt":"2023-04-02T16:23:30","guid":{"rendered":"https:\/\/www.refugiocaninotorres.es\/?page_id=771"},"modified":"2025-08-01T09:45:15","modified_gmt":"2025-08-01T09:45:15","slug":"karate","status":"publish","type":"page","link":"https:\/\/www.refugiocaninotorres.es\/?page_id=771","title":{"rendered":"Karate"},"content":{"rendered":"<table>\n<tbody>\n<tr>\n<td style=\"text-align: center;\"><img loading=\"lazy\" decoding=\"async\" class=\"alignnone wp-image-631 size-medium\" src=\"https:\/\/www.refugiocaninotorres.es\/wp-content\/uploads\/2023\/03\/refugio-canino-70-300x200.jpg\" alt=\"\" width=\"300\" height=\"200\" srcset=\"https:\/\/www.refugiocaninotorres.es\/wp-content\/uploads\/2023\/03\/refugio-canino-70-300x200.jpg 300w, https:\/\/www.refugiocaninotorres.es\/wp-content\/uploads\/2023\/03\/refugio-canino-70-1024x683.jpg 1024w, https:\/\/www.refugiocaninotorres.es\/wp-content\/uploads\/2023\/03\/refugio-canino-70-768x512.jpg 768w, https:\/\/www.refugiocaninotorres.es\/wp-content\/uploads\/2023\/03\/refugio-canino-70-1536x1024.jpg 1536w, https:\/\/www.refugiocaninotorres.es\/wp-content\/uploads\/2023\/03\/refugio-canino-70-2048x1365.jpg 2048w, https:\/\/www.refugiocaninotorres.es\/wp-content\/uploads\/2023\/03\/refugio-canino-70-1140x760.jpg 1140w, https:\/\/www.refugiocaninotorres.es\/wp-content\/uploads\/2023\/03\/refugio-canino-70-570x380.jpg 570w, https:\/\/www.refugiocaninotorres.es\/wp-content\/uploads\/2023\/03\/refugio-canino-70-380x254.jpg 380w, https:\/\/www.refugiocaninotorres.es\/wp-content\/uploads\/2023\/03\/refugio-canino-70-285x190.jpg 285w\" sizes=\"auto, (max-width: 300px) 100vw, 300px\" \/><\/td>\n<td><img loading=\"lazy\" decoding=\"async\" class=\"alignnone wp-image-638 size-medium\" src=\"https:\/\/www.refugiocaninotorres.es\/wp-content\/uploads\/2023\/03\/Karate-2-300x200.jpg\" alt=\"\" width=\"300\" height=\"200\" srcset=\"https:\/\/www.refugiocaninotorres.es\/wp-content\/uploads\/2023\/03\/Karate-2-300x200.jpg 300w, https:\/\/www.refugiocaninotorres.es\/wp-content\/uploads\/2023\/03\/Karate-2-1024x683.jpg 1024w, https:\/\/www.refugiocaninotorres.es\/wp-content\/uploads\/2023\/03\/Karate-2-768x512.jpg 768w, https:\/\/www.refugiocaninotorres.es\/wp-content\/uploads\/2023\/03\/Karate-2-1536x1024.jpg 1536w, https:\/\/www.refugiocaninotorres.es\/wp-content\/uploads\/2023\/03\/Karate-2-2048x1365.jpg 2048w, https:\/\/www.refugiocaninotorres.es\/wp-content\/uploads\/2023\/03\/Karate-2-1140x760.jpg 1140w, https:\/\/www.refugiocaninotorres.es\/wp-content\/uploads\/2023\/03\/Karate-2-570x380.jpg 570w, https:\/\/www.refugiocaninotorres.es\/wp-content\/uploads\/2023\/03\/Karate-2-380x254.jpg 380w, https:\/\/www.refugiocaninotorres.es\/wp-content\/uploads\/2023\/03\/Karate-2-285x190.jpg 285w\" sizes=\"auto, (max-width: 300px) 100vw, 300px\" \/><\/td>\n<td><img loading=\"lazy\" decoding=\"async\" class=\"alignnone wp-image-632 size-medium\" src=\"https:\/\/www.refugiocaninotorres.es\/wp-content\/uploads\/2023\/03\/refugio-canino-72-300x200.jpg\" alt=\"\" width=\"300\" height=\"200\" srcset=\"https:\/\/www.refugiocaninotorres.es\/wp-content\/uploads\/2023\/03\/refugio-canino-72-300x200.jpg 300w, https:\/\/www.refugiocaninotorres.es\/wp-content\/uploads\/2023\/03\/refugio-canino-72-1024x683.jpg 1024w, https:\/\/www.refugiocaninotorres.es\/wp-content\/uploads\/2023\/03\/refugio-canino-72-768x512.jpg 768w, https:\/\/www.refugiocaninotorres.es\/wp-content\/uploads\/2023\/03\/refugio-canino-72-1536x1024.jpg 1536w, https:\/\/www.refugiocaninotorres.es\/wp-content\/uploads\/2023\/03\/refugio-canino-72-2048x1365.jpg 2048w, https:\/\/www.refugiocaninotorres.es\/wp-content\/uploads\/2023\/03\/refugio-canino-72-1140x760.jpg 1140w, https:\/\/www.refugiocaninotorres.es\/wp-content\/uploads\/2023\/03\/refugio-canino-72-570x380.jpg 570w, https:\/\/www.refugiocaninotorres.es\/wp-content\/uploads\/2023\/03\/refugio-canino-72-380x254.jpg 380w, https:\/\/www.refugiocaninotorres.es\/wp-content\/uploads\/2023\/03\/refugio-canino-72-285x190.jpg 285w\" sizes=\"auto, (max-width: 300px) 100vw, 300px\" \/><\/td>\n<\/tr>\n<\/tbody>\n<\/table>\n<p style=\"text-align: center;\"><span style=\"font-size: 16pt;\"><span style=\"color: #99cc00;\"><span style=\"font-size: 16pt; color: #99cc00;\"><b>Si quieres que <\/b><\/span><span style=\"color: #99cc00;\"><span style=\"font-size: 21.3333px;\"><b>conf\u00ede<\/b><\/span><\/span><span style=\"color: #99cc00;\"><b style=\"font-size: 16pt;\"> en t\u00ed, <\/b><span style=\"font-size: 21.3333px;\"><b>r\u00e1scame<\/b><\/span><b style=\"font-size: 16pt;\"> la barriga<\/b><\/span><\/span><\/span><\/p>\n<p><span style=\"text-decoration: underline;\"><strong>HISTORIA<\/strong><\/span><\/p>\n<p><strong>Nombre<\/strong>: Karate<br \/>\n<strong>A\u00f1o de nacimiento<\/strong>: 2021<br \/>\n<strong>Sexo<\/strong> \u2642<br \/>\n<strong>Raza: <\/strong>Mestizo de Mast\u00edn<\/p>\n<p>Precioso mast\u00edn, sociable con otros perrucos, juguet\u00f3n y cari\u00f1oso. Es inseguro con personas desconocidas y ladra pero en cuanto conf\u00eda en alguien es un amor que te pedir\u00e1 mimos constantemente.<\/p>\n","protected":false},"excerpt":{"rendered":"<p>Si quieres que conf\u00ede en t\u00ed, r\u00e1scame la barriga HISTORIA Nombre: Karate A\u00f1o de nacimiento: 2021 Sexo \u2642 Raza: Mestizo de Mast\u00edn Precioso mast\u00edn, sociable con otros perrucos, juguet\u00f3n y cari\u00f1oso. Es inseguro con personas desconocidas y ladra pero en cuanto conf\u00eda en alguien es un amor que te pedir\u00e1 mimos constantemente.<\/p>\n","protected":false},"author":2,"featured_media":0,"parent":114,"menu_order":0,"comment_status":"closed","ping_status":"closed","template":"","meta":{"footnotes":""},"class_list":["post-771","page","type-page","status-publish","hentry"],"_links":{"self":[{"href":"https:\/\/www.refugiocaninotorres.es\/index.php?rest_route=\/wp\/v2\/pages\/771","targetHints":{"allow":["GET"]}}],"collection":[{"href":"https:\/\/www.refugiocaninotorres.es\/index.php?rest_route=\/wp\/v2\/pages"}],"about":[{"href":"https:\/\/www.refugiocaninotorres.es\/index.php?rest_route=\/wp\/v2\/types\/page"}],"author":[{"embeddable":true,"href":"https:\/\/www.refugiocaninotorres.es\/index.php?rest_route=\/wp\/v2\/users\/2"}],"replies":[{"embeddable":true,"href":"https:\/\/www.refugiocaninotorres.es\/index.php?rest_route=%2Fwp%2Fv2%2Fcomments&post=771"}],"version-history":[{"count":3,"href":"https:\/\/www.refugiocaninotorres.es\/index.php?rest_route=\/wp\/v2\/pages\/771\/revisions"}],"predecessor-version":[{"id":854,"href":"https:\/\/www.refugiocaninotorres.es\/index.php?rest_route=\/wp\/v2\/pages\/771\/revisions\/854"}],"up":[{"embeddable":true,"href":"https:\/\/www.refugiocaninotorres.es\/index.php?rest_route=\/wp\/v2\/pages\/114"}],"wp:attachment":[{"href":"https:\/\/www.refugiocaninotorres.es\/index.php?rest_route=%2Fwp%2Fv2%2Fmedia&parent=771"}],"curies":[{"name":"wp","href":"https:\/\/api.w.org\/{rel}","templated":true}]}}