{"id":624,"date":"2023-03-14T19:00:14","date_gmt":"2023-03-14T19:00:14","guid":{"rendered":"https:\/\/www.refugiocaninotorres.es\/?page_id=624"},"modified":"2023-03-24T13:18:00","modified_gmt":"2023-03-24T13:18:00","slug":"perros-en-adopcion","status":"publish","type":"page","link":"https:\/\/www.refugiocaninotorres.es\/?page_id=624","title":{"rendered":"Perros en adopcion"},"content":{"rendered":"<table style=\"height: 50px; border-color: #ffffff; background-color: #ffffff;\" width=\"1713\">\n<tbody>\n<tr>\n<td style=\"text-align: center;\"><img loading=\"lazy\" decoding=\"async\" class=\"alignnone size-medium wp-image-648\" src=\"https:\/\/www.refugiocaninotorres.es\/wp-content\/uploads\/2023\/03\/Galan-y-Valdes-3-300x200.jpg\" alt=\"\" width=\"300\" height=\"200\" srcset=\"https:\/\/www.refugiocaninotorres.es\/wp-content\/uploads\/2023\/03\/Galan-y-Valdes-3-300x200.jpg 300w, https:\/\/www.refugiocaninotorres.es\/wp-content\/uploads\/2023\/03\/Galan-y-Valdes-3-1024x682.jpg 1024w, https:\/\/www.refugiocaninotorres.es\/wp-content\/uploads\/2023\/03\/Galan-y-Valdes-3-768x512.jpg 768w, https:\/\/www.refugiocaninotorres.es\/wp-content\/uploads\/2023\/03\/Galan-y-Valdes-3-570x380.jpg 570w, https:\/\/www.refugiocaninotorres.es\/wp-content\/uploads\/2023\/03\/Galan-y-Valdes-3-380x254.jpg 380w, https:\/\/www.refugiocaninotorres.es\/wp-content\/uploads\/2023\/03\/Galan-y-Valdes-3-285x190.jpg 285w, https:\/\/www.refugiocaninotorres.es\/wp-content\/uploads\/2023\/03\/Galan-y-Valdes-3.jpg 1079w\" sizes=\"auto, (max-width: 300px) 100vw, 300px\" \/><\/p>\n<p><span style=\"font-size: 12pt; color: #339966;\"><strong><span style=\"font-family: 'trebuchet ms', geneva, sans-serif;\"><a style=\"color: #339966;\" href=\"https:\/\/www.refugiocaninotorres.es\/?page_id=118\">Cachorros en Adopci\u00f3n<\/a><\/span><\/strong><\/span><\/td>\n<td style=\"text-align: center;\"><a href=\"https:\/\/www.refugiocaninotorres.es\/?page_id=116\"><img loading=\"lazy\" decoding=\"async\" class=\"alignnone size-medium wp-image-644\" src=\"https:\/\/www.refugiocaninotorres.es\/wp-content\/uploads\/2023\/03\/DSC_0020-300x200.jpg\" alt=\"\" width=\"300\" height=\"200\" srcset=\"https:\/\/www.refugiocaninotorres.es\/wp-content\/uploads\/2023\/03\/DSC_0020-300x200.jpg 300w, https:\/\/www.refugiocaninotorres.es\/wp-content\/uploads\/2023\/03\/DSC_0020-1024x683.jpg 1024w, https:\/\/www.refugiocaninotorres.es\/wp-content\/uploads\/2023\/03\/DSC_0020-768x512.jpg 768w, https:\/\/www.refugiocaninotorres.es\/wp-content\/uploads\/2023\/03\/DSC_0020-1536x1024.jpg 1536w, https:\/\/www.refugiocaninotorres.es\/wp-content\/uploads\/2023\/03\/DSC_0020-2048x1365.jpg 2048w, https:\/\/www.refugiocaninotorres.es\/wp-content\/uploads\/2023\/03\/DSC_0020-1140x760.jpg 1140w, https:\/\/www.refugiocaninotorres.es\/wp-content\/uploads\/2023\/03\/DSC_0020-570x380.jpg 570w, https:\/\/www.refugiocaninotorres.es\/wp-content\/uploads\/2023\/03\/DSC_0020-380x254.jpg 380w, https:\/\/www.refugiocaninotorres.es\/wp-content\/uploads\/2023\/03\/DSC_0020-285x190.jpg 285w\" sizes=\"auto, (max-width: 300px) 100vw, 300px\" \/><\/a><\/p>\n<p><span style=\"color: #339966; font-size: 12pt;\"><strong><span style=\"font-family: 'trebuchet ms', geneva, sans-serif;\"><a style=\"color: #339966;\" href=\"https:\/\/www.refugiocaninotorres.es\/?page_id=116\">Hembras en Adopci\u00f3n<\/a><\/span><\/strong><\/span><\/td>\n<td style=\"text-align: center;\"><a href=\"https:\/\/www.refugiocaninotorres.es\/?page_id=114\"><img loading=\"lazy\" decoding=\"async\" class=\"alignnone size-medium wp-image-631\" src=\"https:\/\/www.refugiocaninotorres.es\/wp-content\/uploads\/2023\/03\/refugio-canino-70-300x200.jpg\" alt=\"\" width=\"300\" height=\"200\" srcset=\"https:\/\/www.refugiocaninotorres.es\/wp-content\/uploads\/2023\/03\/refugio-canino-70-300x200.jpg 300w, https:\/\/www.refugiocaninotorres.es\/wp-content\/uploads\/2023\/03\/refugio-canino-70-1024x683.jpg 1024w, https:\/\/www.refugiocaninotorres.es\/wp-content\/uploads\/2023\/03\/refugio-canino-70-768x512.jpg 768w, https:\/\/www.refugiocaninotorres.es\/wp-content\/uploads\/2023\/03\/refugio-canino-70-1536x1024.jpg 1536w, https:\/\/www.refugiocaninotorres.es\/wp-content\/uploads\/2023\/03\/refugio-canino-70-2048x1365.jpg 2048w, https:\/\/www.refugiocaninotorres.es\/wp-content\/uploads\/2023\/03\/refugio-canino-70-1140x760.jpg 1140w, https:\/\/www.refugiocaninotorres.es\/wp-content\/uploads\/2023\/03\/refugio-canino-70-570x380.jpg 570w, https:\/\/www.refugiocaninotorres.es\/wp-content\/uploads\/2023\/03\/refugio-canino-70-380x254.jpg 380w, https:\/\/www.refugiocaninotorres.es\/wp-content\/uploads\/2023\/03\/refugio-canino-70-285x190.jpg 285w\" sizes=\"auto, (max-width: 300px) 100vw, 300px\" \/><\/a><\/p>\n<p><span style=\"font-family: 'trebuchet ms', geneva, sans-serif; color: #339966; font-size: 12pt;\"><strong><a style=\"color: #339966;\" href=\"https:\/\/www.refugiocaninotorres.es\/?page_id=114\">Machos en Adopci\u00f3n<\/a><\/strong><\/span><\/td>\n<\/tr>\n<\/tbody>\n<\/table>\n<p>&nbsp;<\/p>\n<p>&nbsp;<\/p>\n<p>&nbsp;<\/p>\n<p>&nbsp;<\/p>\n","protected":false},"excerpt":{"rendered":"<p>Cachorros en Adopci\u00f3n Hembras en Adopci\u00f3n Machos en Adopci\u00f3n &nbsp; &nbsp; &nbsp; &nbsp;<\/p>\n","protected":false},"author":2,"featured_media":0,"parent":0,"menu_order":0,"comment_status":"closed","ping_status":"closed","template":"","meta":{"footnotes":""},"class_list":["post-624","page","type-page","status-publish","hentry"],"_links":{"self":[{"href":"https:\/\/www.refugiocaninotorres.es\/index.php?rest_route=\/wp\/v2\/pages\/624","targetHints":{"allow":["GET"]}}],"collection":[{"href":"https:\/\/www.refugiocaninotorres.es\/index.php?rest_route=\/wp\/v2\/pages"}],"about":[{"href":"https:\/\/www.refugiocaninotorres.es\/index.php?rest_route=\/wp\/v2\/types\/page"}],"author":[{"embeddable":true,"href":"https:\/\/www.refugiocaninotorres.es\/index.php?rest_route=\/wp\/v2\/users\/2"}],"replies":[{"embeddable":true,"href":"https:\/\/www.refugiocaninotorres.es\/index.php?rest_route=%2Fwp%2Fv2%2Fcomments&post=624"}],"version-history":[{"count":8,"href":"https:\/\/www.refugiocaninotorres.es\/index.php?rest_route=\/wp\/v2\/pages\/624\/revisions"}],"predecessor-version":[{"id":750,"href":"https:\/\/www.refugiocaninotorres.es\/index.php?rest_route=\/wp\/v2\/pages\/624\/revisions\/750"}],"wp:attachment":[{"href":"https:\/\/www.refugiocaninotorres.es\/index.php?rest_route=%2Fwp%2Fv2%2Fmedia&parent=624"}],"curies":[{"name":"wp","href":"https:\/\/api.w.org\/{rel}","templated":true}]}}