{"id":155,"date":"2016-01-31T13:27:27","date_gmt":"2016-01-31T13:27:27","guid":{"rendered":"http:\/\/www.refugiocaninotorres.es\/?page_id=155"},"modified":"2016-02-02T21:02:42","modified_gmt":"2016-02-02T21:02:42","slug":"maltrato-animal","status":"publish","type":"page","link":"https:\/\/www.refugiocaninotorres.es\/?page_id=155","title":{"rendered":"Maltrato Animal"},"content":{"rendered":"<p><strong>QUE HACER CONTRA EL MALTRATO ANIMAL<\/strong><br \/>\nExiste una LEY DE PROTECCI\u00d3N ANIMAL DE CANTABRIA que, aparte de muchas otras cosas, protege y legisla ciertos aspectos respecto a la tenencia de animales dom\u00e9sticos. Esta ley esta a nuestra disposici\u00f3n para reclamar y denunciar en caso de ser testigos de su infracci\u00f3n, \u00a0y exigir, como ciudadanos, el cumplimiento de la misma, es NUESTRO DERECHO, y las administraciones est\u00e1n obligadas a tramitar dichas denuncias.<\/p>\n<p>Si observases situaciones vejatorias, de sufrimiento f\u00edsico y\/o psicol\u00f3gico, que afecten a perros, gatos o animales dom\u00e9stico, tales como:<\/p>\n<ul>\n<li><strong>Animales encerrados o atados en condiciones de abandono, de desprotecci\u00f3n f\u00edsica, como un techo que le proteja de las inclemencias del tiempo (tanto del fr\u00edo, de la lluvia o el sol).<\/strong><\/li>\n<li><strong>Encerrados o encadenados permanentemente, sin poder moverse conviviendo con sus propios excrementos y\/o en una situaci\u00f3n de insalubridad grave y\/o con desnutrici\u00f3n.<\/strong><\/li>\n<li><strong>Con lesiones f\u00edsicas, enfermos, desnutridos, sin agua y\/o alimento.<\/strong><\/li>\n<li><strong>Si fueras testigo y pudieras probar un maltrato directo tanto f\u00edsico como Ps\u00edquico.<\/strong><\/li>\n<li><strong>Deficiencias en centros que alojan animales e infracciones graves como en la alimentaci\u00f3n, limpieza y salud.<\/strong><\/li>\n<\/ul>\n<p>&nbsp;<\/p>\n<p><a class=\"mpc-button \" href=\"https:\/\/www.refugiocaninotorres.es\/wp-content\/uploads\/2016\/01\/derechos-ciudadanos-frente-a-la-ley-de-proteccion.pdf\" target=\"_blank\" data-slimstat-tracking=\"false\" data-slimstat-callback=\"true\"><strong><b style=\"color: #a7cd2a;\">COMO ACTUAR FRENTE AL MALTRATO<\/strong>. 3 p\u00e1ginas. Descargar PDF<\/b><\/a><\/p>\n<p>&nbsp;<\/p>\n","protected":false},"excerpt":{"rendered":"<p>QUE HACER CONTRA EL MALTRATO ANIMAL Existe una LEY DE PROTECCI\u00d3N ANIMAL DE CANTABRIA que, aparte de muchas otras cosas, protege y legisla ciertos aspectos respecto a la tenencia de animales dom\u00e9sticos. Esta ley esta a nuestra disposici\u00f3n para reclamar y denunciar en caso de ser testigos de su infracci\u00f3n, \u00a0y exigir, como ciudadanos, el<\/p>\n<p><a href=\"https:\/\/www.refugiocaninotorres.es\/?page_id=155\" class=\"more-link themebutton\">Leer m\u00e1s<\/a><\/p>\n","protected":false},"author":1,"featured_media":0,"parent":0,"menu_order":0,"comment_status":"closed","ping_status":"closed","template":"","meta":{"footnotes":""},"class_list":["post-155","page","type-page","status-publish","hentry"],"_links":{"self":[{"href":"https:\/\/www.refugiocaninotorres.es\/index.php?rest_route=\/wp\/v2\/pages\/155","targetHints":{"allow":["GET"]}}],"collection":[{"href":"https:\/\/www.refugiocaninotorres.es\/index.php?rest_route=\/wp\/v2\/pages"}],"about":[{"href":"https:\/\/www.refugiocaninotorres.es\/index.php?rest_route=\/wp\/v2\/types\/page"}],"author":[{"embeddable":true,"href":"https:\/\/www.refugiocaninotorres.es\/index.php?rest_route=\/wp\/v2\/users\/1"}],"replies":[{"embeddable":true,"href":"https:\/\/www.refugiocaninotorres.es\/index.php?rest_route=%2Fwp%2Fv2%2Fcomments&post=155"}],"version-history":[{"count":7,"href":"https:\/\/www.refugiocaninotorres.es\/index.php?rest_route=\/wp\/v2\/pages\/155\/revisions"}],"predecessor-version":[{"id":373,"href":"https:\/\/www.refugiocaninotorres.es\/index.php?rest_route=\/wp\/v2\/pages\/155\/revisions\/373"}],"wp:attachment":[{"href":"https:\/\/www.refugiocaninotorres.es\/index.php?rest_route=%2Fwp%2Fv2%2Fmedia&parent=155"}],"curies":[{"name":"wp","href":"https:\/\/api.w.org\/{rel}","templated":true}]}}