{"id":151,"date":"2016-01-31T13:26:54","date_gmt":"2016-01-31T13:26:54","guid":{"rendered":"http:\/\/www.refugiocaninotorres.es\/?page_id=151"},"modified":"2016-02-02T21:02:13","modified_gmt":"2016-02-02T21:02:13","slug":"consejos","status":"publish","type":"page","link":"https:\/\/www.refugiocaninotorres.es\/?page_id=151","title":{"rendered":"Consejos"},"content":{"rendered":"<p><img loading=\"lazy\" decoding=\"async\" class=\"size-medium wp-image-263 aligncenter\" src=\"https:\/\/www.refugiocaninotorres.es\/wp-content\/uploads\/2016\/01\/5-300x143.jpg\" alt=\"5\" width=\"300\" height=\"143\" srcset=\"https:\/\/www.refugiocaninotorres.es\/wp-content\/uploads\/2016\/01\/5-300x143.jpg 300w, https:\/\/www.refugiocaninotorres.es\/wp-content\/uploads\/2016\/01\/5-768x366.jpg 768w, https:\/\/www.refugiocaninotorres.es\/wp-content\/uploads\/2016\/01\/5.jpg 992w\" sizes=\"auto, (max-width: 300px) 100vw, 300px\" \/><\/p>\n<table style=\"border: inset 0pt;\">\n<td style=\"border: inset 0pt;\">\n<b style=\"color: #a7cd2a;\">LA ESTERILIZACI\u00d3N.<\/b><br \/>\nDesde nuestra perspectiva como Protectora de Animales consideramos la esterilizaci\u00f3n un gesto que muestra gran responsabilidad. Hay una importante desinformaci\u00f3n sobre este tema y esto se traduce en una sobre poblaci\u00f3n.<\/p>\n<p><a href=\"https:\/\/www.refugiocaninotorres.es\/wp-content\/uploads\/2016\/01\/esterilizacion-copia.pdf\" target=\"_blank\"><b>ESTERILIZACI\u00d3N. Descargar PDF<\/b><\/a>\n<\/td>\n<td style=\"border: inset 0pt;\">\n<b style=\"color: #a7cd2a;\">\u00bfHAS ENCONTRADO UN PERRO O HAS PERDIDO AL TUYO?.<\/b><br \/>\nLos perros se extrav\u00edan mucho m\u00e1s a menudo de lo que pensamos, si al cabo de un rato no aparece, el tiempo comienza a correr en nuestra contra, es importante que en estos casos activemos una serie de protocolos muy importantes que marcaran la diferencia entre encontrarlo o perderlo para siempre.<\/p>\n<p><a href=\"https:\/\/www.refugiocaninotorres.es\/wp-content\/uploads\/2016\/01\/que-hacer-si-has-perdido-a-tu-perro.pdf\" target=\"_blank\"><b>ENCONTRAR O PERDER UN PERRO. Descargar PDF<\/b><\/a>\n<\/td>\n<td style=\"border: inset 0pt;\">\n<b style=\"color: #a7cd2a;\">ADOPCI\u00d3N Y TENENCIA RESPONSABLE.<\/b><br \/>\nConvivir con un perro o con un gato es una gran felicidad pero antes de elegir un animal como compa\u00f1ero debemos evaluar sus caracter\u00edsticas para que encajen en nuestras circunstancias de vida, y ser conscientes de si realmente seremos capaces de atender todas las necesidades que un animal exige.<\/p>\n<p><a href=\"https:\/\/www.refugiocaninotorres.es\/wp-content\/uploads\/2016\/01\/adopcion.pdf\" target=\"_blank\"><b>ADOPCI\u00d3N Y RESPONSABILIDAD. Descargar PDF<\/b><\/a>\n<\/td>\n<\/table>\n","protected":false},"excerpt":{"rendered":"<p>LA ESTERILIZACI\u00d3N. Desde nuestra perspectiva como Protectora de Animales consideramos la esterilizaci\u00f3n un gesto que muestra gran responsabilidad. Hay una importante desinformaci\u00f3n sobre este tema y esto se traduce en una sobre poblaci\u00f3n. ESTERILIZACI\u00d3N. Descargar PDF \u00bfHAS ENCONTRADO UN PERRO O HAS PERDIDO AL TUYO?. Los perros se extrav\u00edan mucho m\u00e1s a menudo de lo<\/p>\n<p><a href=\"https:\/\/www.refugiocaninotorres.es\/?page_id=151\" class=\"more-link themebutton\">Leer m\u00e1s<\/a><\/p>\n","protected":false},"author":1,"featured_media":0,"parent":0,"menu_order":0,"comment_status":"closed","ping_status":"closed","template":"","meta":{"footnotes":""},"class_list":["post-151","page","type-page","status-publish","hentry"],"_links":{"self":[{"href":"https:\/\/www.refugiocaninotorres.es\/index.php?rest_route=\/wp\/v2\/pages\/151","targetHints":{"allow":["GET"]}}],"collection":[{"href":"https:\/\/www.refugiocaninotorres.es\/index.php?rest_route=\/wp\/v2\/pages"}],"about":[{"href":"https:\/\/www.refugiocaninotorres.es\/index.php?rest_route=\/wp\/v2\/types\/page"}],"author":[{"embeddable":true,"href":"https:\/\/www.refugiocaninotorres.es\/index.php?rest_route=\/wp\/v2\/users\/1"}],"replies":[{"embeddable":true,"href":"https:\/\/www.refugiocaninotorres.es\/index.php?rest_route=%2Fwp%2Fv2%2Fcomments&post=151"}],"version-history":[{"count":14,"href":"https:\/\/www.refugiocaninotorres.es\/index.php?rest_route=\/wp\/v2\/pages\/151\/revisions"}],"predecessor-version":[{"id":371,"href":"https:\/\/www.refugiocaninotorres.es\/index.php?rest_route=\/wp\/v2\/pages\/151\/revisions\/371"}],"wp:attachment":[{"href":"https:\/\/www.refugiocaninotorres.es\/index.php?rest_route=%2Fwp%2Fv2%2Fmedia&parent=151"}],"curies":[{"name":"wp","href":"https:\/\/api.w.org\/{rel}","templated":true}]}}