{"id":147,"date":"2016-01-31T13:25:21","date_gmt":"2016-01-31T13:25:21","guid":{"rendered":"http:\/\/www.refugiocaninotorres.es\/?page_id=147"},"modified":"2020-10-14T15:31:34","modified_gmt":"2020-10-14T15:31:34","slug":"donaciones","status":"publish","type":"page","link":"https:\/\/www.refugiocaninotorres.es\/?page_id=147","title":{"rendered":"Donaciones"},"content":{"rendered":"<p><a href=\"https:\/\/www.refugiocaninotorres.es\/wp-content\/uploads\/2020\/10\/118643836_2781295008638388_2071781245428405075_o.jpg\"><img loading=\"lazy\" decoding=\"async\" class=\"aligncenter wp-image-556 size-medium\" src=\"https:\/\/www.refugiocaninotorres.es\/wp-content\/uploads\/2020\/10\/118643836_2781295008638388_2071781245428405075_o-300x225.jpg\" alt=\"\" width=\"600\" height=\"450\" srcset=\"https:\/\/www.refugiocaninotorres.es\/wp-content\/uploads\/2020\/10\/118643836_2781295008638388_2071781245428405075_o-300x225.jpg 300w, https:\/\/www.refugiocaninotorres.es\/wp-content\/uploads\/2020\/10\/118643836_2781295008638388_2071781245428405075_o-1024x768.jpg 1024w, https:\/\/www.refugiocaninotorres.es\/wp-content\/uploads\/2020\/10\/118643836_2781295008638388_2071781245428405075_o-768x576.jpg 768w, https:\/\/www.refugiocaninotorres.es\/wp-content\/uploads\/2020\/10\/118643836_2781295008638388_2071781245428405075_o.jpg 1440w\" sizes=\"auto, (max-width: 600px) 100vw, 600px\" \/><\/a><\/p>\n<p>Somos una Asociaci\u00f3n sin \u00e1nimo de lucro, que est\u00e1 compuesta \u00fanicamente por voluntarios que desarrollan su trabajo movidos por su amor a los perros; nuestra lucha se centra en velar por los derechos de los animales maltratados y abandonados, as\u00ed como en ofrecerles cari\u00f1o y protecci\u00f3n, proporcionarles atenci\u00f3n veterinaria y m\u00e1s adelante buscarles un hogar adecuado y permanente donde puedan ser felices<\/p>\n<p>Hacemos un esfuerzo extraordinario para encontrar un hogar y mejorar la vida a m\u00e1s de 200 perros que albergamos anualmente. Nuestra ONG ejerce una actividad social de car\u00e1cter independiente y se sustenta con ayuda institucional y la generosidad de particulares. Sabemos que el futuro de estos \u201cadorables peludos\u201d, abandonados y maltratados TE IMPORTA, ay\u00fadanos, porque UN POCO de tu esfuerzo lo es TODO para nosotros<\/p>\n<p><strong>COMO AYUDAR AL REFUGIO CANINO TORRES:<\/strong><\/p>\n<ul>\n<li>ADOPTA: info@refugiocaninotorres.es TELEFONO: 650 537 300<\/li>\n<li><a href=\"https:\/\/www.refugiocaninotorres.es\/socios-padrinos\/\" target=\"_blank\" rel=\"noopener noreferrer\">APADRINA A UN PERRO -&gt;<\/a><\/li>\n<li><a href=\"https:\/\/www.refugiocaninotorres.es\/socios-padrinos\/\" target=\"_blank\" rel=\"noopener noreferrer\">HAZTE SOCIO&nbsp;-&gt;<\/a><\/li>\n<li><a href=\"https:\/\/www.refugiocaninotorres.es\/acogidas\/\" target=\"_blank\" rel=\"noopener noreferrer\">HAZTE CASA DE ACOGIDA -&gt;<\/a><\/li>\n<li>HAZTE VOLUNTARIO: voluntarios@refugiocaninotorres.es<\/li>\n<li>HAZ TEAMING: *&nbsp;<strong>https:\/\/www.teaming.net\/refugiocaninotorres y&nbsp;https:\/\/www.teaming.net\/refugiotorres<\/strong><\/li>\n<li>COMPRA EN LA TIENDA DEL REFUGIO<\/li>\n<li>APORTACI\u00d3N ECON\u00d3MICA: BANCO SANTANDER <strong>ES23<\/strong>&nbsp;<strong>0049 5432 52 2417477491<\/strong><\/li>\n<li>DONACI\u00d3N PAYPAL info@refugiocaninotorres.es<\/li>\n<li>DIFUNDE Y ANIMA A OTRAS PERSONAS A COLABORAR.<\/li>\n<\/ul>\n<ul>\n<li>MATERIAL:<\/li>\n<\/ul>\n<ol>\n<li>COMIDA: PIENSO PARA CACHORROS Y ADULTOS, LATAS Y LECHE PARA CACHORROS.<\/li>\n<li>MANIPULACI\u00d3N Y TRASPORTE: TRANSPORTINES, JAULAS, CORREAS Y COLLARES.<\/li>\n<li>REFUGIO Y ABRIGO: MANTAS, S\u00c1BANAS, TOALLAS Y CASETAS.<\/li>\n<li>LIMPIEZA: LEJ\u00cdA, JAB\u00d3N EN POLVO PARA LAVADORA, LIMPIADOR BA\u00d1O, LIMPIA SUELOS, LIMPIA CRISTALES, ESCOBAS, ESCOBONES, FREGONAS, CUBOS, BAYETAS,<\/li>\n<li>ESTROPAJOS DE HIERRO, GUANTES DE LATEX, CEPILLOS RASCADORES, AMBIENTADORES, PRODUCTOS DESINFECTANTES, RECOGEDORES METALICOS CON MANGO,<\/li>\n<li>PAPEL DE COCINA Y PAPEL HIGI\u00c9NICO Y MANGUERAS.<\/li>\n<li>ENFERMER\u00cdA: GASAS, TIJERAS, SUERO, BETADINE L\u00cdQUIDO, BETADINE JABONOSO, AGUA OXIGENADA, VINAGRE DE MANZANA, ESPARADRAPO, MEDICINAS (AMOXICILINA+CLAVULANICO, VETMEDIN, FORTEKOR, ENALAPRIL, KETOCONAZOL, FUNGAREST, FERROCUR, TIROXINA, DACORTIN, PREDNISONA, CONDROPROTECTORES, ACIDOS GRASOS, PIPETAS, DESPARASITANTES INTERNOS).<\/li>\n<li>OFICINA: FOLIOS, SOBRES, SELLOS, CARPETAS Y FUNDAS DE PL\u00c1STICO.<\/li>\n<li>PARA LOS MERCADILLOS: PERCHEROS Y BURROS PARA PONER LA ROPA, CAJAS GUARDATODO GRANDES, ROPA EN BUEN ESTADO, LIBROS Y OBJETOS VENDIBLES.<\/li>\n<\/ol>\n<p><em>*Teaming es una herramienta online para recaudar fondos para causas sociales a trav\u00e9s de micro donaciones de 1\u20ac al mes. La filosof\u00eda de Teaming se basa en la idea de que con 1\u20ac, nosotros solos no podemos hacer mucho pero si nos unimos, podemos conseguir grandes cosas.<\/em><\/p>\n","protected":false},"excerpt":{"rendered":"<p>Somos una Asociaci\u00f3n sin \u00e1nimo de lucro, que est\u00e1 compuesta \u00fanicamente por voluntarios que desarrollan su trabajo movidos por su amor a los perros; nuestra lucha se centra en velar por los derechos de los animales maltratados y abandonados, as\u00ed como en ofrecerles cari\u00f1o y protecci\u00f3n, proporcionarles atenci\u00f3n veterinaria y m\u00e1s adelante buscarles un hogar<\/p>\n<p><a href=\"https:\/\/www.refugiocaninotorres.es\/?page_id=147\" class=\"more-link themebutton\">Leer m\u00e1s<\/a><\/p>\n","protected":false},"author":1,"featured_media":0,"parent":0,"menu_order":0,"comment_status":"closed","ping_status":"closed","template":"","meta":{"footnotes":""},"class_list":["post-147","page","type-page","status-publish","hentry"],"_links":{"self":[{"href":"https:\/\/www.refugiocaninotorres.es\/index.php?rest_route=\/wp\/v2\/pages\/147","targetHints":{"allow":["GET"]}}],"collection":[{"href":"https:\/\/www.refugiocaninotorres.es\/index.php?rest_route=\/wp\/v2\/pages"}],"about":[{"href":"https:\/\/www.refugiocaninotorres.es\/index.php?rest_route=\/wp\/v2\/types\/page"}],"author":[{"embeddable":true,"href":"https:\/\/www.refugiocaninotorres.es\/index.php?rest_route=\/wp\/v2\/users\/1"}],"replies":[{"embeddable":true,"href":"https:\/\/www.refugiocaninotorres.es\/index.php?rest_route=%2Fwp%2Fv2%2Fcomments&post=147"}],"version-history":[{"count":16,"href":"https:\/\/www.refugiocaninotorres.es\/index.php?rest_route=\/wp\/v2\/pages\/147\/revisions"}],"predecessor-version":[{"id":563,"href":"https:\/\/www.refugiocaninotorres.es\/index.php?rest_route=\/wp\/v2\/pages\/147\/revisions\/563"}],"wp:attachment":[{"href":"https:\/\/www.refugiocaninotorres.es\/index.php?rest_route=%2Fwp%2Fv2%2Fmedia&parent=147"}],"curies":[{"name":"wp","href":"https:\/\/api.w.org\/{rel}","templated":true}]}}