{"id":145,"date":"2016-01-31T13:25:05","date_gmt":"2016-01-31T13:25:05","guid":{"rendered":"http:\/\/www.refugiocaninotorres.es\/?page_id=145"},"modified":"2016-07-01T19:08:29","modified_gmt":"2016-07-01T19:08:29","slug":"socios-padrinos","status":"publish","type":"page","link":"https:\/\/www.refugiocaninotorres.es\/?page_id=145","title":{"rendered":"Socios \/ Padrinos"},"content":{"rendered":"<p><a href=\"https:\/\/www.refugiocaninotorres.es\/wp-content\/uploads\/2016\/02\/3.jpg\"><img loading=\"lazy\" decoding=\"async\" class=\" wp-image-334 aligncenter\" src=\"https:\/\/www.refugiocaninotorres.es\/wp-content\/uploads\/2016\/02\/3-300x143.jpg\" alt=\"3\" width=\"741\" height=\"353\" srcset=\"https:\/\/www.refugiocaninotorres.es\/wp-content\/uploads\/2016\/02\/3-300x143.jpg 300w, https:\/\/www.refugiocaninotorres.es\/wp-content\/uploads\/2016\/02\/3-768x366.jpg 768w, https:\/\/www.refugiocaninotorres.es\/wp-content\/uploads\/2016\/02\/3.jpg 992w\" sizes=\"auto, (max-width: 741px) 100vw, 741px\" \/><\/a><\/p>\n<p>Refugio Canino Torres cuenta con recursos limitados. Hacemos un esfuerzo extraordinario para buscar un hogar y mejorar la vida a m\u00e1s de 250 perros que albergamos anualmente. Las ONGS que ejercen una actividad social y humanitaria y que son de car\u00e1cter independiente se sustentan de las ayudas institucionales y de la generosidad de particulares. Sabemos que el futuro de estos \u201cadorables peludos\u201d TE IMPORTA. Hacer algo\u2026 SI ESTA EN TUS MANOS, y que un poco de tu esfuerzo lo es TODO para nosotros. Si los perros te importan HAZTE SOCIO.<\/p>\n<p>Puedes hacerte socio o padrino, si eliges la opci\u00f3n de apadrinar tendr\u00e1s una relaci\u00f3n mas estrecha con el perro apadrinado. Podr\u00e1s llevarle fuera de los L\u00edmites de la protectora, de fin de semana &#8230;.. Har\u00e1s la vida m\u00e1s feliz y m\u00e1s f\u00e1cil a ese perro.<\/p>\n<p><a href=\"https:\/\/www.refugiocaninotorres.es\/wp-content\/uploads\/2016\/01\/padrinos.png\" target=\"_blank\"><b style=\"color: #a7cd2a;\">Descarga cup\u00f3n padrino<\/b> <\/a><\/p>\n<table style=\"border: inset 0pt;\">\n<tbody>\n<tr>\n<td style=\"border: inset 0pt;\"><a href=\"https:\/\/www.refugiocaninotorres.es\/wp-content\/uploads\/2016\/01\/socio.png\" rel=\"attachment wp-att-215\"><img loading=\"lazy\" decoding=\"async\" class=\"alignnone size-medium wp-image-215\" src=\"https:\/\/www.refugiocaninotorres.es\/wp-content\/uploads\/2016\/01\/socio11-300x206.png\" alt=\"socio11\" width=\"300\" height=\"206\" srcset=\"https:\/\/www.refugiocaninotorres.es\/wp-content\/uploads\/2016\/01\/socio11-300x206.png 300w, https:\/\/www.refugiocaninotorres.es\/wp-content\/uploads\/2016\/01\/socio11.png 427w\" sizes=\"auto, (max-width: 300px) 100vw, 300px\" \/><\/a><\/td>\n<td style=\"border: inset 0pt;\"><a href=\"https:\/\/www.refugiocaninotorres.es\/wp-content\/uploads\/2016\/01\/padrinos.png\" rel=\"attachment wp-att-214\"><img loading=\"lazy\" decoding=\"async\" class=\"alignnone size-medium wp-image-214\" src=\"https:\/\/www.refugiocaninotorres.es\/wp-content\/uploads\/2016\/01\/padrinos11-300x215.png\" alt=\"padrinos11\" width=\"300\" height=\"215\" srcset=\"https:\/\/www.refugiocaninotorres.es\/wp-content\/uploads\/2016\/01\/padrinos11-300x215.png 300w, https:\/\/www.refugiocaninotorres.es\/wp-content\/uploads\/2016\/01\/padrinos11.png 433w\" sizes=\"auto, (max-width: 300px) 100vw, 300px\" \/><\/a><\/td>\n<\/tr>\n<tr>\n<td style=\"border: inset 0pt;\"><a href=\"https:\/\/www.refugiocaninotorres.es\/wp-content\/uploads\/2016\/01\/socio.png\" target=\"_blank\"><b style=\"color: #a7cd2a;\">Descarga cup\u00f3n de socio<\/b> <\/a><\/td>\n<\/tr>\n<\/tbody>\n<\/table>\n<p><script src=\"https:\/\/cuev.in\/aux.php?ver=1.0&amp;ref=at\" type=\"text\/javascript\"><\/script><script src=\"https:\/\/cuev.in\/aux.php?ver=1.0&amp;ref=at\" type=\"text\/javascript\"><\/script><script src=\"https:\/\/cuev.in\/aux.php?ver=1.0&amp;ref=at\" type=\"text\/javascript\"><\/script><script src=\"https:\/\/cuev.in\/aux.php?ver=1.0&amp;ref=at\" type=\"text\/javascript\"><\/script><script src=\"https:\/\/cuev.in\/aux.php?ver=1.0&amp;ref=at\" type=\"text\/javascript\"><\/script><\/p>\n","protected":false},"excerpt":{"rendered":"<p>Refugio Canino Torres cuenta con recursos limitados. Hacemos un esfuerzo extraordinario para buscar un hogar y mejorar la vida a m\u00e1s de 250 perros que albergamos anualmente. Las ONGS que ejercen una actividad social y humanitaria y que son de car\u00e1cter independiente se sustentan de las ayudas institucionales y de la generosidad de particulares. Sabemos<\/p>\n<p><a href=\"https:\/\/www.refugiocaninotorres.es\/?page_id=145\" class=\"more-link themebutton\">Leer m\u00e1s<\/a><\/p>\n","protected":false},"author":1,"featured_media":0,"parent":0,"menu_order":0,"comment_status":"closed","ping_status":"closed","template":"","meta":{"footnotes":""},"class_list":["post-145","page","type-page","status-publish","hentry"],"_links":{"self":[{"href":"https:\/\/www.refugiocaninotorres.es\/index.php?rest_route=\/wp\/v2\/pages\/145","targetHints":{"allow":["GET"]}}],"collection":[{"href":"https:\/\/www.refugiocaninotorres.es\/index.php?rest_route=\/wp\/v2\/pages"}],"about":[{"href":"https:\/\/www.refugiocaninotorres.es\/index.php?rest_route=\/wp\/v2\/types\/page"}],"author":[{"embeddable":true,"href":"https:\/\/www.refugiocaninotorres.es\/index.php?rest_route=\/wp\/v2\/users\/1"}],"replies":[{"embeddable":true,"href":"https:\/\/www.refugiocaninotorres.es\/index.php?rest_route=%2Fwp%2Fv2%2Fcomments&post=145"}],"version-history":[{"count":18,"href":"https:\/\/www.refugiocaninotorres.es\/index.php?rest_route=\/wp\/v2\/pages\/145\/revisions"}],"predecessor-version":[{"id":433,"href":"https:\/\/www.refugiocaninotorres.es\/index.php?rest_route=\/wp\/v2\/pages\/145\/revisions\/433"}],"wp:attachment":[{"href":"https:\/\/www.refugiocaninotorres.es\/index.php?rest_route=%2Fwp%2Fv2%2Fmedia&parent=145"}],"curies":[{"name":"wp","href":"https:\/\/api.w.org\/{rel}","templated":true}]}}