{"id":1330,"date":"2025-11-29T16:07:34","date_gmt":"2025-11-29T16:07:34","guid":{"rendered":"https:\/\/www.refugiocaninotorres.es\/?page_id=1330"},"modified":"2025-11-29T16:07:46","modified_gmt":"2025-11-29T16:07:46","slug":"mochi-3","status":"publish","type":"page","link":"https:\/\/www.refugiocaninotorres.es\/?page_id=1330","title":{"rendered":"Mochi"},"content":{"rendered":"<table>\n<tbody>\n<tr>\n<td style=\"text-align: center;\"><img loading=\"lazy\" decoding=\"async\" class=\"alignnone wp-image-1332 size-medium\" src=\"https:\/\/www.refugiocaninotorres.es\/wp-content\/uploads\/2025\/11\/Mochi-2-225x300.jpg\" alt=\"\" width=\"225\" height=\"300\" srcset=\"https:\/\/www.refugiocaninotorres.es\/wp-content\/uploads\/2025\/11\/Mochi-2-225x300.jpg 225w, https:\/\/www.refugiocaninotorres.es\/wp-content\/uploads\/2025\/11\/Mochi-2-768x1024.jpg 768w, https:\/\/www.refugiocaninotorres.es\/wp-content\/uploads\/2025\/11\/Mochi-2-1152x1536.jpg 1152w, https:\/\/www.refugiocaninotorres.es\/wp-content\/uploads\/2025\/11\/Mochi-2-1536x2048.jpg 1536w, https:\/\/www.refugiocaninotorres.es\/wp-content\/uploads\/2025\/11\/Mochi-2.jpg 1848w\" sizes=\"auto, (max-width: 225px) 100vw, 225px\" \/><\/td>\n<td><img loading=\"lazy\" decoding=\"async\" class=\"alignnone wp-image-1331 size-medium\" src=\"https:\/\/www.refugiocaninotorres.es\/wp-content\/uploads\/2025\/11\/Mochi-169x300.jpg\" alt=\"\" width=\"169\" height=\"300\" srcset=\"https:\/\/www.refugiocaninotorres.es\/wp-content\/uploads\/2025\/11\/Mochi-169x300.jpg 169w, https:\/\/www.refugiocaninotorres.es\/wp-content\/uploads\/2025\/11\/Mochi-576x1024.jpg 576w, https:\/\/www.refugiocaninotorres.es\/wp-content\/uploads\/2025\/11\/Mochi-768x1365.jpg 768w, https:\/\/www.refugiocaninotorres.es\/wp-content\/uploads\/2025\/11\/Mochi-864x1536.jpg 864w, https:\/\/www.refugiocaninotorres.es\/wp-content\/uploads\/2025\/11\/Mochi-1152x2048.jpg 1152w, https:\/\/www.refugiocaninotorres.es\/wp-content\/uploads\/2025\/11\/Mochi-scaled.jpg 1440w\" sizes=\"auto, (max-width: 169px) 100vw, 169px\" \/><\/td>\n<td><\/td>\n<\/tr>\n<\/tbody>\n<\/table>\n<p style=\"text-align: center;\"><span style=\"font-size: 16pt;\"><span style=\"color: #99cc00;\"><span style=\"font-size: 16pt; color: #99cc00;\"><b style=\"color: #99cc00; font-size: 16pt;\">Mochi espera tu cari\u00f1o<\/b><\/span><\/span><\/span><\/p>\n<p><span style=\"text-decoration: underline;\"><strong>HISTORIA<\/strong><\/span><\/p>\n<p><strong>Nombre<\/strong>: Mochi<br \/>\n<strong>A\u00f1o de nacimiento<\/strong>: 2025<br \/>\n<strong>Sexo<\/strong> \u2642<br \/>\n<b>Raza: <\/b>Mestizo<\/p>\n<p>Mochi llego con su hermana, Tara, que ha sido recientemente adoptada. Es un cachorro de menos de un a\u00f1o y de tama\u00f1o mediano, ahora ronda los 18\/20 kg y no creemos que crezcan m\u00e1s. Tiene car\u00e1cter de cachorro, alegre, juguet\u00f3n, travieso y sociable. Ten\u00eda mucho v\u00ednculo con su hermana y la segu\u00eda en todo lo que hacia. As\u00ed que ahora se ha quedado un poco triste y anhela tener una familia con la que pasar su vida, jugar y descubrir el mundo.<\/p>\n","protected":false},"excerpt":{"rendered":"<p>Mochi espera tu cari\u00f1o HISTORIA Nombre: Mochi A\u00f1o de nacimiento: 2025 Sexo \u2642 Raza: Mestizo Mochi llego con su hermana, Tara, que ha sido recientemente adoptada. Es un cachorro de menos de un a\u00f1o y de tama\u00f1o mediano, ahora ronda los 18\/20 kg y no creemos que crezcan m\u00e1s. Tiene car\u00e1cter de cachorro, alegre, juguet\u00f3n,<\/p>\n<p><a href=\"https:\/\/www.refugiocaninotorres.es\/?page_id=1330\" class=\"more-link themebutton\">Leer m\u00e1s<\/a><\/p>\n","protected":false},"author":2,"featured_media":0,"parent":114,"menu_order":0,"comment_status":"closed","ping_status":"closed","template":"","meta":{"footnotes":""},"class_list":["post-1330","page","type-page","status-publish","hentry"],"_links":{"self":[{"href":"https:\/\/www.refugiocaninotorres.es\/index.php?rest_route=\/wp\/v2\/pages\/1330","targetHints":{"allow":["GET"]}}],"collection":[{"href":"https:\/\/www.refugiocaninotorres.es\/index.php?rest_route=\/wp\/v2\/pages"}],"about":[{"href":"https:\/\/www.refugiocaninotorres.es\/index.php?rest_route=\/wp\/v2\/types\/page"}],"author":[{"embeddable":true,"href":"https:\/\/www.refugiocaninotorres.es\/index.php?rest_route=\/wp\/v2\/users\/2"}],"replies":[{"embeddable":true,"href":"https:\/\/www.refugiocaninotorres.es\/index.php?rest_route=%2Fwp%2Fv2%2Fcomments&post=1330"}],"version-history":[{"count":1,"href":"https:\/\/www.refugiocaninotorres.es\/index.php?rest_route=\/wp\/v2\/pages\/1330\/revisions"}],"predecessor-version":[{"id":1333,"href":"https:\/\/www.refugiocaninotorres.es\/index.php?rest_route=\/wp\/v2\/pages\/1330\/revisions\/1333"}],"up":[{"embeddable":true,"href":"https:\/\/www.refugiocaninotorres.es\/index.php?rest_route=\/wp\/v2\/pages\/114"}],"wp:attachment":[{"href":"https:\/\/www.refugiocaninotorres.es\/index.php?rest_route=%2Fwp%2Fv2%2Fmedia&parent=1330"}],"curies":[{"name":"wp","href":"https:\/\/api.w.org\/{rel}","templated":true}]}}