{"id":1326,"date":"2025-11-23T18:50:24","date_gmt":"2025-11-23T18:50:24","guid":{"rendered":"https:\/\/www.refugiocaninotorres.es\/?page_id=1326"},"modified":"2025-11-23T18:50:32","modified_gmt":"2025-11-23T18:50:32","slug":"rambo-4","status":"publish","type":"page","link":"https:\/\/www.refugiocaninotorres.es\/?page_id=1326","title":{"rendered":"Rambo"},"content":{"rendered":"<table>\n<tbody>\n<tr>\n<td style=\"text-align: center;\"><img loading=\"lazy\" decoding=\"async\" class=\"alignnone wp-image-1307 size-medium\" src=\"https:\/\/www.refugiocaninotorres.es\/wp-content\/uploads\/2025\/11\/Rambo-169x300.jpg\" alt=\"\" width=\"169\" height=\"300\" srcset=\"https:\/\/www.refugiocaninotorres.es\/wp-content\/uploads\/2025\/11\/Rambo-169x300.jpg 169w, https:\/\/www.refugiocaninotorres.es\/wp-content\/uploads\/2025\/11\/Rambo-576x1024.jpg 576w, https:\/\/www.refugiocaninotorres.es\/wp-content\/uploads\/2025\/11\/Rambo-768x1365.jpg 768w, https:\/\/www.refugiocaninotorres.es\/wp-content\/uploads\/2025\/11\/Rambo-864x1536.jpg 864w, https:\/\/www.refugiocaninotorres.es\/wp-content\/uploads\/2025\/11\/Rambo-1152x2048.jpg 1152w, https:\/\/www.refugiocaninotorres.es\/wp-content\/uploads\/2025\/11\/Rambo-scaled.jpg 1440w\" sizes=\"auto, (max-width: 169px) 100vw, 169px\" \/><\/td>\n<td><img loading=\"lazy\" decoding=\"async\" class=\"alignnone wp-image-1311 size-medium\" src=\"https:\/\/www.refugiocaninotorres.es\/wp-content\/uploads\/2025\/11\/Rambo-3-225x300.jpg\" alt=\"\" width=\"225\" height=\"300\" srcset=\"https:\/\/www.refugiocaninotorres.es\/wp-content\/uploads\/2025\/11\/Rambo-3-225x300.jpg 225w, https:\/\/www.refugiocaninotorres.es\/wp-content\/uploads\/2025\/11\/Rambo-3-768x1024.jpg 768w, https:\/\/www.refugiocaninotorres.es\/wp-content\/uploads\/2025\/11\/Rambo-3-1152x1536.jpg 1152w, https:\/\/www.refugiocaninotorres.es\/wp-content\/uploads\/2025\/11\/Rambo-3-1536x2048.jpg 1536w, https:\/\/www.refugiocaninotorres.es\/wp-content\/uploads\/2025\/11\/Rambo-3.jpg 1848w\" sizes=\"auto, (max-width: 225px) 100vw, 225px\" \/><\/td>\n<td><img loading=\"lazy\" decoding=\"async\" class=\"alignnone wp-image-1309 size-medium\" src=\"https:\/\/www.refugiocaninotorres.es\/wp-content\/uploads\/2025\/11\/Rambo-2-169x300.jpg\" alt=\"\" width=\"169\" height=\"300\" srcset=\"https:\/\/www.refugiocaninotorres.es\/wp-content\/uploads\/2025\/11\/Rambo-2-169x300.jpg 169w, https:\/\/www.refugiocaninotorres.es\/wp-content\/uploads\/2025\/11\/Rambo-2-576x1024.jpg 576w, https:\/\/www.refugiocaninotorres.es\/wp-content\/uploads\/2025\/11\/Rambo-2-768x1365.jpg 768w, https:\/\/www.refugiocaninotorres.es\/wp-content\/uploads\/2025\/11\/Rambo-2-864x1536.jpg 864w, https:\/\/www.refugiocaninotorres.es\/wp-content\/uploads\/2025\/11\/Rambo-2-1152x2048.jpg 1152w, https:\/\/www.refugiocaninotorres.es\/wp-content\/uploads\/2025\/11\/Rambo-2-scaled.jpg 1440w\" sizes=\"auto, (max-width: 169px) 100vw, 169px\" \/><\/td>\n<\/tr>\n<\/tbody>\n<\/table>\n<p style=\"text-align: center;\"><span style=\"font-size: 16pt;\"><span style=\"color: #99cc00;\"><span style=\"font-size: 16pt; color: #99cc00;\"><b style=\"color: #99cc00; font-size: 16pt;\">Rambo<\/b><\/span><\/span><\/span><\/p>\n<p><span style=\"text-decoration: underline;\"><strong>HISTORIA<\/strong><\/span><\/p>\n<p><strong>Nombre<\/strong>: Rambo<br \/>\n<strong>A\u00f1o de nacimiento<\/strong>: 2022<br \/>\n<strong>Sexo<\/strong> \u2642<br \/>\n<b>Raza: <\/b>Mestizo<\/p>\n<p>Mestizo de 3 a\u00f1os y medio. Rambo es PPP, as\u00ed que para adoptarlo hace falta licencia y seguro; es un perro buen\u00edsimo, muy fuerte y bruto, pero un cacho de pan, lleno de amor y cari\u00f1o para dar a todo el mundo. Es muy sociable con otros perros. Est\u00e1 acostumbrado a vivir dentro de casa y sabe hacer sus cosas fuera.<\/p>\n","protected":false},"excerpt":{"rendered":"<p>Rambo HISTORIA Nombre: Rambo A\u00f1o de nacimiento: 2022 Sexo \u2642 Raza: Mestizo Mestizo de 3 a\u00f1os y medio. Rambo es PPP, as\u00ed que para adoptarlo hace falta licencia y seguro; es un perro buen\u00edsimo, muy fuerte y bruto, pero un cacho de pan, lleno de amor y cari\u00f1o para dar a todo el mundo. Es<\/p>\n<p><a href=\"https:\/\/www.refugiocaninotorres.es\/?page_id=1326\" class=\"more-link themebutton\">Leer m\u00e1s<\/a><\/p>\n","protected":false},"author":2,"featured_media":0,"parent":114,"menu_order":0,"comment_status":"closed","ping_status":"closed","template":"","meta":{"footnotes":""},"class_list":["post-1326","page","type-page","status-publish","hentry"],"_links":{"self":[{"href":"https:\/\/www.refugiocaninotorres.es\/index.php?rest_route=\/wp\/v2\/pages\/1326","targetHints":{"allow":["GET"]}}],"collection":[{"href":"https:\/\/www.refugiocaninotorres.es\/index.php?rest_route=\/wp\/v2\/pages"}],"about":[{"href":"https:\/\/www.refugiocaninotorres.es\/index.php?rest_route=\/wp\/v2\/types\/page"}],"author":[{"embeddable":true,"href":"https:\/\/www.refugiocaninotorres.es\/index.php?rest_route=\/wp\/v2\/users\/2"}],"replies":[{"embeddable":true,"href":"https:\/\/www.refugiocaninotorres.es\/index.php?rest_route=%2Fwp%2Fv2%2Fcomments&post=1326"}],"version-history":[{"count":1,"href":"https:\/\/www.refugiocaninotorres.es\/index.php?rest_route=\/wp\/v2\/pages\/1326\/revisions"}],"predecessor-version":[{"id":1327,"href":"https:\/\/www.refugiocaninotorres.es\/index.php?rest_route=\/wp\/v2\/pages\/1326\/revisions\/1327"}],"up":[{"embeddable":true,"href":"https:\/\/www.refugiocaninotorres.es\/index.php?rest_route=\/wp\/v2\/pages\/114"}],"wp:attachment":[{"href":"https:\/\/www.refugiocaninotorres.es\/index.php?rest_route=%2Fwp%2Fv2%2Fmedia&parent=1326"}],"curies":[{"name":"wp","href":"https:\/\/api.w.org\/{rel}","templated":true}]}}