{"id":1320,"date":"2025-11-23T18:42:57","date_gmt":"2025-11-23T18:42:57","guid":{"rendered":"https:\/\/www.refugiocaninotorres.es\/?page_id=1320"},"modified":"2025-11-23T18:45:25","modified_gmt":"2025-11-23T18:45:25","slug":"marta","status":"publish","type":"page","link":"https:\/\/www.refugiocaninotorres.es\/?page_id=1320","title":{"rendered":"Marta"},"content":{"rendered":"<table>\n<tbody>\n<tr>\n<td style=\"text-align: center;\"><img loading=\"lazy\" decoding=\"async\" class=\"alignnone wp-image-1313 size-medium\" src=\"https:\/\/www.refugiocaninotorres.es\/wp-content\/uploads\/2025\/11\/Marta-1-225x300.jpg\" alt=\"\" width=\"225\" height=\"300\" srcset=\"https:\/\/www.refugiocaninotorres.es\/wp-content\/uploads\/2025\/11\/Marta-1-225x300.jpg 225w, https:\/\/www.refugiocaninotorres.es\/wp-content\/uploads\/2025\/11\/Marta-1-768x1024.jpg 768w, https:\/\/www.refugiocaninotorres.es\/wp-content\/uploads\/2025\/11\/Marta-1-1152x1536.jpg 1152w, https:\/\/www.refugiocaninotorres.es\/wp-content\/uploads\/2025\/11\/Marta-1-1536x2048.jpg 1536w, https:\/\/www.refugiocaninotorres.es\/wp-content\/uploads\/2025\/11\/Marta-1.jpg 1848w\" sizes=\"auto, (max-width: 225px) 100vw, 225px\" \/><\/td>\n<td><img loading=\"lazy\" decoding=\"async\" class=\"alignnone wp-image-1314 size-medium\" src=\"https:\/\/www.refugiocaninotorres.es\/wp-content\/uploads\/2025\/11\/Marta-225x300.jpg\" alt=\"\" width=\"225\" height=\"300\" srcset=\"https:\/\/www.refugiocaninotorres.es\/wp-content\/uploads\/2025\/11\/Marta-225x300.jpg 225w, https:\/\/www.refugiocaninotorres.es\/wp-content\/uploads\/2025\/11\/Marta-768x1024.jpg 768w, https:\/\/www.refugiocaninotorres.es\/wp-content\/uploads\/2025\/11\/Marta-1152x1536.jpg 1152w, https:\/\/www.refugiocaninotorres.es\/wp-content\/uploads\/2025\/11\/Marta-1536x2048.jpg 1536w, https:\/\/www.refugiocaninotorres.es\/wp-content\/uploads\/2025\/11\/Marta.jpg 1848w\" sizes=\"auto, (max-width: 225px) 100vw, 225px\" \/><\/td>\n<td><img loading=\"lazy\" decoding=\"async\" class=\"alignnone wp-image-1312 size-medium\" src=\"https:\/\/www.refugiocaninotorres.es\/wp-content\/uploads\/2025\/11\/Marta-3-225x300.jpg\" alt=\"\" width=\"225\" height=\"300\" srcset=\"https:\/\/www.refugiocaninotorres.es\/wp-content\/uploads\/2025\/11\/Marta-3-225x300.jpg 225w, https:\/\/www.refugiocaninotorres.es\/wp-content\/uploads\/2025\/11\/Marta-3-768x1024.jpg 768w, https:\/\/www.refugiocaninotorres.es\/wp-content\/uploads\/2025\/11\/Marta-3-1152x1536.jpg 1152w, https:\/\/www.refugiocaninotorres.es\/wp-content\/uploads\/2025\/11\/Marta-3-1536x2048.jpg 1536w, https:\/\/www.refugiocaninotorres.es\/wp-content\/uploads\/2025\/11\/Marta-3.jpg 1848w\" sizes=\"auto, (max-width: 225px) 100vw, 225px\" \/><\/td>\n<\/tr>\n<\/tbody>\n<\/table>\n<p style=\"text-align: center;\"><span style=\"font-size: 16pt;\"><strong><span style=\"color: #99cc00;\">Marta quiere ir a tu casa<\/span><\/strong><\/span><\/p>\n<p><span style=\"text-decoration: underline;\"><strong>HISTORIA<\/strong><\/span><\/p>\n<p><strong>Nombre<\/strong>: Marta<br \/>\n<strong>A\u00f1o de nacimiento<\/strong>: 2025<br \/>\n<strong>Sexo<\/strong> \u2640<br \/>\n<strong>Raza: <\/strong>Mestiza<\/p>\n<p>Marta tiene ahora unos 6 meses, fue encontrada con su hermano Marte, ya adoptado, y Marti tambi\u00e9n en adopci\u00f3n. Tuvo que estar aislada m\u00e1s de un mes y medio ya que tuvo parvo, pero es una luchadora, sali\u00f3 adelante \ud83d\udcaa y ahora esta perfectamente y est\u00e1 llena de energ\u00eda y de amor para repartir, y lista para irse a tu hogar. Ser\u00e1 de tama\u00f1o mediano de adulta (unos 15 kg aproximadamente).<\/p>\n","protected":false},"excerpt":{"rendered":"<p>Marta quiere ir a tu casa HISTORIA Nombre: Marta A\u00f1o de nacimiento: 2025 Sexo \u2640 Raza: Mestiza Marta tiene ahora unos 6 meses, fue encontrada con su hermano Marte, ya adoptado, y Marti tambi\u00e9n en adopci\u00f3n. Tuvo que estar aislada m\u00e1s de un mes y medio ya que tuvo parvo, pero es una luchadora, sali\u00f3<\/p>\n<p><a href=\"https:\/\/www.refugiocaninotorres.es\/?page_id=1320\" class=\"more-link themebutton\">Leer m\u00e1s<\/a><\/p>\n","protected":false},"author":2,"featured_media":0,"parent":118,"menu_order":0,"comment_status":"closed","ping_status":"closed","template":"","meta":{"footnotes":""},"class_list":["post-1320","page","type-page","status-publish","hentry"],"_links":{"self":[{"href":"https:\/\/www.refugiocaninotorres.es\/index.php?rest_route=\/wp\/v2\/pages\/1320","targetHints":{"allow":["GET"]}}],"collection":[{"href":"https:\/\/www.refugiocaninotorres.es\/index.php?rest_route=\/wp\/v2\/pages"}],"about":[{"href":"https:\/\/www.refugiocaninotorres.es\/index.php?rest_route=\/wp\/v2\/types\/page"}],"author":[{"embeddable":true,"href":"https:\/\/www.refugiocaninotorres.es\/index.php?rest_route=\/wp\/v2\/users\/2"}],"replies":[{"embeddable":true,"href":"https:\/\/www.refugiocaninotorres.es\/index.php?rest_route=%2Fwp%2Fv2%2Fcomments&post=1320"}],"version-history":[{"count":2,"href":"https:\/\/www.refugiocaninotorres.es\/index.php?rest_route=\/wp\/v2\/pages\/1320\/revisions"}],"predecessor-version":[{"id":1323,"href":"https:\/\/www.refugiocaninotorres.es\/index.php?rest_route=\/wp\/v2\/pages\/1320\/revisions\/1323"}],"up":[{"embeddable":true,"href":"https:\/\/www.refugiocaninotorres.es\/index.php?rest_route=\/wp\/v2\/pages\/118"}],"wp:attachment":[{"href":"https:\/\/www.refugiocaninotorres.es\/index.php?rest_route=%2Fwp%2Fv2%2Fmedia&parent=1320"}],"curies":[{"name":"wp","href":"https:\/\/api.w.org\/{rel}","templated":true}]}}