{"id":1316,"date":"2025-11-23T18:34:49","date_gmt":"2025-11-23T18:34:49","guid":{"rendered":"https:\/\/www.refugiocaninotorres.es\/?page_id=1316"},"modified":"2025-11-23T18:46:48","modified_gmt":"2025-11-23T18:46:48","slug":"marti","status":"publish","type":"page","link":"https:\/\/www.refugiocaninotorres.es\/?page_id=1316","title":{"rendered":"Marti"},"content":{"rendered":"<table>\n<tbody>\n<tr>\n<td style=\"text-align: center;\"><img loading=\"lazy\" decoding=\"async\" class=\"alignnone wp-image-1315 size-medium\" src=\"https:\/\/www.refugiocaninotorres.es\/wp-content\/uploads\/2025\/11\/Marte-225x300.jpg\" alt=\"\" width=\"225\" height=\"300\" srcset=\"https:\/\/www.refugiocaninotorres.es\/wp-content\/uploads\/2025\/11\/Marte-225x300.jpg 225w, https:\/\/www.refugiocaninotorres.es\/wp-content\/uploads\/2025\/11\/Marte-768x1024.jpg 768w, https:\/\/www.refugiocaninotorres.es\/wp-content\/uploads\/2025\/11\/Marte-1152x1536.jpg 1152w, https:\/\/www.refugiocaninotorres.es\/wp-content\/uploads\/2025\/11\/Marte-1536x2048.jpg 1536w, https:\/\/www.refugiocaninotorres.es\/wp-content\/uploads\/2025\/11\/Marte.jpg 1848w\" sizes=\"auto, (max-width: 225px) 100vw, 225px\" \/><\/td>\n<td><img loading=\"lazy\" decoding=\"async\" class=\"alignnone wp-image-1310 size-medium\" src=\"https:\/\/www.refugiocaninotorres.es\/wp-content\/uploads\/2025\/11\/Marte-2-225x300.jpg\" alt=\"\" width=\"225\" height=\"300\" srcset=\"https:\/\/www.refugiocaninotorres.es\/wp-content\/uploads\/2025\/11\/Marte-2-225x300.jpg 225w, https:\/\/www.refugiocaninotorres.es\/wp-content\/uploads\/2025\/11\/Marte-2-768x1024.jpg 768w, https:\/\/www.refugiocaninotorres.es\/wp-content\/uploads\/2025\/11\/Marte-2-1152x1536.jpg 1152w, https:\/\/www.refugiocaninotorres.es\/wp-content\/uploads\/2025\/11\/Marte-2-1536x2048.jpg 1536w, https:\/\/www.refugiocaninotorres.es\/wp-content\/uploads\/2025\/11\/Marte-2.jpg 1848w\" sizes=\"auto, (max-width: 225px) 100vw, 225px\" \/><\/td>\n<td><img loading=\"lazy\" decoding=\"async\" class=\"alignnone size-medium wp-image-1308\" src=\"https:\/\/www.refugiocaninotorres.es\/wp-content\/uploads\/2025\/11\/Marte-1-225x300.jpg\" alt=\"\" width=\"225\" height=\"300\" srcset=\"https:\/\/www.refugiocaninotorres.es\/wp-content\/uploads\/2025\/11\/Marte-1-225x300.jpg 225w, https:\/\/www.refugiocaninotorres.es\/wp-content\/uploads\/2025\/11\/Marte-1-768x1024.jpg 768w, https:\/\/www.refugiocaninotorres.es\/wp-content\/uploads\/2025\/11\/Marte-1-1152x1536.jpg 1152w, https:\/\/www.refugiocaninotorres.es\/wp-content\/uploads\/2025\/11\/Marte-1-1536x2048.jpg 1536w, https:\/\/www.refugiocaninotorres.es\/wp-content\/uploads\/2025\/11\/Marte-1.jpg 1848w\" sizes=\"auto, (max-width: 225px) 100vw, 225px\" \/><\/td>\n<\/tr>\n<\/tbody>\n<\/table>\n<p style=\"text-align: center;\"><span style=\"font-size: 16pt;\"><span style=\"color: #99cc00;\"><span style=\"font-size: 16pt; color: #99cc00;\"><b style=\"color: #99cc00; font-size: 16pt;\">Marti te esta esperando para compartir todo su amor<\/b><\/span><\/span><\/span><\/p>\n<p><span style=\"text-decoration: underline;\"><strong>HISTORIA<\/strong><\/span><\/p>\n<p><strong>Nombre<\/strong>: Marti<br \/>\n<strong>A\u00f1o de nacimiento<\/strong>: 2025<br \/>\n<strong>Sexo<\/strong> \u2642<br \/>\n<b>Raza: <\/b>Mestizo<\/p>\n<p>Marti tiene ahora unos 6 meses, fue encontrado con su hermano Marte, ya adoptado, y Marta tambi\u00e9n en adopci\u00f3n. Tuvo que estar aislado m\u00e1s de un mes y medio ya que tuvo parvo, pero es uno luchador, sali\u00f3 adelante \ud83d\udcaa y ahora esta perfectamente y est\u00e1 lleno de energ\u00eda y de amor para repartir, y listo para irse a tu hogar. Ser\u00e1 de tama\u00f1o mediano de adulto (unos 15 kg aproximadamente).<\/p>\n","protected":false},"excerpt":{"rendered":"<p>Marti te esta esperando para compartir todo su amor HISTORIA Nombre: Marti A\u00f1o de nacimiento: 2025 Sexo \u2642 Raza: Mestizo Marti tiene ahora unos 6 meses, fue encontrado con su hermano Marte, ya adoptado, y Marta tambi\u00e9n en adopci\u00f3n. Tuvo que estar aislado m\u00e1s de un mes y medio ya que tuvo parvo, pero es<\/p>\n<p><a href=\"https:\/\/www.refugiocaninotorres.es\/?page_id=1316\" class=\"more-link themebutton\">Leer m\u00e1s<\/a><\/p>\n","protected":false},"author":2,"featured_media":0,"parent":118,"menu_order":0,"comment_status":"closed","ping_status":"closed","template":"","meta":{"footnotes":""},"class_list":["post-1316","page","type-page","status-publish","hentry"],"_links":{"self":[{"href":"https:\/\/www.refugiocaninotorres.es\/index.php?rest_route=\/wp\/v2\/pages\/1316","targetHints":{"allow":["GET"]}}],"collection":[{"href":"https:\/\/www.refugiocaninotorres.es\/index.php?rest_route=\/wp\/v2\/pages"}],"about":[{"href":"https:\/\/www.refugiocaninotorres.es\/index.php?rest_route=\/wp\/v2\/types\/page"}],"author":[{"embeddable":true,"href":"https:\/\/www.refugiocaninotorres.es\/index.php?rest_route=\/wp\/v2\/users\/2"}],"replies":[{"embeddable":true,"href":"https:\/\/www.refugiocaninotorres.es\/index.php?rest_route=%2Fwp%2Fv2%2Fcomments&post=1316"}],"version-history":[{"count":3,"href":"https:\/\/www.refugiocaninotorres.es\/index.php?rest_route=\/wp\/v2\/pages\/1316\/revisions"}],"predecessor-version":[{"id":1325,"href":"https:\/\/www.refugiocaninotorres.es\/index.php?rest_route=\/wp\/v2\/pages\/1316\/revisions\/1325"}],"up":[{"embeddable":true,"href":"https:\/\/www.refugiocaninotorres.es\/index.php?rest_route=\/wp\/v2\/pages\/118"}],"wp:attachment":[{"href":"https:\/\/www.refugiocaninotorres.es\/index.php?rest_route=%2Fwp%2Fv2%2Fmedia&parent=1316"}],"curies":[{"name":"wp","href":"https:\/\/api.w.org\/{rel}","templated":true}]}}