{"id":1299,"date":"2025-10-26T18:32:37","date_gmt":"2025-10-26T18:32:37","guid":{"rendered":"https:\/\/www.refugiocaninotorres.es\/?page_id=1299"},"modified":"2025-10-26T18:32:37","modified_gmt":"2025-10-26T18:32:37","slug":"lino","status":"publish","type":"page","link":"https:\/\/www.refugiocaninotorres.es\/?page_id=1299","title":{"rendered":"Lino"},"content":{"rendered":"<table>\n<tbody>\n<tr>\n<td style=\"text-align: center;\"><img loading=\"lazy\" decoding=\"async\" class=\"alignnone wp-image-1298 size-medium\" src=\"https:\/\/www.refugiocaninotorres.es\/wp-content\/uploads\/2025\/10\/20250621_1656432-225x300.jpg\" alt=\"\" width=\"225\" height=\"300\" srcset=\"https:\/\/www.refugiocaninotorres.es\/wp-content\/uploads\/2025\/10\/20250621_1656432-225x300.jpg 225w, https:\/\/www.refugiocaninotorres.es\/wp-content\/uploads\/2025\/10\/20250621_1656432.jpg 593w\" sizes=\"auto, (max-width: 225px) 100vw, 225px\" \/><\/td>\n<td><img loading=\"lazy\" decoding=\"async\" class=\"alignnone wp-image-1297 size-medium\" src=\"https:\/\/www.refugiocaninotorres.es\/wp-content\/uploads\/2025\/10\/20250621_1657472-225x300.jpg\" alt=\"\" width=\"225\" height=\"300\" srcset=\"https:\/\/www.refugiocaninotorres.es\/wp-content\/uploads\/2025\/10\/20250621_1657472-225x300.jpg 225w, https:\/\/www.refugiocaninotorres.es\/wp-content\/uploads\/2025\/10\/20250621_1657472.jpg 614w\" sizes=\"auto, (max-width: 225px) 100vw, 225px\" \/><\/td>\n<td><img loading=\"lazy\" decoding=\"async\" class=\"alignnone wp-image-1296 size-medium\" src=\"https:\/\/www.refugiocaninotorres.es\/wp-content\/uploads\/2025\/10\/20250621_1708502-225x300.jpg\" alt=\"\" width=\"225\" height=\"300\" srcset=\"https:\/\/www.refugiocaninotorres.es\/wp-content\/uploads\/2025\/10\/20250621_1708502-225x300.jpg 225w, https:\/\/www.refugiocaninotorres.es\/wp-content\/uploads\/2025\/10\/20250621_1708502.jpg 597w\" sizes=\"auto, (max-width: 225px) 100vw, 225px\" \/><\/td>\n<\/tr>\n<\/tbody>\n<\/table>\n<p style=\"text-align: center;\"><span style=\"font-size: 16pt;\"><span style=\"color: #99cc00;\"><span style=\"font-size: 16pt; color: #99cc00;\"><b style=\"color: #99cc00; font-size: 16pt;\">Lino, el grandull\u00f3n de la prote<\/b><\/span><\/span><\/span><\/p>\n<p><span style=\"text-decoration: underline;\"><strong>HISTORIA<\/strong><\/span><\/p>\n<p><strong>Nombre<\/strong>: Lino<br \/>\n<strong>A\u00f1o de nacimiento<\/strong>: 2019<br \/>\n<strong>Sexo<\/strong> \u2642<br \/>\n<b>Raza: <\/b>Mestizo Gran Danes<\/p>\n<p>Lino fue adoptado de cachorro y, despu\u00e9s de unos a\u00f1os, nos enteramos que no viv\u00eda en buenas condiciones, as\u00ed que en mayo de 2024 lo rescatamos junto a otro perro que ya fue adoptado.<\/p>\n<p>Lino es un gran perro en todos los sentidos, con un coraz\u00f3n tan grande que hace que sus 40 kilos parezcan peque\u00f1os.<\/p>\n","protected":false},"excerpt":{"rendered":"<p>Lino, el grandull\u00f3n de la prote HISTORIA Nombre: Lino A\u00f1o de nacimiento: 2019 Sexo \u2642 Raza: Mestizo Gran Danes Lino fue adoptado de cachorro y, despu\u00e9s de unos a\u00f1os, nos enteramos que no viv\u00eda en buenas condiciones, as\u00ed que en mayo de 2024 lo rescatamos junto a otro perro que ya fue adoptado. Lino es<\/p>\n<p><a href=\"https:\/\/www.refugiocaninotorres.es\/?page_id=1299\" class=\"more-link themebutton\">Leer m\u00e1s<\/a><\/p>\n","protected":false},"author":2,"featured_media":0,"parent":114,"menu_order":0,"comment_status":"closed","ping_status":"closed","template":"","meta":{"footnotes":""},"class_list":["post-1299","page","type-page","status-publish","hentry"],"_links":{"self":[{"href":"https:\/\/www.refugiocaninotorres.es\/index.php?rest_route=\/wp\/v2\/pages\/1299","targetHints":{"allow":["GET"]}}],"collection":[{"href":"https:\/\/www.refugiocaninotorres.es\/index.php?rest_route=\/wp\/v2\/pages"}],"about":[{"href":"https:\/\/www.refugiocaninotorres.es\/index.php?rest_route=\/wp\/v2\/types\/page"}],"author":[{"embeddable":true,"href":"https:\/\/www.refugiocaninotorres.es\/index.php?rest_route=\/wp\/v2\/users\/2"}],"replies":[{"embeddable":true,"href":"https:\/\/www.refugiocaninotorres.es\/index.php?rest_route=%2Fwp%2Fv2%2Fcomments&post=1299"}],"version-history":[{"count":1,"href":"https:\/\/www.refugiocaninotorres.es\/index.php?rest_route=\/wp\/v2\/pages\/1299\/revisions"}],"predecessor-version":[{"id":1300,"href":"https:\/\/www.refugiocaninotorres.es\/index.php?rest_route=\/wp\/v2\/pages\/1299\/revisions\/1300"}],"up":[{"embeddable":true,"href":"https:\/\/www.refugiocaninotorres.es\/index.php?rest_route=\/wp\/v2\/pages\/114"}],"wp:attachment":[{"href":"https:\/\/www.refugiocaninotorres.es\/index.php?rest_route=%2Fwp%2Fv2%2Fmedia&parent=1299"}],"curies":[{"name":"wp","href":"https:\/\/api.w.org\/{rel}","templated":true}]}}