{"id":127,"date":"2016-01-30T20:25:54","date_gmt":"2016-01-30T20:25:54","guid":{"rendered":"http:\/\/www.refugiocaninotorres.es\/?page_id=127"},"modified":"2020-09-23T13:08:08","modified_gmt":"2020-09-23T13:08:08","slug":"acogidas","status":"publish","type":"page","link":"https:\/\/www.refugiocaninotorres.es\/?page_id=127","title":{"rendered":"Acogidas"},"content":{"rendered":"<p>&nbsp;<\/p>\n<p><a href=\"https:\/\/www.refugiocaninotorres.es\/acogidas\/\"><img loading=\"lazy\" decoding=\"async\" class=\"aligncenter wp-image-423 \" src=\"https:\/\/www.refugiocaninotorres.es\/wp-content\/uploads\/2016\/01\/984238_10204200233819669_8771543064441819009_n-300x225.jpg\" alt=\"984238_10204200233819669_8771543064441819009_n\" width=\"613\" height=\"460\" srcset=\"https:\/\/www.refugiocaninotorres.es\/wp-content\/uploads\/2016\/01\/984238_10204200233819669_8771543064441819009_n-300x225.jpg 300w, https:\/\/www.refugiocaninotorres.es\/wp-content\/uploads\/2016\/01\/984238_10204200233819669_8771543064441819009_n-768x576.jpg 768w, https:\/\/www.refugiocaninotorres.es\/wp-content\/uploads\/2016\/01\/984238_10204200233819669_8771543064441819009_n.jpg 960w, https:\/\/www.refugiocaninotorres.es\/wp-content\/uploads\/2016\/01\/984238_10204200233819669_8771543064441819009_n-480x360.jpg 480w, https:\/\/www.refugiocaninotorres.es\/wp-content\/uploads\/2016\/01\/984238_10204200233819669_8771543064441819009_n-320x240.jpg 320w, https:\/\/www.refugiocaninotorres.es\/wp-content\/uploads\/2016\/01\/984238_10204200233819669_8771543064441819009_n-240x180.jpg 240w\" sizes=\"auto, (max-width: 613px) 100vw, 613px\" \/><\/a><\/p>\n<p>Hay dos clases de acogidas, las temporales y las permanentes.<\/p>\n<p><b style=\"color: #a7cd2a;\">La acogida temporal<\/b> solamente es para cachorros que por su edad no pueden vivir en el refugio y en casos especiales de perros operados o necesiten recuperaci\u00f3n en una casa.<\/p>\n<p><b style=\"color: #a7cd2a;\">Las acogidas permanentes<\/b> son para perros mayores o enfermos en los que buscamos un hogar para que puedan pasar sus \u00faltimos d\u00edas, rodeados de cari\u00f1o y calor ya que el refugio no es el sitio id\u00f3neo para ellos, por el fri\u00f3 y la humedad que hace.<\/p>\n<p>Tanto las acogidas temporales como permanentes el refugio se hace cargo de todos los gastos veterinarios y de alimentaci\u00f3n.<\/p>\n","protected":false},"excerpt":{"rendered":"<p>&nbsp; Hay dos clases de acogidas, las temporales y las permanentes. La acogida temporal solamente es para cachorros que por su edad no pueden vivir en el refugio y en casos especiales de perros operados o necesiten recuperaci\u00f3n en una casa. Las acogidas permanentes son para perros mayores o enfermos en los que buscamos un<\/p>\n<p><a href=\"https:\/\/www.refugiocaninotorres.es\/?page_id=127\" class=\"more-link themebutton\">Leer m\u00e1s<\/a><\/p>\n","protected":false},"author":1,"featured_media":0,"parent":0,"menu_order":0,"comment_status":"closed","ping_status":"closed","template":"","meta":{"footnotes":""},"class_list":["post-127","page","type-page","status-publish","hentry"],"_links":{"self":[{"href":"https:\/\/www.refugiocaninotorres.es\/index.php?rest_route=\/wp\/v2\/pages\/127","targetHints":{"allow":["GET"]}}],"collection":[{"href":"https:\/\/www.refugiocaninotorres.es\/index.php?rest_route=\/wp\/v2\/pages"}],"about":[{"href":"https:\/\/www.refugiocaninotorres.es\/index.php?rest_route=\/wp\/v2\/types\/page"}],"author":[{"embeddable":true,"href":"https:\/\/www.refugiocaninotorres.es\/index.php?rest_route=\/wp\/v2\/users\/1"}],"replies":[{"embeddable":true,"href":"https:\/\/www.refugiocaninotorres.es\/index.php?rest_route=%2Fwp%2Fv2%2Fcomments&post=127"}],"version-history":[{"count":14,"href":"https:\/\/www.refugiocaninotorres.es\/index.php?rest_route=\/wp\/v2\/pages\/127\/revisions"}],"predecessor-version":[{"id":545,"href":"https:\/\/www.refugiocaninotorres.es\/index.php?rest_route=\/wp\/v2\/pages\/127\/revisions\/545"}],"wp:attachment":[{"href":"https:\/\/www.refugiocaninotorres.es\/index.php?rest_route=%2Fwp%2Fv2%2Fmedia&parent=127"}],"curies":[{"name":"wp","href":"https:\/\/api.w.org\/{rel}","templated":true}]}}