{"id":1255,"date":"2025-08-01T09:28:27","date_gmt":"2025-08-01T09:28:27","guid":{"rendered":"https:\/\/www.refugiocaninotorres.es\/?page_id=1255"},"modified":"2025-08-01T09:28:38","modified_gmt":"2025-08-01T09:28:38","slug":"duki","status":"publish","type":"page","link":"https:\/\/www.refugiocaninotorres.es\/?page_id=1255","title":{"rendered":"Duki"},"content":{"rendered":"<table>\n<tbody>\n<tr>\n<td style=\"text-align: center;\"><img loading=\"lazy\" decoding=\"async\" class=\"alignnone wp-image-1257 size-medium\" src=\"https:\/\/www.refugiocaninotorres.es\/wp-content\/uploads\/2025\/08\/20250621_1649092-240x300.jpg\" alt=\"\" width=\"240\" height=\"300\" srcset=\"https:\/\/www.refugiocaninotorres.es\/wp-content\/uploads\/2025\/08\/20250621_1649092-240x300.jpg 240w, https:\/\/www.refugiocaninotorres.es\/wp-content\/uploads\/2025\/08\/20250621_1649092.jpg 661w\" sizes=\"auto, (max-width: 240px) 100vw, 240px\" \/><\/td>\n<td><img loading=\"lazy\" decoding=\"async\" class=\"alignnone wp-image-1258 size-medium\" src=\"https:\/\/www.refugiocaninotorres.es\/wp-content\/uploads\/2025\/08\/20250621_1648412-238x300.jpg\" alt=\"\" width=\"238\" height=\"300\" srcset=\"https:\/\/www.refugiocaninotorres.es\/wp-content\/uploads\/2025\/08\/20250621_1648412-238x300.jpg 238w, https:\/\/www.refugiocaninotorres.es\/wp-content\/uploads\/2025\/08\/20250621_1648412.jpg 666w\" sizes=\"auto, (max-width: 238px) 100vw, 238px\" \/><\/td>\n<td><img loading=\"lazy\" decoding=\"async\" class=\"alignnone wp-image-1256 size-medium\" src=\"https:\/\/www.refugiocaninotorres.es\/wp-content\/uploads\/2025\/08\/20250621_1650522-240x300.jpg\" alt=\"\" width=\"240\" height=\"300\" srcset=\"https:\/\/www.refugiocaninotorres.es\/wp-content\/uploads\/2025\/08\/20250621_1650522-240x300.jpg 240w, https:\/\/www.refugiocaninotorres.es\/wp-content\/uploads\/2025\/08\/20250621_1650522.jpg 601w\" sizes=\"auto, (max-width: 240px) 100vw, 240px\" \/><\/td>\n<\/tr>\n<\/tbody>\n<\/table>\n<p style=\"text-align: center;\"><span style=\"font-size: 16pt;\"><span style=\"color: #99cc00;\"><span style=\"font-size: 16pt; color: #99cc00;\"><b style=\"color: #99cc00; font-size: 16pt;\">Duki, pon un terremoto juguet\u00f3n en tu vida<\/b><\/span><\/span><\/span><\/p>\n<p><span style=\"text-decoration: underline;\"><strong>HISTORIA<\/strong><\/span><\/p>\n<p><strong>Nombre<\/strong>: Duki<br \/>\n<strong>A\u00f1o de nacimiento<\/strong>: 2025<br \/>\n<strong>Sexo<\/strong> \u2642<br \/>\n<b>Raza: <\/b>Mestizo de Terrier<\/p>\n<p>Duki es un cachorro de unos 6 meses. Entr\u00f3 a la protectora hace 4 porque su familia no pod\u00eda hacerse cargo de \u00e9l. Es muy muy activo e inquieto, juguet\u00f3n, sociable, le encanta pasear, correr y ba\u00f1arse en el r\u00edo. Es un cachorro con energ\u00eda, pero es muy listo y obediente, y adem\u00e1s de tama\u00f1o peque\u00f1o (no supera los 15 kg).<\/p>\n","protected":false},"excerpt":{"rendered":"<p>Duki, pon un terremoto juguet\u00f3n en tu vida HISTORIA Nombre: Duki A\u00f1o de nacimiento: 2025 Sexo \u2642 Raza: Mestizo de Terrier Duki es un cachorro de unos 6 meses. Entr\u00f3 a la protectora hace 4 porque su familia no pod\u00eda hacerse cargo de \u00e9l. Es muy muy activo e inquieto, juguet\u00f3n, sociable, le encanta pasear,<\/p>\n<p><a href=\"https:\/\/www.refugiocaninotorres.es\/?page_id=1255\" class=\"more-link themebutton\">Leer m\u00e1s<\/a><\/p>\n","protected":false},"author":2,"featured_media":0,"parent":114,"menu_order":0,"comment_status":"closed","ping_status":"closed","template":"","meta":{"footnotes":""},"class_list":["post-1255","page","type-page","status-publish","hentry"],"_links":{"self":[{"href":"https:\/\/www.refugiocaninotorres.es\/index.php?rest_route=\/wp\/v2\/pages\/1255","targetHints":{"allow":["GET"]}}],"collection":[{"href":"https:\/\/www.refugiocaninotorres.es\/index.php?rest_route=\/wp\/v2\/pages"}],"about":[{"href":"https:\/\/www.refugiocaninotorres.es\/index.php?rest_route=\/wp\/v2\/types\/page"}],"author":[{"embeddable":true,"href":"https:\/\/www.refugiocaninotorres.es\/index.php?rest_route=\/wp\/v2\/users\/2"}],"replies":[{"embeddable":true,"href":"https:\/\/www.refugiocaninotorres.es\/index.php?rest_route=%2Fwp%2Fv2%2Fcomments&post=1255"}],"version-history":[{"count":1,"href":"https:\/\/www.refugiocaninotorres.es\/index.php?rest_route=\/wp\/v2\/pages\/1255\/revisions"}],"predecessor-version":[{"id":1259,"href":"https:\/\/www.refugiocaninotorres.es\/index.php?rest_route=\/wp\/v2\/pages\/1255\/revisions\/1259"}],"up":[{"embeddable":true,"href":"https:\/\/www.refugiocaninotorres.es\/index.php?rest_route=\/wp\/v2\/pages\/114"}],"wp:attachment":[{"href":"https:\/\/www.refugiocaninotorres.es\/index.php?rest_route=%2Fwp%2Fv2%2Fmedia&parent=1255"}],"curies":[{"name":"wp","href":"https:\/\/api.w.org\/{rel}","templated":true}]}}