{"id":1248,"date":"2025-06-23T09:54:56","date_gmt":"2025-06-23T09:54:56","guid":{"rendered":"https:\/\/www.refugiocaninotorres.es\/?page_id=1248"},"modified":"2025-08-01T10:37:06","modified_gmt":"2025-08-01T10:37:06","slug":"flipy","status":"publish","type":"page","link":"https:\/\/www.refugiocaninotorres.es\/?page_id=1248","title":{"rendered":"FLIPY"},"content":{"rendered":"<table>\n<tbody>\n<tr>\n<td style=\"text-align: center;\"><img loading=\"lazy\" decoding=\"async\" class=\"alignnone size-medium wp-image-1287\" src=\"https:\/\/www.refugiocaninotorres.es\/wp-content\/uploads\/2025\/08\/20250621_1649282-240x300.jpg\" alt=\"\" width=\"240\" height=\"300\" srcset=\"https:\/\/www.refugiocaninotorres.es\/wp-content\/uploads\/2025\/08\/20250621_1649282-240x300.jpg 240w, https:\/\/www.refugiocaninotorres.es\/wp-content\/uploads\/2025\/08\/20250621_1649282.jpg 645w\" sizes=\"auto, (max-width: 240px) 100vw, 240px\" \/><\/td>\n<td><img loading=\"lazy\" decoding=\"async\" class=\"alignnone size-medium wp-image-1286\" src=\"https:\/\/www.refugiocaninotorres.es\/wp-content\/uploads\/2025\/08\/20250621_1651572-214x300.jpg\" alt=\"\" width=\"214\" height=\"300\" srcset=\"https:\/\/www.refugiocaninotorres.es\/wp-content\/uploads\/2025\/08\/20250621_1651572-214x300.jpg 214w, https:\/\/www.refugiocaninotorres.es\/wp-content\/uploads\/2025\/08\/20250621_1651572.jpg 387w\" sizes=\"auto, (max-width: 214px) 100vw, 214px\" \/><\/td>\n<td><img loading=\"lazy\" decoding=\"async\" class=\"alignnone size-medium wp-image-1285\" src=\"https:\/\/www.refugiocaninotorres.es\/wp-content\/uploads\/2025\/08\/20250621_1653332-240x300.jpg\" alt=\"\" width=\"240\" height=\"300\" srcset=\"https:\/\/www.refugiocaninotorres.es\/wp-content\/uploads\/2025\/08\/20250621_1653332-240x300.jpg 240w, https:\/\/www.refugiocaninotorres.es\/wp-content\/uploads\/2025\/08\/20250621_1653332.jpg 723w\" sizes=\"auto, (max-width: 240px) 100vw, 240px\" \/><\/td>\n<\/tr>\n<\/tbody>\n<\/table>\n<p style=\"text-align: center;\"><span style=\"font-size: 16pt;\"><span style=\"color: #99cc00;\"><span style=\"font-size: 16pt; color: #99cc00;\"><b style=\"color: #99cc00; font-size: 16pt;\">Flipy, un compa\u00f1ero perfecto<\/b><\/span><\/span><\/span><\/p>\n<p><span style=\"text-decoration: underline;\"><strong>HISTORIA<\/strong><\/span><\/p>\n<p><strong>Nombre<\/strong>: Flipy<br \/>\n<strong>A\u00f1o de nacimiento<\/strong>: 2024<br \/>\n<strong>Sexo<\/strong> \u2642<br \/>\n<b>Raza: <\/b>Mestizo de border collie<\/p>\n<p>Flipy es un cachorro de border collie de unos 10 meses, y s\u00ed, las fotos hablan por s\u00ed solas, es un perrete precioso lo que hace que atraiga muchos interesados, pero no es un perro para cualquiera.<br \/>\nLos border collies de por s\u00ed son perros que conllevan mucho trabajo, tienen mucha energ\u00eda f\u00edsica y mental, y si no haces que la quemen de la manera adecuada puede tener consecuencias negativas&#8230; Son unos cracks, pero con educaci\u00f3n y refuerzo positivo. Aparte de eso, Flipy nunca ha tenido l\u00edmites, as\u00ed que es un perro que tiene ciertos problemas, se lanza a por veh\u00edculos y tiene ansiedad por recurso. Tambi\u00e9n tiene cosas muy positivas, sabe estar solo, es muy sociable con todos los perros y vincula r\u00e1pido. Es un perro muy listo con mucho potencial pero su adoptante debe ser alguien con experiencia en perros de este tipo, \u00bfpreparado para dar a Flipy la vida que necesita?.<\/p>\n","protected":false},"excerpt":{"rendered":"<p>Flipy, un compa\u00f1ero perfecto HISTORIA Nombre: Flipy A\u00f1o de nacimiento: 2024 Sexo \u2642 Raza: Mestizo de border collie Flipy es un cachorro de border collie de unos 10 meses, y s\u00ed, las fotos hablan por s\u00ed solas, es un perrete precioso lo que hace que atraiga muchos interesados, pero no es un perro para cualquiera.<\/p>\n<p><a href=\"https:\/\/www.refugiocaninotorres.es\/?page_id=1248\" class=\"more-link themebutton\">Leer m\u00e1s<\/a><\/p>\n","protected":false},"author":2,"featured_media":0,"parent":114,"menu_order":0,"comment_status":"closed","ping_status":"closed","template":"","meta":{"footnotes":""},"class_list":["post-1248","page","type-page","status-publish","hentry"],"_links":{"self":[{"href":"https:\/\/www.refugiocaninotorres.es\/index.php?rest_route=\/wp\/v2\/pages\/1248","targetHints":{"allow":["GET"]}}],"collection":[{"href":"https:\/\/www.refugiocaninotorres.es\/index.php?rest_route=\/wp\/v2\/pages"}],"about":[{"href":"https:\/\/www.refugiocaninotorres.es\/index.php?rest_route=\/wp\/v2\/types\/page"}],"author":[{"embeddable":true,"href":"https:\/\/www.refugiocaninotorres.es\/index.php?rest_route=\/wp\/v2\/users\/2"}],"replies":[{"embeddable":true,"href":"https:\/\/www.refugiocaninotorres.es\/index.php?rest_route=%2Fwp%2Fv2%2Fcomments&post=1248"}],"version-history":[{"count":2,"href":"https:\/\/www.refugiocaninotorres.es\/index.php?rest_route=\/wp\/v2\/pages\/1248\/revisions"}],"predecessor-version":[{"id":1288,"href":"https:\/\/www.refugiocaninotorres.es\/index.php?rest_route=\/wp\/v2\/pages\/1248\/revisions\/1288"}],"up":[{"embeddable":true,"href":"https:\/\/www.refugiocaninotorres.es\/index.php?rest_route=\/wp\/v2\/pages\/114"}],"wp:attachment":[{"href":"https:\/\/www.refugiocaninotorres.es\/index.php?rest_route=%2Fwp%2Fv2%2Fmedia&parent=1248"}],"curies":[{"name":"wp","href":"https:\/\/api.w.org\/{rel}","templated":true}]}}