{"id":120,"date":"2016-01-30T20:24:55","date_gmt":"2016-01-30T20:24:55","guid":{"rendered":"http:\/\/www.refugiocaninotorres.es\/?page_id=120"},"modified":"2016-02-02T21:00:35","modified_gmt":"2016-02-02T21:00:35","slug":"como-adoptar","status":"publish","type":"page","link":"https:\/\/www.refugiocaninotorres.es\/?page_id=120","title":{"rendered":"Como Adoptar"},"content":{"rendered":"<table style=\"border: inset 0pt;\">\n<tr>\n<td style=\"border: inset 0pt;\">\n<img loading=\"lazy\" decoding=\"async\" src=\"https:\/\/www.refugiocaninotorres.es\/wp-content\/uploads\/2016\/02\/11.png\" alt=\"Sin nombre\" width=\"120\" height=\"120\" class=\"alignnone size-full wp-image-176\" \/>\n<\/td>\n<td style=\"border: inset 0pt;\">\n<img loading=\"lazy\" decoding=\"async\" src=\"https:\/\/www.refugiocaninotorres.es\/wp-content\/uploads\/2016\/02\/22.png\" alt=\"Sin nombre1\" width=\"120\" height=\"120\" class=\"alignnone size-medium wp-image-177\" \/>\n<\/td>\n<td style=\"border: inset 0pt;\">\n<img loading=\"lazy\" decoding=\"async\" src=\"https:\/\/www.refugiocaninotorres.es\/wp-content\/uploads\/2016\/02\/33.png\" alt=\"Sin nombre2\" width=\"120\" height=\"120\" class=\"alignnone size-medium wp-image-178\" \/>\n<\/td>\n<\/tr>\n<tr>\n<td style=\"border: inset 0pt;\">\n<b style=\"color:#a7cd2a\">1. SOLICITAR CITA PREVIA<\/b> en el tel\u00e9fono de adopciones (650 537 300). Ser\u00e1 atendido por un responsable del \u201cEquipo de Adopciones\u201d el cual le har\u00e1 una entrevista para valorar su idoneidad como adoptante y trazar un perfil para poder asignarle el perro adecuado para que exista mayor compatibilidad entre ambos: Tambi\u00e9n se le explicar\u00e1n las condiciones de adopci\u00f3n y los tr\u00e1mites correspondientes para poder adoptar un perro en nuestro Refugio.<\/p>\n<p><a href=\"https:\/\/www.facebook.com\/refugiocaninotorres\" rel=\"attachment wp-att-185\"><img loading=\"lazy\" decoding=\"async\" src=\"https:\/\/www.refugiocaninotorres.es\/wp-content\/uploads\/2016\/01\/facebook.jpg\" alt=\"facebook\" width=\"113\" height=\"41\" class=\"alignnone size-full wp-image-185\" \/><\/a><\/p>\n<\/td>\n<td style=\"border: inset 0pt;\">\n<b style=\"color:#a7cd2a\">2. CITA EN LA PROTECTORA.<\/b> En este encuentro el Equipo de Adopciones, har\u00e1 una selecci\u00f3n previa y le mostrar\u00e1 los distintos perros que se adaptan a su perfil, a continuaci\u00f3n le har\u00e1n una entrevista m\u00e1s profunda, en la que se decidir\u00e1 definitivamente si usted es id\u00f3neo como adoptante: Si todo es correcto, y en la mayor\u00eda de los casos lo es, se proceder\u00e1 a la firma del CONTRATO de adopciones en el que se compromete a cumplir una serie de condiciones (ver contrato pdf). Una vez firmado el CONTRATO de adopci\u00f3n, volver\u00e1 a casa con un nuevo miembro en su familia.<\/p>\n<p><img loading=\"lazy\" decoding=\"async\" src=\"https:\/\/www.refugiocaninotorres.es\/wp-content\/uploads\/2016\/01\/12308373_721444477956795_5180389533970318467_n.jpg\" alt=\"12308373_721444477956795_5180389533970318467_n\" width=\"188\" height=\"251\" class=\"alignnone size-medium wp-image-182\" \/><\/p>\n<\/td>\n<td style=\"border: inset 0pt;\">\n<b style=\"color:#a7cd2a\">3. SEGUIMIENTO POST ADOPCI\u00d3N.<\/b> Una condici\u00f3n importante a la hora de adoptar un perro en nuestro Refugio es aceptar, semanas despu\u00e9s de formalizar la adopci\u00f3n, la visita en su hogar, de un miembro del \u201cEquipo de Seguimientos\u201d. La adopci\u00f3n no quedar\u00e1 formalizada legalmente hasta que no visitemos su vivienda y comprobemos que todo lo estipulado en el contrato se esta cumpliendo y que el perro disfruta y convive en su nuevo hogar con las condiciones pactadas. En el 98% de los casos, los perros adoptados son felices y muy queridos por sus nuevas familias.<\/p>\n<p><img loading=\"lazy\" decoding=\"async\" src=\"https:\/\/www.refugiocaninotorres.es\/wp-content\/uploads\/2016\/01\/1382090_431196786981567_355812632_n.jpg\" alt=\"1382090_431196786981567_355812632_n\" width=\"251\" height=\"251\" class=\"alignnone size-full wp-image-181\" srcset=\"https:\/\/www.refugiocaninotorres.es\/wp-content\/uploads\/2016\/01\/1382090_431196786981567_355812632_n.jpg 251w, https:\/\/www.refugiocaninotorres.es\/wp-content\/uploads\/2016\/01\/1382090_431196786981567_355812632_n-150x150.jpg 150w, https:\/\/www.refugiocaninotorres.es\/wp-content\/uploads\/2016\/01\/1382090_431196786981567_355812632_n-240x240.jpg 240w\" sizes=\"auto, (max-width: 251px) 100vw, 251px\" \/>\n<\/td>\n<\/tr>\n<\/table>\n","protected":false},"excerpt":{"rendered":"<p>1. SOLICITAR CITA PREVIA en el tel\u00e9fono de adopciones (650 537 300). Ser\u00e1 atendido por un responsable del \u201cEquipo de Adopciones\u201d el cual le har\u00e1 una entrevista para valorar su idoneidad como adoptante y trazar un perfil para poder asignarle el perro adecuado para que exista mayor compatibilidad entre ambos: Tambi\u00e9n se le explicar\u00e1n las<\/p>\n<p><a href=\"https:\/\/www.refugiocaninotorres.es\/?page_id=120\" class=\"more-link themebutton\">Leer m\u00e1s<\/a><\/p>\n","protected":false},"author":1,"featured_media":0,"parent":0,"menu_order":0,"comment_status":"closed","ping_status":"closed","template":"","meta":{"footnotes":""},"class_list":["post-120","page","type-page","status-publish","hentry"],"_links":{"self":[{"href":"https:\/\/www.refugiocaninotorres.es\/index.php?rest_route=\/wp\/v2\/pages\/120","targetHints":{"allow":["GET"]}}],"collection":[{"href":"https:\/\/www.refugiocaninotorres.es\/index.php?rest_route=\/wp\/v2\/pages"}],"about":[{"href":"https:\/\/www.refugiocaninotorres.es\/index.php?rest_route=\/wp\/v2\/types\/page"}],"author":[{"embeddable":true,"href":"https:\/\/www.refugiocaninotorres.es\/index.php?rest_route=\/wp\/v2\/users\/1"}],"replies":[{"embeddable":true,"href":"https:\/\/www.refugiocaninotorres.es\/index.php?rest_route=%2Fwp%2Fv2%2Fcomments&post=120"}],"version-history":[{"count":21,"href":"https:\/\/www.refugiocaninotorres.es\/index.php?rest_route=\/wp\/v2\/pages\/120\/revisions"}],"predecessor-version":[{"id":368,"href":"https:\/\/www.refugiocaninotorres.es\/index.php?rest_route=\/wp\/v2\/pages\/120\/revisions\/368"}],"wp:attachment":[{"href":"https:\/\/www.refugiocaninotorres.es\/index.php?rest_route=%2Fwp%2Fv2%2Fmedia&parent=120"}],"curies":[{"name":"wp","href":"https:\/\/api.w.org\/{rel}","templated":true}]}}