{"id":1184,"date":"2024-10-13T16:57:33","date_gmt":"2024-10-13T16:57:33","guid":{"rendered":"https:\/\/www.refugiocaninotorres.es\/?page_id=1184"},"modified":"2025-08-01T09:44:29","modified_gmt":"2025-08-01T09:44:29","slug":"kenya","status":"publish","type":"page","link":"https:\/\/www.refugiocaninotorres.es\/?page_id=1184","title":{"rendered":"Kenya"},"content":{"rendered":"<table>\n<tbody>\n<tr>\n<td style=\"text-align: center;\"><img loading=\"lazy\" decoding=\"async\" class=\"alignnone wp-image-1187 size-medium\" src=\"https:\/\/www.refugiocaninotorres.es\/wp-content\/uploads\/2024\/10\/20240622_193357-scaled-e1728838539410-221x300.jpg\" alt=\"\" width=\"221\" height=\"300\" srcset=\"https:\/\/www.refugiocaninotorres.es\/wp-content\/uploads\/2024\/10\/20240622_193357-scaled-e1728838539410-221x300.jpg 221w, https:\/\/www.refugiocaninotorres.es\/wp-content\/uploads\/2024\/10\/20240622_193357-scaled-e1728838539410-756x1024.jpg 756w, https:\/\/www.refugiocaninotorres.es\/wp-content\/uploads\/2024\/10\/20240622_193357-scaled-e1728838539410-768x1040.jpg 768w, https:\/\/www.refugiocaninotorres.es\/wp-content\/uploads\/2024\/10\/20240622_193357-scaled-e1728838539410-1134x1536.jpg 1134w, https:\/\/www.refugiocaninotorres.es\/wp-content\/uploads\/2024\/10\/20240622_193357-scaled-e1728838539410.jpg 1181w\" sizes=\"auto, (max-width: 221px) 100vw, 221px\" \/><\/td>\n<td><img loading=\"lazy\" decoding=\"async\" class=\"alignnone wp-image-1186 size-medium\" src=\"https:\/\/www.refugiocaninotorres.es\/wp-content\/uploads\/2024\/10\/20240706_171226-scaled-e1728838573739-188x300.jpg\" alt=\"\" width=\"188\" height=\"300\" srcset=\"https:\/\/www.refugiocaninotorres.es\/wp-content\/uploads\/2024\/10\/20240706_171226-scaled-e1728838573739-188x300.jpg 188w, https:\/\/www.refugiocaninotorres.es\/wp-content\/uploads\/2024\/10\/20240706_171226-scaled-e1728838573739-642x1024.jpg 642w, https:\/\/www.refugiocaninotorres.es\/wp-content\/uploads\/2024\/10\/20240706_171226-scaled-e1728838573739-768x1226.jpg 768w, https:\/\/www.refugiocaninotorres.es\/wp-content\/uploads\/2024\/10\/20240706_171226-scaled-e1728838573739-962x1536.jpg 962w, https:\/\/www.refugiocaninotorres.es\/wp-content\/uploads\/2024\/10\/20240706_171226-scaled-e1728838573739.jpg 1181w\" sizes=\"auto, (max-width: 188px) 100vw, 188px\" \/><\/td>\n<td><img loading=\"lazy\" decoding=\"async\" class=\"alignnone wp-image-1185 size-medium\" src=\"https:\/\/www.refugiocaninotorres.es\/wp-content\/uploads\/2024\/10\/20240706_171545-scaled-e1728838604921-198x300.jpg\" alt=\"\" width=\"198\" height=\"300\" srcset=\"https:\/\/www.refugiocaninotorres.es\/wp-content\/uploads\/2024\/10\/20240706_171545-scaled-e1728838604921-198x300.jpg 198w, https:\/\/www.refugiocaninotorres.es\/wp-content\/uploads\/2024\/10\/20240706_171545-scaled-e1728838604921-677x1024.jpg 677w, https:\/\/www.refugiocaninotorres.es\/wp-content\/uploads\/2024\/10\/20240706_171545-scaled-e1728838604921-768x1162.jpg 768w, https:\/\/www.refugiocaninotorres.es\/wp-content\/uploads\/2024\/10\/20240706_171545-scaled-e1728838604921-1015x1536.jpg 1015w, https:\/\/www.refugiocaninotorres.es\/wp-content\/uploads\/2024\/10\/20240706_171545-scaled-e1728838604921.jpg 1181w\" sizes=\"auto, (max-width: 198px) 100vw, 198px\" \/><\/td>\n<\/tr>\n<\/tbody>\n<\/table>\n<p style=\"text-align: center;\"><span style=\"font-size: 16pt;\"><strong><span style=\"color: #99cc00;\">\u00bfQuieres adoptar a lo mas dulce de la prote?<\/span><\/strong><\/span><\/p>\n<p><span style=\"text-decoration: underline;\"><strong>HISTORIA<\/strong><\/span><\/p>\n<p><strong>Nombre<\/strong>: Kenya<br \/>\n<strong>A\u00f1o de nacimiento<\/strong>: 2022<br \/>\n<strong>Sexo<\/strong> \u2640<br \/>\n<strong>Raza: <\/strong>Mestiza de Mast\u00edn<\/p>\n<p>Kenya es una mestiza de mast\u00edn de casi 2 a\u00f1os. Apareci\u00f3 abandonada en Li\u00e9rganes. Kenya es un cacho pan con las personas, deseando que la hagan caso, te da con la pata para que la acaricies y cuando lo haces se tumba panza arriba. Pasea s\u00faper bien con correa, va a tu lado y pendiente de ti. Y con otros perros se lleva bien siempre que no la agobien mucho, le gusta jugar con los que ya conoce, pero enseguida se cansa y se tumba a tomar el sol. Si la agobian mucho, gru\u00f1e para avisar de que le dejen su espacio. Como buena mastina es m\u00e1s bien tranquila y calmada, y seguramente en una casa se portar\u00eda genial, ya que en la protectora lo hace.<\/p>\n","protected":false},"excerpt":{"rendered":"<p>\u00bfQuieres adoptar a lo mas dulce de la prote? HISTORIA Nombre: Kenya A\u00f1o de nacimiento: 2022 Sexo \u2640 Raza: Mestiza de Mast\u00edn Kenya es una mestiza de mast\u00edn de casi 2 a\u00f1os. Apareci\u00f3 abandonada en Li\u00e9rganes. Kenya es un cacho pan con las personas, deseando que la hagan caso, te da con la pata para<\/p>\n<p><a href=\"https:\/\/www.refugiocaninotorres.es\/?page_id=1184\" class=\"more-link themebutton\">Leer m\u00e1s<\/a><\/p>\n","protected":false},"author":2,"featured_media":0,"parent":13,"menu_order":0,"comment_status":"closed","ping_status":"closed","template":"","meta":{"footnotes":""},"class_list":["post-1184","page","type-page","status-publish","hentry"],"_links":{"self":[{"href":"https:\/\/www.refugiocaninotorres.es\/index.php?rest_route=\/wp\/v2\/pages\/1184","targetHints":{"allow":["GET"]}}],"collection":[{"href":"https:\/\/www.refugiocaninotorres.es\/index.php?rest_route=\/wp\/v2\/pages"}],"about":[{"href":"https:\/\/www.refugiocaninotorres.es\/index.php?rest_route=\/wp\/v2\/types\/page"}],"author":[{"embeddable":true,"href":"https:\/\/www.refugiocaninotorres.es\/index.php?rest_route=\/wp\/v2\/users\/2"}],"replies":[{"embeddable":true,"href":"https:\/\/www.refugiocaninotorres.es\/index.php?rest_route=%2Fwp%2Fv2%2Fcomments&post=1184"}],"version-history":[{"count":1,"href":"https:\/\/www.refugiocaninotorres.es\/index.php?rest_route=\/wp\/v2\/pages\/1184\/revisions"}],"predecessor-version":[{"id":1188,"href":"https:\/\/www.refugiocaninotorres.es\/index.php?rest_route=\/wp\/v2\/pages\/1184\/revisions\/1188"}],"up":[{"embeddable":true,"href":"https:\/\/www.refugiocaninotorres.es\/index.php?rest_route=\/wp\/v2\/pages\/13"}],"wp:attachment":[{"href":"https:\/\/www.refugiocaninotorres.es\/index.php?rest_route=%2Fwp%2Fv2%2Fmedia&parent=1184"}],"curies":[{"name":"wp","href":"https:\/\/api.w.org\/{rel}","templated":true}]}}