{"id":1163,"date":"2024-04-23T14:44:26","date_gmt":"2024-04-23T14:44:26","guid":{"rendered":"https:\/\/www.refugiocaninotorres.es\/?page_id=1163"},"modified":"2025-08-01T09:44:29","modified_gmt":"2025-08-01T09:44:29","slug":"nera-4","status":"publish","type":"page","link":"https:\/\/www.refugiocaninotorres.es\/?page_id=1163","title":{"rendered":"Nera"},"content":{"rendered":"<table>\n<tbody>\n<tr>\n<td style=\"text-align: center;\"><img loading=\"lazy\" decoding=\"async\" class=\"alignnone wp-image-1158 size-medium\" src=\"https:\/\/www.refugiocaninotorres.es\/wp-content\/uploads\/2024\/04\/Nera-3-138x300.jpg\" alt=\"\" width=\"138\" height=\"300\" srcset=\"https:\/\/www.refugiocaninotorres.es\/wp-content\/uploads\/2024\/04\/Nera-3-138x300.jpg 138w, https:\/\/www.refugiocaninotorres.es\/wp-content\/uploads\/2024\/04\/Nera-3-471x1024.jpg 471w, https:\/\/www.refugiocaninotorres.es\/wp-content\/uploads\/2024\/04\/Nera-3-768x1670.jpg 768w, https:\/\/www.refugiocaninotorres.es\/wp-content\/uploads\/2024\/04\/Nera-3-707x1536.jpg 707w, https:\/\/www.refugiocaninotorres.es\/wp-content\/uploads\/2024\/04\/Nera-3-942x2048.jpg 942w, https:\/\/www.refugiocaninotorres.es\/wp-content\/uploads\/2024\/04\/Nera-3-scaled.jpg 1178w\" sizes=\"auto, (max-width: 138px) 100vw, 138px\" \/><\/td>\n<td><img loading=\"lazy\" decoding=\"async\" class=\"alignnone wp-image-1159 size-medium\" src=\"https:\/\/www.refugiocaninotorres.es\/wp-content\/uploads\/2024\/04\/Nera-300x139.jpg\" alt=\"\" width=\"300\" height=\"139\" srcset=\"https:\/\/www.refugiocaninotorres.es\/wp-content\/uploads\/2024\/04\/Nera-300x139.jpg 300w, https:\/\/www.refugiocaninotorres.es\/wp-content\/uploads\/2024\/04\/Nera-1024x473.jpg 1024w, https:\/\/www.refugiocaninotorres.es\/wp-content\/uploads\/2024\/04\/Nera-768x355.jpg 768w, https:\/\/www.refugiocaninotorres.es\/wp-content\/uploads\/2024\/04\/Nera-1536x710.jpg 1536w, https:\/\/www.refugiocaninotorres.es\/wp-content\/uploads\/2024\/04\/Nera-2048x946.jpg 2048w\" sizes=\"auto, (max-width: 300px) 100vw, 300px\" \/><\/td>\n<td><img loading=\"lazy\" decoding=\"async\" class=\"alignnone wp-image-1157 size-medium\" src=\"https:\/\/www.refugiocaninotorres.es\/wp-content\/uploads\/2024\/04\/Nera-2-300x139.jpg\" alt=\"\" width=\"300\" height=\"139\" srcset=\"https:\/\/www.refugiocaninotorres.es\/wp-content\/uploads\/2024\/04\/Nera-2-300x139.jpg 300w, https:\/\/www.refugiocaninotorres.es\/wp-content\/uploads\/2024\/04\/Nera-2-1024x473.jpg 1024w, https:\/\/www.refugiocaninotorres.es\/wp-content\/uploads\/2024\/04\/Nera-2-768x355.jpg 768w, https:\/\/www.refugiocaninotorres.es\/wp-content\/uploads\/2024\/04\/Nera-2-1536x710.jpg 1536w, https:\/\/www.refugiocaninotorres.es\/wp-content\/uploads\/2024\/04\/Nera-2-2048x946.jpg 2048w\" sizes=\"auto, (max-width: 300px) 100vw, 300px\" \/><\/td>\n<\/tr>\n<\/tbody>\n<\/table>\n<p style=\"text-align: center;\"><span style=\"font-size: 16pt;\"><strong><span style=\"color: #99cc00;\">Nera necesita un poco de tiempo para ser perfecta<\/span><\/strong><\/span><\/p>\n<p><span style=\"text-decoration: underline;\"><strong>HISTORIA<\/strong><\/span><\/p>\n<p><strong>Nombre<\/strong>: Nera<br \/>\n<strong>A\u00f1o de nacimiento<\/strong>: 2022<br \/>\n<strong>Sexo<\/strong> \u2640<br \/>\n<strong>Raza: <\/strong>Mestiza<\/p>\n<p>Sabemos que Nera fue una perra maltratada de cachorra, viv\u00eda encerrada y probablemente la pegaban. Todo eso hizo que creciese como una perra insegura, unido a mucha actividad mal dirigida despu\u00e9s (usar pelotas y palos para cansarla, y s\u00f3lo conseguir hiperestimularla negativamente) y a no poner l\u00edmites.<br \/>\nNera es sociable con otros perros y es cari\u00f1osa con personas. Es obediente, pero necesita limites, amor y seguridad. Sus problemas comienzan cuando coge confianza en un hogar, ya que su miedo y inseguridad la obligan a \u00abproteger\u00bb a su familia, y morder a lo que se acerque a ellos.<br \/>\nSabemos que es una conducta totalmente trabajable en un educador, pero quien la adopte debe comprometerse a trabajarlo. No nos podemos arriesgar a que salga mal de nuevo porque la gente no es consciente de lo que adopta&#8230;<br \/>\nOjal\u00e1 llegue la definitiva, Nera.<\/p>\n","protected":false},"excerpt":{"rendered":"<p>Nera necesita un poco de tiempo para ser perfecta HISTORIA Nombre: Nera A\u00f1o de nacimiento: 2022 Sexo \u2640 Raza: Mestiza Sabemos que Nera fue una perra maltratada de cachorra, viv\u00eda encerrada y probablemente la pegaban. Todo eso hizo que creciese como una perra insegura, unido a mucha actividad mal dirigida despu\u00e9s (usar pelotas y palos<\/p>\n<p><a href=\"https:\/\/www.refugiocaninotorres.es\/?page_id=1163\" class=\"more-link themebutton\">Leer m\u00e1s<\/a><\/p>\n","protected":false},"author":2,"featured_media":0,"parent":13,"menu_order":0,"comment_status":"closed","ping_status":"closed","template":"","meta":{"footnotes":""},"class_list":["post-1163","page","type-page","status-publish","hentry"],"_links":{"self":[{"href":"https:\/\/www.refugiocaninotorres.es\/index.php?rest_route=\/wp\/v2\/pages\/1163","targetHints":{"allow":["GET"]}}],"collection":[{"href":"https:\/\/www.refugiocaninotorres.es\/index.php?rest_route=\/wp\/v2\/pages"}],"about":[{"href":"https:\/\/www.refugiocaninotorres.es\/index.php?rest_route=\/wp\/v2\/types\/page"}],"author":[{"embeddable":true,"href":"https:\/\/www.refugiocaninotorres.es\/index.php?rest_route=\/wp\/v2\/users\/2"}],"replies":[{"embeddable":true,"href":"https:\/\/www.refugiocaninotorres.es\/index.php?rest_route=%2Fwp%2Fv2%2Fcomments&post=1163"}],"version-history":[{"count":1,"href":"https:\/\/www.refugiocaninotorres.es\/index.php?rest_route=\/wp\/v2\/pages\/1163\/revisions"}],"predecessor-version":[{"id":1164,"href":"https:\/\/www.refugiocaninotorres.es\/index.php?rest_route=\/wp\/v2\/pages\/1163\/revisions\/1164"}],"up":[{"embeddable":true,"href":"https:\/\/www.refugiocaninotorres.es\/index.php?rest_route=\/wp\/v2\/pages\/13"}],"wp:attachment":[{"href":"https:\/\/www.refugiocaninotorres.es\/index.php?rest_route=%2Fwp%2Fv2%2Fmedia&parent=1163"}],"curies":[{"name":"wp","href":"https:\/\/api.w.org\/{rel}","templated":true}]}}